{"id":4891,"date":"2020-10-14T17:54:13","date_gmt":"2020-10-14T17:54:13","guid":{"rendered":"https:\/\/www.gessteel.com\/implantacao\/"},"modified":"2026-03-17T12:11:47","modified_gmt":"2026-03-17T12:11:47","slug":"implantacao","status":"publish","type":"page","link":"https:\/\/www.gessteel.com\/br\/implantacao\/","title":{"rendered":"Implanta\u00e7\u00e3o"},"content":{"rendered":"<section class=\"section gs-content-solutions text-normal section-text-no-shadow section-inner-no-shadow section-normal section-opaque\"  >\r\n    \r\n    <div class=\"background-overlay grid-overlay-0 \" style=\"background-color: rgba(0,0,0,0);\"><\/div>\r\n\r\n    <div class=\"container container-vertical-default\">\r\n        <div class=\"row vertical-default\">\r\n            <div class=\"col-md-12     text-left small-screen-default\"  ><h2 class=\"text-center orange-text title-solutions element-top-20 element-bottom-20 text-normal bigger default\" data-os-animation=\"none\" data-os-animation-delay=\"0s\" >\r\n    EXPERIENCIA EN M\u00c1S DE 200 IMPLEMENTACIONES    \r\n<\/h2>\r\n<div class=\"row \"><div class=\"col-md-6     text-default small-screen-default\"  ><div class=\"col-text-1 text-normal text-intermig gs-text-weight element-top-20 element-bottom-20\" data-os-animation=\"none\" data-os-animation-delay=\"0s\">\r\n    <p>Somos <strong>especialistas<\/strong> en implementaciones de <strong>StruMIS<\/strong> y digitalizaci\u00f3n en talleres de estructura met\u00e1lica.<\/p>\n<p><strong>\u00bfC\u00f3mo elegir la soluci\u00f3n a implementar?<\/strong><\/p>\n<p>El aspecto m\u00e1s <strong>crucial<\/strong> y\u00a0 al que no siempre se les presta la atenci\u00f3n debida, es la <strong>implementaci\u00f3n.<\/strong> Para asegurar una implementaci\u00f3n, son imprescindibles dos partes principales: <strong>Experiencia y Metodolog\u00eda.<\/strong><\/p>\n<\/div>\r\n<div class=\"divider-wrapper \" style=\"visibility:hidden;background-color:#FFFFFF\">\r\n    <div class=\"visible-xs\" style=\"height:20px;\"><\/div>\r\n    <div class=\"visible-sm\" style=\"height:20px;\"><\/div>\r\n    <div class=\"visible-md\" style=\"height:20px;\"><\/div>\r\n    <div class=\"visible-lg\" style=\"height:20px;\"><\/div>\r\n<\/div>[vc_btn title=&#8221;CASOS DE \u00c9XITO&#8221; color=&#8221;warning&#8221; size=&#8221;sm&#8221; align=&#8221;center&#8221; link=&#8221;url:https%3A%2F%2Fwww.gessteel.com%2Freferencias%2F|target:_blank|&#8221; el_class=&#8221;gs-botton-simple botton-academia&#8221;]<\/div><div class=\"col-md-6     text-default small-screen-default\"  ><div class=\"figure element-top-20 element-bottom-20  \" data-os-animation=\"none\" data-os-animation-delay=\"0s\">\r\n            <a href=\"https:\/\/www.gessteel.com\/wp-content\/uploads\/2022\/03\/strumis.png\" class=\"figure-image magnific\" target=\"_self\">\r\n        <img loading=\"lazy\" decoding=\"async\" width=\"800\" height=\"468\" src=\"https:\/\/www.gessteel.com\/wp-content\/uploads\/2022\/03\/strumis.png\" class=\"attachment-full size-full\" alt=\"\" srcset=\"https:\/\/www.gessteel.com\/wp-content\/uploads\/2022\/03\/strumis.png 800w, https:\/\/www.gessteel.com\/wp-content\/uploads\/2022\/03\/strumis-300x176.png 300w, https:\/\/www.gessteel.com\/wp-content\/uploads\/2022\/03\/strumis-768x449.png 768w\" sizes=\"auto, (max-width: 800px) 100vw, 800px\" \/>            <\/a>\r\n    <\/div>\r\n<\/div><\/div><\/div>        <\/div>\r\n    <\/div>\r\n<\/section>\r\n<section class=\"section  text-normal section-text-no-shadow section-inner-no-shadow section-normal section-opaque\"  >\r\n    \r\n    <div class=\"background-overlay grid-overlay-0 \" style=\"background-color: rgba(237,115,32,1);\"><\/div>\r\n\r\n    <div class=\"container container-vertical-default\">\r\n        <div class=\"row vertical-default\">\r\n            <div class=\"col-md-12     text-default small-screen-default\"  ><div class=\"divider-wrapper \" style=\"visibility:hidden;background-color:#FFFFFF\">\r\n    <div class=\"visible-xs\" style=\"height:20px;\"><\/div>\r\n    <div class=\"visible-sm\" style=\"height:20px;\"><\/div>\r\n    <div class=\"visible-md\" style=\"height:20px;\"><\/div>\r\n    <div class=\"visible-lg\" style=\"height:20px;\"><\/div>\r\n<\/div><div class=\"col-text-1 text-light text-intermig gs-text-weight element-top-20 element-bottom-20\" data-os-animation=\"none\" data-os-animation-delay=\"0s\">\r\n    <p>Nuestros consultores han implementado en m\u00e1s de 200 empresas de su sector, este es <strong>un detalle clave y diferenciador de Gessteel<\/strong> que conduce al \u00e9xito de nuestra implementaci\u00f3n y a la satisfacci\u00f3n de nuestro cliente.<\/p>\n<p>No nos limitamos solamente a los requerimientos de nuestros clientes,\u00a0 \u00a0sino que les aportamos\u00a0 <strong>buenas pr\u00e1cticas<\/strong>\u00a0aprendidas en muchas instalaciones previas.<\/p>\n<\/div>\r\n<div class=\"divider-wrapper \" style=\"visibility:hidden;background-color:#FFFFFF\">\r\n    <div class=\"visible-xs\" style=\"height:20px;\"><\/div>\r\n    <div class=\"visible-sm\" style=\"height:20px;\"><\/div>\r\n    <div class=\"visible-md\" style=\"height:20px;\"><\/div>\r\n    <div class=\"visible-lg\" style=\"height:20px;\"><\/div>\r\n<\/div><\/div>        <\/div>\r\n    <\/div>\r\n<\/section>\r\n<section class=\"section gs-content-solutions text-normal section-text-no-shadow section-inner-no-shadow section-normal section-opaque\"  >\r\n    \r\n    <div class=\"background-overlay grid-overlay-0 \" style=\"background-color: rgba(0,0,0,0);\"><\/div>\r\n\r\n    <div class=\"container container-vertical-default\">\r\n        <div class=\"row vertical-default\">\r\n            <div class=\"col-md-12     text-default small-screen-default\"  ><div class=\"divider-wrapper \" style=\"visibility:hidden;background-color:#FFFFFF\">\r\n    <div class=\"visible-xs\" style=\"height:20px;\"><\/div>\r\n    <div class=\"visible-sm\" style=\"height:20px;\"><\/div>\r\n    <div class=\"visible-md\" style=\"height:20px;\"><\/div>\r\n    <div class=\"visible-lg\" style=\"height:20px;\"><\/div>\r\n<\/div><h2 class=\"text-center orange-text title-solutions element-top-20 element-bottom-20 text-normal bigger default\" data-os-animation=\"none\" data-os-animation-delay=\"0s\" >\r\n    METODOLOG\u00cdA DE LA IMPLANTACI\u00d3N     \r\n<\/h2>\r\n<div class=\"divider-wrapper \" style=\"visibility:hidden;background-color:#FFFFFF\">\r\n    <div class=\"visible-xs\" style=\"height:20px;\"><\/div>\r\n    <div class=\"visible-sm\" style=\"height:20px;\"><\/div>\r\n    <div class=\"visible-md\" style=\"height:20px;\"><\/div>\r\n    <div class=\"visible-lg\" style=\"height:20px;\"><\/div>\r\n<\/div><div class=\"row \"><div class=\"col-md-6     text-default small-screen-default\"  ><div class=\"col-text-1 text-normal text-intermig gs-text-weight element-top-20 element-bottom-20\" data-os-animation=\"none\" data-os-animation-delay=\"0s\">\r\n    <p>La metodolog\u00eda en la implementaci\u00f3n es el segundo ingrediente clave.\u00a0 En <strong>Gessteel<\/strong> la hemos ido perfeccionando sin descanso los \u00faltimos 10 a\u00f1os.<\/p>\n<p>Los principales hitos de la implantaci\u00f3n de Gessteel consisten en las siguientes etapas:<\/p>\n<ol>\n<li><strong>Levantamiento pre-implementaci\u00f3<\/strong>n con el objetivo de conocer el punto de partida del cliente, as\u00ed como su organigrama.<\/li>\n<li><strong>Planificaci\u00f3n<\/strong> de la implantaci\u00f3n hasta el m\u00ednimo detalle:\n<ol>\n<li>&#8211; \u00bfQu\u00e9 avance es necesario lograr semanalmente por cada uno de los integrantes del organigrama del cliente?<\/li>\n<li>&#8211; Reportes semanales de avance y control de proyecto con el cliente.<\/li>\n<\/ol>\n<\/li>\n<\/ol>\n<ol start=\"3\">\n<li><strong>Acciones correctoras<\/strong> si no se ha llegado al avance planificado. Gessteel eval\u00faa y asesora semanalmente de manera personalizada al cliente para conseguir la exitosa implantaci\u00f3n de StruMIS en los tiempos planificados.<\/li>\n<li>Cursos <strong>E-learning<\/strong> de formaci\u00f3n individualizados por usuario y departamento, accesibles en cualquier momento desde nuestra plataforma <strong><a href=\"http:\/\/www.academia.gessteel.com\">www.academia.gessteel.com<\/a><\/strong><\/li>\n<\/ol>\n<\/div>\r\n<\/div><div class=\"col-md-6     text-default small-screen-default\"  ><div class=\"figure element-top-30 element-bottom-20  \" data-os-animation=\"none\" data-os-animation-delay=\"0s\">\r\n            <a href=\"https:\/\/www.gessteel.com\/wp-content\/uploads\/2021\/05\/Prod1.jpg\" class=\"figure-image magnific\" target=\"_self\">\r\n        <img loading=\"lazy\" decoding=\"async\" width=\"1919\" height=\"1006\" src=\"https:\/\/www.gessteel.com\/wp-content\/uploads\/2021\/05\/Prod1.jpg\" class=\"attachment-full size-full\" alt=\"\" srcset=\"https:\/\/www.gessteel.com\/wp-content\/uploads\/2021\/05\/Prod1.jpg 1919w, https:\/\/www.gessteel.com\/wp-content\/uploads\/2021\/05\/Prod1-300x157.jpg 300w, https:\/\/www.gessteel.com\/wp-content\/uploads\/2021\/05\/Prod1-1024x537.jpg 1024w, https:\/\/www.gessteel.com\/wp-content\/uploads\/2021\/05\/Prod1-768x403.jpg 768w, https:\/\/www.gessteel.com\/wp-content\/uploads\/2021\/05\/Prod1-1536x805.jpg 1536w\" sizes=\"auto, (max-width: 1919px) 100vw, 1919px\" \/>            <\/a>\r\n    <\/div>\r\n<div class=\"figure element-top-30 element-bottom-20  \" data-os-animation=\"none\" data-os-animation-delay=\"0s\">\r\n            <a href=\"https:\/\/www.gessteel.com\/wp-content\/uploads\/2021\/05\/Prod3.jpg\" class=\"figure-image magnific\" target=\"_self\">\r\n        <img loading=\"lazy\" decoding=\"async\" width=\"1907\" height=\"1040\" src=\"https:\/\/www.gessteel.com\/wp-content\/uploads\/2021\/05\/Prod3.jpg\" class=\"attachment-full size-full\" alt=\"\" srcset=\"https:\/\/www.gessteel.com\/wp-content\/uploads\/2021\/05\/Prod3.jpg 1907w, https:\/\/www.gessteel.com\/wp-content\/uploads\/2021\/05\/Prod3-300x164.jpg 300w, https:\/\/www.gessteel.com\/wp-content\/uploads\/2021\/05\/Prod3-1024x558.jpg 1024w, https:\/\/www.gessteel.com\/wp-content\/uploads\/2021\/05\/Prod3-768x419.jpg 768w, https:\/\/www.gessteel.com\/wp-content\/uploads\/2021\/05\/Prod3-1536x838.jpg 1536w\" sizes=\"auto, (max-width: 1907px) 100vw, 1907px\" \/>            <\/a>\r\n    <\/div>\r\n<\/div><\/div><div class=\"divider-wrapper \" style=\"visibility:hidden;background-color:#FFFFFF\">\r\n    <div class=\"visible-xs\" style=\"height:20px;\"><\/div>\r\n    <div class=\"visible-sm\" style=\"height:20px;\"><\/div>\r\n    <div class=\"visible-md\" style=\"height:20px;\"><\/div>\r\n    <div class=\"visible-lg\" style=\"height:20px;\"><\/div>\r\n<\/div><\/div>        <\/div>\r\n    <\/div>\r\n<\/section>\r\n<section class=\"section  text-normal section-text-no-shadow section-inner-no-shadow section-normal section-opaque\"  >\r\n    \r\n    <div class=\"background-overlay grid-overlay-0 \" style=\"background-color: rgba(237,115,32,1);\"><\/div>\r\n\r\n    <div class=\"container container-vertical-default\">\r\n        <div class=\"row vertical-default\">\r\n            <div class=\"col-md-12     text-default small-screen-default\"  ><div class=\"divider-wrapper \" style=\"visibility:hidden;background-color:#FFFFFF\">\r\n    <div class=\"visible-xs\" style=\"height:20px;\"><\/div>\r\n    <div class=\"visible-sm\" style=\"height:20px;\"><\/div>\r\n    <div class=\"visible-md\" style=\"height:20px;\"><\/div>\r\n    <div class=\"visible-lg\" style=\"height:20px;\"><\/div>\r\n<\/div><div class=\"col-text-1 text-light text-intermig gs-text-weight element-top-20 element-bottom-20\" data-os-animation=\"none\" data-os-animation-delay=\"0s\">\r\n    <h2 style=\"text-align: center;\">En tan s\u00f3lo\u00a0<strong>90\u00a0 d\u00edas<\/strong> tras iniciar la implantaci\u00f3n\u00a0el cliente ya dispone de\u00a0resultados, datos reales de su negocio, tiempo real\u00a0de sus operaciones y control de toda la log\u00edstica de sus status de todos los elementos de sus obras.<\/h2>\n<p>Su taller y sus procesos de producci\u00f3n\u00a0ser\u00e1n parte de la <strong>Industria<\/strong>\u00a0 <strong>4.0<\/strong>.\u00a0 Combine t\u00e9cnicas avanzadas de producci\u00f3n con tecnolog\u00edas inteligentes que maximicen la gesti\u00f3n de sus recursos y activos con una mayor adaptabilidad a los requisitos de sus clientes.<\/p>\n<\/div>\r\n<div class=\"divider-wrapper \" style=\"visibility:hidden;background-color:#FFFFFF\">\r\n    <div class=\"visible-xs\" style=\"height:20px;\"><\/div>\r\n    <div class=\"visible-sm\" style=\"height:20px;\"><\/div>\r\n    <div class=\"visible-md\" style=\"height:20px;\"><\/div>\r\n    <div class=\"visible-lg\" style=\"height:20px;\"><\/div>\r\n<\/div><\/div>        <\/div>\r\n    <\/div>\r\n<\/section>\r\n<section class=\"section  hidden-lg hidden-md hidden-sm hidden-xs text-normal section-text-no-shadow section-inner-no-shadow section-normal section-opaque\"  >\r\n    \r\n    <div class=\"background-overlay grid-overlay-0 \" style=\"background-color: rgba(103,100,98,1);\"><\/div>\r\n\r\n    <div class=\"container-fullwidth container-vertical-middle\">\r\n        <div class=\"row vertical-middle\">\r\n            <div class=\"col-md-6     text-default small-screen-default\"  style=\"background:#f6f6f6;\"><div id=\"flexslider-476\" class=\" element-top-0 element-bottom-0 text-center text-normal flexslider feature-slider\" data-os-animation=\"none\" data-os-animation-delay=\"0s\" data-flex-animation=\"fade\" data-flex-controls-position=\"outside\" data-flex-controlsalign=\"center\" data-flex-directions=\"hide\" data-flex-speed=\"7000\" data-flex-controls=\"hide\" data-flex-slideshow=\"true\">\r\n    <ul class=\"slides\">        <li>\r\n            <blockquote class=\"blockquote-simple\" >\r\n    <h1>Ferm\u00edn Villalba, Diretor Geral<\/h1>\r\n\r\n\r\n    <img loading=\"lazy\" decoding=\"async\" width=\"150\" height=\"150\" src=\"https:\/\/www.gessteel.com\/wp-content\/uploads\/2020\/10\/prometal-logo-150x150.png\" class=\"attachment-thumbnail size-thumbnail wp-post-image\" alt=\"\" srcset=\"https:\/\/www.gessteel.com\/wp-content\/uploads\/2020\/10\/prometal-logo-150x150.png 150w, https:\/\/www.gessteel.com\/wp-content\/uploads\/2020\/10\/prometal-logo.png 180w\" sizes=\"auto, (max-width: 150px) 100vw, 150px\" \/>\r\n    <footer>        <cite title=\"PROMETAL\">PROMETAL        <\/cite>\r\n        <\/footer>\r\n<\/blockquote>\r\n        <\/li>        <li>\r\n            <blockquote class=\"blockquote-simple\" >\r\n    <h1>Eng. Ad\u00e1n Mijares, Respons\u00e1vel pelo Departamento de TI<\/h1>\r\n\r\n\r\n    <img loading=\"lazy\" decoding=\"async\" width=\"150\" height=\"150\" src=\"https:\/\/www.gessteel.com\/wp-content\/uploads\/2020\/09\/temsa-1-150x150.jpg\" class=\"attachment-thumbnail size-thumbnail wp-post-image\" alt=\"\" \/>\r\n    <footer>    <\/footer>\r\n<\/blockquote>\r\n        <\/li>    <\/ul>\r\n<\/div><\/div><div class=\"col-md-6     text-default small-screen-default\"  ><div id=\"flexslider-64\" class=\"gs-testimonial-ini element-top-80 element-bottom-80 text-center text-light flexslider feature-slider\" data-os-animation=\"none\" data-os-animation-delay=\"0s\" data-flex-animation=\"slide\" data-flex-controls-position=\"outside\" data-flex-controlsalign=\"center\" data-flex-directions=\"hide\" data-flex-speed=\"7000\" data-flex-controls=\"hide\" data-flex-slideshow=\"true\">\r\n    <ul class=\"slides\">        <li>\r\n            <blockquote style=\"min-height: 162px\">\r\n    <p>O sistema de implementa\u00e7\u00e3o que possuem \u00e9 muito bom, e o suporte est\u00e1 sempre dispon\u00edvel para oferecer solu\u00e7\u00f5es \u00e0s suas necessidades.<\/p>\r\n<\/blockquote>\r\n        <\/li>        <li>\r\n            <blockquote style=\"min-height: 162px\">\r\n    <p>O StruMIS nos permite controlar todos os projetos, desde o seu in\u00edcio ao fim, com controle total de estoque e produto em tempo real e automa\u00e7\u00e3o de processos. Altamente recomendado o excelente servi\u00e7o prestado, pois h\u00e1 um suporte t\u00e9cnico capacitado e dispon\u00edvel para implementa\u00e7\u00e3o de melhorias ou d\u00favidas.<\/p>\r\n<\/blockquote>\r\n        <\/li>    <\/ul>\r\n<\/div><\/div>        <\/div>\r\n    <\/div>\r\n<\/section>\n","protected":false},"excerpt":{"rendered":"O StruMIS nos permite controlar todos os projetos, desde o seu in\u00edcio ao fim, com controle total de estoque e produto em tempo real e automa\u00e7\u00e3o de processos. Altamente recomendado o excelente servi\u00e7o prestado, pois h\u00e1 um suporte t\u00e9cnico capacitado e dispon\u00edvel para implementa\u00e7\u00e3o de melhorias ou d\u00favidas.","protected":false},"author":1,"featured_media":0,"parent":0,"menu_order":2,"comment_status":"closed","ping_status":"closed","template":"","meta":{"_acf_changed":false,"_joinchat":[],"footnotes":""},"class_list":["post-4891","page","type-page","status-publish","hentry"],"acf":[],"aioseo_notices":[],"_links":{"self":[{"href":"https:\/\/www.gessteel.com\/br\/wp-json\/wp\/v2\/pages\/4891","targetHints":{"allow":["GET"]}}],"collection":[{"href":"https:\/\/www.gessteel.com\/br\/wp-json\/wp\/v2\/pages"}],"about":[{"href":"https:\/\/www.gessteel.com\/br\/wp-json\/wp\/v2\/types\/page"}],"author":[{"embeddable":true,"href":"https:\/\/www.gessteel.com\/br\/wp-json\/wp\/v2\/users\/1"}],"replies":[{"embeddable":true,"href":"https:\/\/www.gessteel.com\/br\/wp-json\/wp\/v2\/comments?post=4891"}],"version-history":[{"count":6,"href":"https:\/\/www.gessteel.com\/br\/wp-json\/wp\/v2\/pages\/4891\/revisions"}],"predecessor-version":[{"id":7360,"href":"https:\/\/www.gessteel.com\/br\/wp-json\/wp\/v2\/pages\/4891\/revisions\/7360"}],"wp:attachment":[{"href":"https:\/\/www.gessteel.com\/br\/wp-json\/wp\/v2\/media?parent=4891"}],"curies":[{"name":"wp","href":"https:\/\/api.w.org\/{rel}","templated":true}]}}