{"id":4893,"date":"2020-08-21T16:29:12","date_gmt":"2020-08-21T16:29:12","guid":{"rendered":"https:\/\/www.gessteel.com\/mapa-do-site\/"},"modified":"2026-03-17T12:11:46","modified_gmt":"2026-03-17T12:11:46","slug":"mapa-do-site","status":"publish","type":"page","link":"https:\/\/www.gessteel.com\/br\/mapa-do-site\/","title":{"rendered":"Mapa do site"},"content":{"rendered":"<section class=\"section  text-normal section-text-no-shadow section-inner-no-shadow section-normal section-opaque\"  >\r\n    \r\n    <div class=\"background-overlay grid-overlay-0 \" style=\"background-color: rgba(0,0,0,0);\"><\/div>\r\n\r\n    <div class=\"container container-vertical-default\">\r\n        <div class=\"row vertical-default\">\r\n            <div class=\"col-md-6     text-default small-screen-default\"  ><div class=\"col-text-1 text-normal  element-top-20 element-bottom-20\" data-os-animation=\"none\" data-os-animation-delay=\"0s\">\r\n    <div class=\"wpb_text_column wpb_content_element vc_column_text\">\n<div class=\"wpb_wrapper\">\n<div class=\"wsp-container\"><h2 class=\"wsp-pages-title\">Pages<\/h2>\n<ul class=\"wsp-pages-list\">\n<li class=\"page_item page-item-6922\"><a href=\"https:\/\/www.gessteel.com\/br\/grabacion-webinario-melhore-melhore-a-produtividade-de-sua-maquina-cnc-com-o-strumis-video\/\">Grava\u00e7\u00e3o webin\u00e1rio: melhore Melhore a produtividade de sua m\u00e1quina CNC com o STRUMIS<\/a><\/li>\n<li class=\"page_item page-item-6485\"><a href=\"https:\/\/www.gessteel.com\/br\/inicio\/\">In\u00edcio<\/a><\/li>\n<li class=\"page_item page-item-5040\"><a href=\"https:\/\/www.gessteel.com\/br\/\">In\u00edcio<\/a><\/li>\n<li class=\"page_item page-item-6885\"><a href=\"https:\/\/www.gessteel.com\/br\/webinario-melhore-a-produtividade\/\">Melhore a produtividade de sua m\u00e1quina CNC com o STRUMIS<\/a><\/li>\n<li class=\"page_item page-item-4833\"><a href=\"https:\/\/www.gessteel.com\/br\/time\/\">Nosso Time<\/a><\/li>\n<li class=\"page_item page-item-4836\"><a href=\"https:\/\/www.gessteel.com\/br\/obrigado-pelo-contato\/\">Obrigado pelo contato<\/a><\/li>\n<li class=\"page_item page-item-4838\"><a href=\"https:\/\/www.gessteel.com\/br\/obrigado-interesse-just-plan-it\/\">Obrigado pelo seu interesse no Just Plan it<\/a><\/li>\n<li class=\"page_item page-item-4840\"><a href=\"https:\/\/www.gessteel.com\/br\/obrigado-interesse-strumis\/\">Obrigado pelo seu interesse no Strumis<\/a><\/li>\n<li class=\"page_item page-item-6593\"><a href=\"https:\/\/www.gessteel.com\/br\/obrigado-por-escolher-strumis-vision\/\">Obrigado por escolher StruMIS Vision<\/a><\/li>\n<li class=\"page_item page-item-6602\"><a href=\"https:\/\/www.gessteel.com\/br\/teste-agora-strumis-vision\/\">Teste agora StruMIS Vision<\/a><\/li>\n<li class=\"page_item page-item-4888\"><a href=\"https:\/\/www.gessteel.com\/br\/webinar-industria-4-0-software-de-gestao-da-producao-para-fabricantes-de-estruturas-metalicas\/\">Webinar Ind\u00fastria 4.0: Software de Gest\u00e3o da Produ\u00e7\u00e3o para Fabricantes de Estruturas Met\u00e1licas<\/a><\/li>\n<li class=\"page_item page-item-4909\"><a href=\"https:\/\/www.gessteel.com\/br\/strumis\/\">STRUMIS | Software l\u00edder em gerenciamento de produ\u00e7\u00e3o de estruturas met\u00e1licas<\/a><\/li>\n<li class=\"page_item page-item-4889\"><a href=\"https:\/\/www.gessteel.com\/br\/certificacao\/\">Certifica\u00e7\u00e3o<\/a><\/li>\n<li class=\"page_item page-item-4891\"><a href=\"https:\/\/www.gessteel.com\/br\/implantacao\/\">Implanta\u00e7\u00e3o<\/a><\/li>\n<li class=\"page_item page-item-5411\"><a href=\"https:\/\/www.gessteel.com\/br\/just-plan-it\/\">Just Plan it<\/a><\/li>\n<li class=\"page_item page-item-4905\"><a href=\"https:\/\/www.gessteel.com\/br\/academia-gessteel\/\">Academia GesSteel<\/a><\/li>\n<li class=\"page_item page-item-4907\"><a href=\"https:\/\/www.gessteel.com\/br\/casos-de-sucesso\/\">Casos de sucesso<\/a><\/li>\n<li class=\"page_item page-item-5042 current_page_parent\"><a href=\"https:\/\/www.gessteel.com\/br\/blog\/\">Blog<\/a><\/li>\n<li class=\"page_item page-item-5036\"><a href=\"https:\/\/www.gessteel.com\/br\/contato\/\">Contato<\/a><\/li>\n<li class=\"page_item page-item-4904\"><a href=\"https:\/\/www.gessteel.com\/br\/aviso-legal\/\">Aviso Legal<\/a><\/li>\n<li class=\"page_item page-item-4903\"><a href=\"https:\/\/www.gessteel.com\/br\/politica-de-privacidade\/\">Pol\u00edtica de privacidade<\/a><\/li>\n<li class=\"page_item page-item-4894\"><a href=\"https:\/\/www.gessteel.com\/br\/politica-de-cookies\/\">Pol\u00edtica de cookies<\/a><\/li>\n<li class=\"page_item page-item-4893\"><a href=\"https:\/\/www.gessteel.com\/br\/mapa-do-site\/\">Mapa do site<\/a><\/li>\n<li class=\"page_item page-item-5038\"><a href=\"https:\/\/www.gessteel.com\/br\/erro-404-pagina-nao-encontrada\/\">Erro 404 &#8211; P\u00e1gina N\u00e3o Encontrada<\/a><\/li>\n<\/ul>\n<\/div>\n<\/div>\n<\/div>\n<\/div>\r\n<\/div><div class=\"col-md-6     text-default small-screen-default\"  ><div class=\"col-text-1 text-normal  element-top-20 element-bottom-20\" data-os-animation=\"none\" data-os-animation-delay=\"0s\">\r\n    <div class=\"wsp-container\"><h2 class=\"wsp-posts-title\">Posts by category<\/h2>\n<ul class=\"wsp-posts-list\">\n\t<li><strong class=\"wsp-category-title\"><a href=\"https:\/\/www.gessteel.com\/br\/blog-categoria\/actualidad-br\/\">Actualidad<\/a><\/strong>\n<ul class=\"wsp-posts-list\">\t\t<li class=\"wsp-post\"><a href=\"https:\/\/www.gessteel.com\/br\/digitalizacao-na-construcao-em-aco\/\">Digitaliza\u00e7\u00e3o na constru\u00e7\u00e3o em a\u00e7o<\/a><\/li>\n\t\t<li class=\"wsp-post\"><a href=\"https:\/\/www.gessteel.com\/br\/controle-economico-em-tempo-real\/\">Controle econ\u00f4mico em tempo real<\/a><\/li>\n\t\t<li class=\"wsp-post\"><a href=\"https:\/\/www.gessteel.com\/br\/planejamento-de-producao-em-construcoes-metalicas\/\">Planejamento de Produ\u00e7\u00e3o em Constru\u00e7\u00f5es Met\u00e1licas<\/a><\/li>\n<\/ul><\/li>\n\t<li><strong class=\"wsp-category-title\"><a href=\"https:\/\/www.gessteel.com\/br\/blog-categoria\/strumis-br\/\">StruMIS<\/a><\/strong>\n<ul class=\"wsp-posts-list\">\t\t<li class=\"wsp-post\"><a href=\"https:\/\/www.gessteel.com\/br\/novo-cliente-e-parceiro-2\/\">FEBRUCE novo cliente e parceiro!<\/a><\/li>\n\t\t<li class=\"wsp-post\"><a href=\"https:\/\/www.gessteel.com\/br\/cpc-nosso-novo-cliente-e-parceiro\/\">CPC novo cliente e parceiro!<\/a><\/li>\n\t\t<li class=\"wsp-post\"><a href=\"https:\/\/www.gessteel.com\/br\/novo-cliente-e-parceiro\/\">SEMAM novo cliente e parceiro!<\/a><\/li>\n\t\t<li class=\"wsp-post\"><a href=\"https:\/\/www.gessteel.com\/br\/industria-4-0-software-de-gestao-da-producao-para-fabricantes-de-estruturas-metalicas\/\">Ind\u00fastria 4.0: Software de Gest\u00e3o da Produ\u00e7\u00e3o para Fabricantes de Estruturas Met\u00e1licas<\/a><\/li>\n<\/ul><\/li>\n<\/ul>\n<\/div>\n<\/div>\r\n<\/div>        <\/div>\r\n    <\/div>\r\n<\/section>\r\n\n","protected":false},"excerpt":{"rendered":"Pages Grava\u00e7\u00e3o webin\u00e1rio: melhore Melhore a produtividade de sua m\u00e1quina CNC com o STRUMIS In\u00edcio In\u00edcio Melhore a produtividade de sua m\u00e1quina CNC com o STRUMIS Nosso Time Obrigado pelo contato Obrigado pelo seu interesse no Just Plan it Obrigado pelo seu interesse no Strumis Obrigado por escolher StruMIS Vision Teste agora StruMIS Vision Webinar","protected":false},"author":1,"featured_media":0,"parent":0,"menu_order":10,"comment_status":"closed","ping_status":"closed","template":"","meta":{"_acf_changed":false,"_joinchat":[],"footnotes":""},"class_list":["post-4893","page","type-page","status-publish","hentry"],"acf":[],"aioseo_notices":[],"_links":{"self":[{"href":"https:\/\/www.gessteel.com\/br\/wp-json\/wp\/v2\/pages\/4893","targetHints":{"allow":["GET"]}}],"collection":[{"href":"https:\/\/www.gessteel.com\/br\/wp-json\/wp\/v2\/pages"}],"about":[{"href":"https:\/\/www.gessteel.com\/br\/wp-json\/wp\/v2\/types\/page"}],"author":[{"embeddable":true,"href":"https:\/\/www.gessteel.com\/br\/wp-json\/wp\/v2\/users\/1"}],"replies":[{"embeddable":true,"href":"https:\/\/www.gessteel.com\/br\/wp-json\/wp\/v2\/comments?post=4893"}],"version-history":[{"count":1,"href":"https:\/\/www.gessteel.com\/br\/wp-json\/wp\/v2\/pages\/4893\/revisions"}],"predecessor-version":[{"id":5112,"href":"https:\/\/www.gessteel.com\/br\/wp-json\/wp\/v2\/pages\/4893\/revisions\/5112"}],"wp:attachment":[{"href":"https:\/\/www.gessteel.com\/br\/wp-json\/wp\/v2\/media?parent=4893"}],"curies":[{"name":"wp","href":"https:\/\/api.w.org\/{rel}","templated":true}]}}