{"id":4894,"date":"2020-08-21T16:27:18","date_gmt":"2020-08-21T16:27:18","guid":{"rendered":"https:\/\/www.gessteel.com\/politica-de-cookies\/"},"modified":"2026-03-17T12:11:46","modified_gmt":"2026-03-17T12:11:46","slug":"politica-de-cookies","status":"publish","type":"page","link":"https:\/\/www.gessteel.com\/br\/politica-de-cookies\/","title":{"rendered":"Pol\u00edtica de cookies"},"content":{"rendered":"<section class=\"section  text-normal section-text-no-shadow section-inner-no-shadow section-normal section-opaque\"  >\r\n    \r\n    <div class=\"background-overlay grid-overlay-0 \" style=\"background-color: rgba(0,0,0,0);\"><\/div>\r\n\r\n    <div class=\"container container-vertical-default\">\r\n        <div class=\"row vertical-default\">\r\n            <div class=\"col-md-12     text-default small-screen-default\"  ><div class=\"col-text-1 text-normal  element-top-20 element-bottom-20\" data-os-animation=\"none\" data-os-animation-delay=\"0s\">\r\n    <div class=\"wpb_text_column wpb_content_element vc_column_text\">\n<div class=\"wpb_wrapper\">\n<p>Para lhe oferecer um servi\u00e7o mais personalizado e eficiente, para fins estat\u00edsticos e para lhe mostrar publicidade relacionada com as suas prefer\u00eancias, necessitamos guardar e guardar informa\u00e7\u00e3o sobre a forma como utiliza este site. Isso pode ser feito usando pequenos arquivos de texto chamados cookies. Os cookies cont\u00eam pequenas quantidades de informa\u00e7\u00e3o e s\u00e3o instalados no seu computador ou outro equipamento por um servidor web. Depois de baixado, seu navegador envia esses cookies de volta ao site em cada visita subsequente, para que possa reconhec\u00ea-lo e lembrar dados como suas prefer\u00eancias de usu\u00e1rio. Voc\u00ea pode encontrar mais informa\u00e7\u00f5es sobre cookies e como eles funcionam em <a href=\"http:\/\/www.aboutcookies.org\/\">http:\/\/www.aboutcookies.org\/<\/a>.<\/p>\n<p>As informa\u00e7\u00f5es podem ser coletadas cada vez que voc\u00ea entra neste site, gra\u00e7as ao uso de cookies e outras tecnologias. Ao utilizar este site, voc\u00ea concorda com o uso de cookies, conforme descrito neste texto.<\/p>\n<p>&nbsp;<\/p>\n<ol>\n<li><strong>Quais cookies usamos e por qu\u00ea?<\/strong><\/li>\n<\/ol>\n<p>&nbsp;<\/p>\n<p>Alguns dos cookies que usamos s\u00e3o necess\u00e1rios para permitir a navega\u00e7\u00e3o no site e usar suas fun\u00e7\u00f5es, como acesso a \u00e1reas seguras e conte\u00fado para usu\u00e1rios registrados.<\/p>\n<p>Tamb\u00e9m usamos cookies funcionais para registrar informa\u00e7\u00f5es sobre as op\u00e7\u00f5es que s\u00e3o selecionadas ao entrar em nosso site e para personaliz\u00e1-lo para os visitantes. Por exemplo, para lembrar o idioma ou regi\u00e3o de origem, ou para saber se uma pesquisa foi conclu\u00edda. Normalmente, essas informa\u00e7\u00f5es s\u00e3o salvas removendo-se todos os dados que identificam o usu\u00e1rio e n\u00e3o s\u00e3o utilizadas para nenhuma outra finalidade.<\/p>\n<p>N\u00f3s, ou os nossos prestadores de servi\u00e7os, tamb\u00e9m utilizamos servi\u00e7os anal\u00edticos que nos permitem perceber at\u00e9 que ponto o nosso conte\u00fado \u00e9 eficaz ou quais os interesses dos nossos utilizadores, bem como melhorar o funcionamento do site. Al\u00e9m disso, usamos contadores de visitas (conhecidos como web beacons) ou pixels de rastreamento para contar o n\u00famero de visitas, bem como os chamados cookies de desempenho ou cookies de desempenho que nos permitem rastrear quantos usu\u00e1rios acessam nosso site e com quais frequ\u00eancia. Essas informa\u00e7\u00f5es s\u00e3o utilizadas exclusivamente para fins estat\u00edsticos e n\u00e3o \u00e9 nossa inten\u00e7\u00e3o utiliz\u00e1-las para identificar pessoalmente os usu\u00e1rios. No entanto, se voc\u00ea se registrou e fez login em nosso site, podemos combinar essas informa\u00e7\u00f5es com as informa\u00e7\u00f5es obtidas por cookies e servi\u00e7os anal\u00edticos em nosso site para analisar mais detalhadamente como voc\u00ea usa o site.<\/p>\n<p>Este site tamb\u00e9m usa cookies de segmenta\u00e7\u00e3o ou cookies de publicidade, que permitem o envio de publicidade personalizada aos visitantes do site.<\/p>\n<p>Contate-nos para obter informa\u00e7\u00f5es mais detalhadas sobre como usamos cookies.<\/p>\n<p>&nbsp;<\/p>\n<ol start=\"2\">\n<li><strong>Como controlar cookies<\/strong><\/li>\n<\/ol>\n<p>&nbsp;<\/p>\n<p>Ao utilizar este site, concorda que podemos instalar cookies no seu computador ou equipamento, conforme explicado acima. No entanto, voc\u00ea pode controlar e gerenciar os cookies de diferentes maneiras. Observe que remover ou bloquear cookies afeta a experi\u00eancia do usu\u00e1rio e algumas partes do site podem n\u00e3o estar mais totalmente acess\u00edveis.<\/p>\n<p>&nbsp;<\/p>\n<ol start=\"3\">\n<li><strong>Controles do navegador<\/strong><\/li>\n<\/ol>\n<p>&nbsp;<\/p>\n<p>A maioria dos navegadores permite que voc\u00ea veja quais cookies voc\u00ea possui e os exclua individualmente, ou bloqueie cookies de um site espec\u00edfico ou de todos os sites. Observe que todas as prefer\u00eancias definidas ser\u00e3o perdidas se todos os cookies forem exclu\u00eddos, incluindo prefer\u00eancias para excluir cookies, pois isso requer a instala\u00e7\u00e3o de um cookie de cancelamento. Para obter mais informa\u00e7\u00f5es sobre como modificar as op\u00e7\u00f5es de configura\u00e7\u00e3o do seu navegador para bloquear ou filtrar cookies, consulte <a href=\"http:\/\/www.aboutcookies.org\/\">http:\/\/www.aboutcookies.org\/<\/a> ou <a href=\"http:\/\/www.cookiecentral.com\/faq\/\">http:\/\/www.cookiecentral.com\/faq\/<\/a>.<\/p>\n<p>&nbsp;<\/p>\n<ol start=\"4\">\n<li><strong>Como gerenciar cookies anal\u00edticos<\/strong><\/li>\n<\/ol>\n<p>&nbsp;<\/p>\n<p>Voc\u00ea pode optar por n\u00e3o permitir que os cookies anal\u00edticos registrem pesquisas an\u00f4nimas ao navegar na Internet. Usamos os seguintes provedores de servi\u00e7os. Se quiser mais informa\u00e7\u00f5es sobre suas pol\u00edticas de privacidade e como excluir seus cookies, voc\u00ea pode visitar seu site:<\/p>\n<p>Adobe: <a href=\"http:\/\/www.adobe.com\/privacy\/opt-out.html\">http:\/\/www.adobe.com\/privacy\/opt-out.html<\/a><\/p>\n<p>Google Analytics (tamb\u00e9m usado para o Google Ads para fins publicit\u00e1rios): <a href=\"http:\/\/www.google.com\/analytics\/learn\/privacy.html\">http:\/\/www.google.com\/analytics\/learn\/privacy.html<\/a><\/p>\n<p>&nbsp;<\/p>\n<ol start=\"5\">\n<li><strong>Como gerenciar objetos compartilhados locais ou cookies flash<\/strong><\/li>\n<\/ol>\n<p>&nbsp;<\/p>\n<p>Objetos locais compartilhados ou cookies em flash s\u00e3o bastante semelhantes a outros cookies de navegador, exceto que podem armazenar outros tipos de informa\u00e7\u00f5es. Esses cookies n\u00e3o podem ser controlados com os mecanismos explicados acima. Algumas partes do nosso site usam esses tipos de cookies para armazenar as prefer\u00eancias do usu\u00e1rio sobre as fun\u00e7\u00f5es do reprodutor de m\u00eddia e, sem eles, alguns conte\u00fados de v\u00eddeo podem n\u00e3o ser exibidos corretamente. Esses cookies podem ser controlados manualmente visitando o site da Adobe.<\/p>\n<p><a href=\"http:\/\/www.macromedia.com\/support\/documentation\/en\/flashplayer\/help\/settings_manager07.html\">http:\/\/www.macromedia.com\/support\/documentation\/en\/flashplayer\/help\/settings_manager07.html<\/a><\/p>\n<p>&nbsp;<\/p>\n<ol start=\"6\">\n<li><strong>Bot\u00f5es sociaish<\/strong><\/li>\n<\/ol>\n<p>&nbsp;<\/p>\n<p>Usamos bot\u00f5es sociais para que nossos usu\u00e1rios possam compartilhar p\u00e1ginas da web ou selecion\u00e1-las como favoritos. Estes s\u00e3o bot\u00f5es para sites de m\u00eddia social externos. Esses sites podem registrar informa\u00e7\u00f5es sobre suas atividades na Internet, incluindo nosso site. Voc\u00ea pode revisar os termos de uso e as pol\u00edticas de privacidade desses sites para descobrir exatamente como eles usam as informa\u00e7\u00f5es e como essas informa\u00e7\u00f5es podem ser removidas ou apagadas.<\/p>\n<p>&nbsp;<\/p>\n<ol start=\"7\">\n<li><strong>Servi\u00e7os da web externos<\/strong><\/li>\n<\/ol>\n<p>&nbsp;<\/p>\n<p>\u00c0s vezes, usamos servi\u00e7os da web externos para exibir conte\u00fado em nossas p\u00e1ginas da web. Por exemplo, para exibir imagens ou v\u00eddeos, ou para conduzir pesquisas. Assim como os bot\u00f5es sociais, n\u00e3o podemos impedir que esses sites, ou dom\u00ednios externos, coletem informa\u00e7\u00f5es sobre o uso feito desse conte\u00fado incorporado.<\/p>\n<p>&nbsp;<\/p>\n<ol start=\"8\">\n<li><strong>Comunica\u00e7\u00f5es por e-mail<\/strong><\/li>\n<\/ol>\n<p>&nbsp;<\/p>\n<p>Tamb\u00e9m podemos usar tecnologias de rastreamento para determinar se certas mensagens de e-mail que enviamos foram lidas, clicadas ou encaminhadas, o que nos permite tornar nossas comunica\u00e7\u00f5es mais \u00fateis e interessantes. Se n\u00e3o quiser que confirmemos que abriu, clicou ou reencaminhou as nossas mensagens, \u00e9 necess\u00e1rio cancelar a subscri\u00e7\u00e3o, pois n\u00e3o podemos enviar estes emails com a fun\u00e7\u00e3o de seguimento desactivada. Os usu\u00e1rios registrados podem atualizar suas prefer\u00eancias de comunica\u00e7\u00e3o a qualquer momento, entrando em contato conosco: <a href=\"mailto:info@gessteel.com\">info@gessteel.com<\/a>, ou podem cancelar a inscri\u00e7\u00e3o seguindo as instru\u00e7\u00f5es inclu\u00eddas em nossas comunica\u00e7\u00f5es por e-mail.<\/p>\n<p>A GESSTEEL pode fazer modifica\u00e7\u00f5es na Pol\u00edtica de Cookies unilateralmente quando necess\u00e1rio. Convidamos voc\u00ea a revisar periodicamente esta Pol\u00edtica de Cookies para que esteja ciente da forma como os usamos. As atualiza\u00e7\u00f5es ser\u00e3o inclu\u00eddas no site.<\/p>\n<p>N\u00e3o hesite em nos contactar para mais informa\u00e7\u00f5es: <a href=\"mailto:info@gessteel.com\">info@gessteel.com<\/a>,<\/p>\n<\/div>\n<\/div>\n<\/div>\r\n[vc_btn title=&#8221;DEFINIR COOKIES&#8221; color=&#8221;warning&#8221; el_class=&#8221;gs-botton-simple open-banner-cookies&#8221;]<div class=\"col-text-1 text-normal  element-top-20 element-bottom-20\" data-os-animation=\"none\" data-os-animation-delay=\"0s\">\r\n    <div class=\"wpb_text_column wpb_content_element vc_column_text\">\n<div class=\"wpb_wrapper\">\n<p>Para mais informa\u00e7\u00f5es sobre o Aviso Legal, <a title=\"Aviso Legal\" href=\"https:\/\/www.gessteel.com\/pt-pt\/aviso-legal\/\">clique aqui<\/a>.<\/p>\n<p>Para obter mais informa\u00e7\u00f5es sobre nossa Pol\u00edtica de Privacidade, <a title=\"Pol\u00edtica de privacidade\" href=\"https:\/\/www.gessteel.com\/pt-pt\/politica-de-privacidade\/\">clique aqui<\/a>.<\/p>\n<\/div>\n<\/div>\n<\/div>\r\n<div class=\"divider-wrapper \" style=\"visibility:hidden;background-color:#FFFFFF\">\r\n    <div class=\"visible-xs\" style=\"height:24px;\"><\/div>\r\n    <div class=\"visible-sm\" style=\"height:24px;\"><\/div>\r\n    <div class=\"visible-md\" style=\"height:24px;\"><\/div>\r\n    <div class=\"visible-lg\" style=\"height:24px;\"><\/div>\r\n<\/div><\/div>        <\/div>\r\n    <\/div>\r\n<\/section>\r\n\n","protected":false},"excerpt":{"rendered":"Para lhe oferecer um servi\u00e7o mais personalizado e eficiente, para fins estat\u00edsticos e para lhe mostrar publicidade relacionada com as suas prefer\u00eancias, necessitamos guardar e guardar informa\u00e7\u00e3o sobre a forma como utiliza este site. Isso pode ser feito usando pequenos arquivos de texto chamados cookies. Os cookies cont\u00eam pequenas quantidades de informa\u00e7\u00e3o e s\u00e3o instalados","protected":false},"author":1,"featured_media":0,"parent":0,"menu_order":9,"comment_status":"closed","ping_status":"closed","template":"","meta":{"_acf_changed":false,"_joinchat":[],"footnotes":""},"class_list":["post-4894","page","type-page","status-publish","hentry"],"acf":[],"aioseo_notices":[],"_links":{"self":[{"href":"https:\/\/www.gessteel.com\/br\/wp-json\/wp\/v2\/pages\/4894","targetHints":{"allow":["GET"]}}],"collection":[{"href":"https:\/\/www.gessteel.com\/br\/wp-json\/wp\/v2\/pages"}],"about":[{"href":"https:\/\/www.gessteel.com\/br\/wp-json\/wp\/v2\/types\/page"}],"author":[{"embeddable":true,"href":"https:\/\/www.gessteel.com\/br\/wp-json\/wp\/v2\/users\/1"}],"replies":[{"embeddable":true,"href":"https:\/\/www.gessteel.com\/br\/wp-json\/wp\/v2\/comments?post=4894"}],"version-history":[{"count":1,"href":"https:\/\/www.gessteel.com\/br\/wp-json\/wp\/v2\/pages\/4894\/revisions"}],"predecessor-version":[{"id":5111,"href":"https:\/\/www.gessteel.com\/br\/wp-json\/wp\/v2\/pages\/4894\/revisions\/5111"}],"wp:attachment":[{"href":"https:\/\/www.gessteel.com\/br\/wp-json\/wp\/v2\/media?parent=4894"}],"curies":[{"name":"wp","href":"https:\/\/api.w.org\/{rel}","templated":true}]}}