{"id":4903,"date":"2020-08-21T16:25:42","date_gmt":"2020-08-21T16:25:42","guid":{"rendered":"https:\/\/www.gessteel.com\/politica-de-privacidade\/"},"modified":"2026-03-17T12:11:46","modified_gmt":"2026-03-17T12:11:46","slug":"politica-de-privacidade","status":"publish","type":"page","link":"https:\/\/www.gessteel.com\/br\/politica-de-privacidade\/","title":{"rendered":"Pol\u00edtica de privacidade"},"content":{"rendered":"<section class=\"section  text-normal section-text-no-shadow section-inner-no-shadow section-normal section-opaque\"  >\r\n    \r\n    <div class=\"background-overlay grid-overlay-0 \" style=\"background-color: rgba(0,0,0,0);\"><\/div>\r\n\r\n    <div class=\"container container-vertical-default\">\r\n        <div class=\"row vertical-default\">\r\n            <div class=\"col-md-12     text-default small-screen-default\"  ><div class=\"col-text-1 text-normal  element-top-20 element-bottom-20\" data-os-animation=\"none\" data-os-animation-delay=\"0s\">\r\n    <div class=\"wpb_text_column wpb_content_element vc_column_text\">\n<div class=\"wpb_wrapper\">\n<p>Na GESSTEEL respeitamos os seus dados pessoais e tendo em vista o cumprimento das respetivas pol\u00edticas de seguran\u00e7a de qualquer site, que devem ser obrigat\u00f3rias, informo-o do seguinte.<\/p>\n<p>Privacidade dos dados pessoais: Seus dados pessoais correspondem apenas a voc\u00ea e este site \u00e9 respons\u00e1vel por n\u00e3o revelar qualquer tipo de informa\u00e7\u00e3o que perten\u00e7a a voc\u00ea (como e-mail, n\u00fameros de IP, etc.), exceto com sua autoriza\u00e7\u00e3o expressa ou for\u00e7a da natureza assuntos jur\u00eddicos que o envolvam, como hacks ou falsifica\u00e7\u00f5es de identidade.<\/p>\n<p>Seguran\u00e7a das suas informa\u00e7\u00f5es pessoais: Este site \u00e9 respons\u00e1vel por zelar pela sua seguran\u00e7a, pela privacidade das suas informa\u00e7\u00f5es e por respeitar os seus dados, de acordo com as limita\u00e7\u00f5es que a Internet actual nos proporciona, estando ciente de que n\u00e3o estamos exclu\u00eddos sofrer um ataque de crackers ou usu\u00e1rios mal-intencionados que cometem crimes de computador.<\/p>\n<p>Obten\u00e7\u00e3o de suas informa\u00e7\u00f5es: Todos os seus dados pessoais inseridos neste site s\u00e3o fornecidos por voc\u00ea, no pleno uso de sua liberdade. As informa\u00e7\u00f5es armazenadas aqui compreendem apenas dados b\u00e1sicos inseridos por meio de formul\u00e1rios de contato, coment\u00e1rios ou outros semelhantes.<\/p>\n<p>Uso das informa\u00e7\u00f5es: Ao nos fornecer seus dados pessoais, concordando com a Pol\u00edtica de Privacidade aqui estipulada, voc\u00ea nos autoriza a usar suas informa\u00e7\u00f5es da seguinte forma: a) para os mesmos fins para os quais foram fornecidas; b) consider\u00e1-lo em nossas estat\u00edsticas de tr\u00e1fego, aumentando assim nossa propaganda e oferta de mercado; c) orientar melhor os servi\u00e7os aqui oferecidos e avali\u00e1-los a seu crit\u00e9rio; ed) enviar e-mails com nossas newsletters, esclarecer d\u00favidas ou coment\u00e1rios e manter nossos usu\u00e1rios informados.<\/p>\n<p>Uso de cookies: O uso de cookies e do seu endere\u00e7o IP, obtido por este site, \u00e9 feito apenas com o prop\u00f3sito de manter um site de acordo com suas prefer\u00eancias locais (como navegador da web usado, sistema operacional, ISP, etc.) . Os cookies permitem-nos fornecer conte\u00fado adequado aos interesses e necessidades dos nossos utilizadores \/ visitantes.<\/p>\n<p>Modifica\u00e7\u00f5es \u00e0s nossas Pol\u00edticas de Privacidade: O site reserva-se o direito de modificar, retificar, alterar, adicionar ou eliminar qualquer ponto deste escrito a qualquer momento e sem aviso pr\u00e9vio, sendo sua responsabilidade mant\u00ea-lo informado para uma adequada administra\u00e7\u00e3o de sua informa\u00e7\u00e3o.<\/p>\n<p>&nbsp;<\/p>\n<\/div>\n<\/div>\n<\/div>\r\n<div class=\"divider-wrapper \" style=\"visibility:hidden;background-color:#FFFFFF\">\r\n    <div class=\"visible-xs\" style=\"height:24px;\"><\/div>\r\n    <div class=\"visible-sm\" style=\"height:24px;\"><\/div>\r\n    <div class=\"visible-md\" style=\"height:24px;\"><\/div>\r\n    <div class=\"visible-lg\" style=\"height:24px;\"><\/div>\r\n<\/div><\/div>        <\/div>\r\n    <\/div>\r\n<\/section>\r\n\n","protected":false},"excerpt":{"rendered":"Na GESSTEEL respeitamos os seus dados pessoais e tendo em vista o cumprimento das respetivas pol\u00edticas de seguran\u00e7a de qualquer site, que devem ser obrigat\u00f3rias, informo-o do seguinte. Privacidade dos dados pessoais: Seus dados pessoais correspondem apenas a voc\u00ea e este site \u00e9 respons\u00e1vel por n\u00e3o revelar qualquer tipo de informa\u00e7\u00e3o que perten\u00e7a a voc\u00ea","protected":false},"author":1,"featured_media":0,"parent":0,"menu_order":8,"comment_status":"closed","ping_status":"closed","template":"","meta":{"_acf_changed":false,"_joinchat":[],"footnotes":""},"class_list":["post-4903","page","type-page","status-publish","hentry"],"acf":[],"aioseo_notices":[],"_links":{"self":[{"href":"https:\/\/www.gessteel.com\/br\/wp-json\/wp\/v2\/pages\/4903","targetHints":{"allow":["GET"]}}],"collection":[{"href":"https:\/\/www.gessteel.com\/br\/wp-json\/wp\/v2\/pages"}],"about":[{"href":"https:\/\/www.gessteel.com\/br\/wp-json\/wp\/v2\/types\/page"}],"author":[{"embeddable":true,"href":"https:\/\/www.gessteel.com\/br\/wp-json\/wp\/v2\/users\/1"}],"replies":[{"embeddable":true,"href":"https:\/\/www.gessteel.com\/br\/wp-json\/wp\/v2\/comments?post=4903"}],"version-history":[{"count":1,"href":"https:\/\/www.gessteel.com\/br\/wp-json\/wp\/v2\/pages\/4903\/revisions"}],"predecessor-version":[{"id":7356,"href":"https:\/\/www.gessteel.com\/br\/wp-json\/wp\/v2\/pages\/4903\/revisions\/7356"}],"wp:attachment":[{"href":"https:\/\/www.gessteel.com\/br\/wp-json\/wp\/v2\/media?parent=4903"}],"curies":[{"name":"wp","href":"https:\/\/api.w.org\/{rel}","templated":true}]}}