{"id":4904,"date":"2020-08-21T16:18:09","date_gmt":"2020-08-21T16:18:09","guid":{"rendered":"https:\/\/www.gessteel.com\/aviso-legal\/"},"modified":"2026-03-17T12:11:46","modified_gmt":"2026-03-17T12:11:46","slug":"aviso-legal","status":"publish","type":"page","link":"https:\/\/www.gessteel.com\/br\/aviso-legal\/","title":{"rendered":"Aviso Legal"},"content":{"rendered":"<section class=\"section  text-normal section-text-no-shadow section-inner-no-shadow section-normal section-opaque\"  >\r\n    \r\n    <div class=\"background-overlay grid-overlay-0 \" style=\"background-color: rgba(0,0,0,0);\"><\/div>\r\n\r\n    <div class=\"container container-vertical-default\">\r\n        <div class=\"row vertical-default\">\r\n            <div class=\"col-md-12     text-default small-screen-default\"  ><div class=\"col-text-1 text-normal  element-top-20 element-bottom-20\" data-os-animation=\"none\" data-os-animation-delay=\"0s\">\r\n    <div class=\"wpb_text_column wpb_content_element vc_column_text\">\n<div class=\"wpb_wrapper\">\n<p><span class=\"HwtZe\" lang=\"pt\"><span class=\"jCAhz ChMk0b\"><span class=\"ryNqvb\">Informamos que o propriet\u00e1rio deste site \u00e9:<\/span><\/span><\/span><\/p>\n<p><span class=\"HwtZe\" lang=\"pt\"><span class=\"jCAhz ChMk0b\"><span class=\"ryNqvb\">GESSTEEL AMERICA S.A. DE C.V., localizada na Calle Darwin 74, 30, Colonia Anzures, Miguel Hidalgo, Cidade do M\u00e9xico, M\u00e9xico.<\/span><\/span> <span class=\"jCAhz ChMk0b\"><span class=\"ryNqvb\">CNPJ: GAM220809850.<\/span><\/span><\/span><\/p>\n<p>A GESSTEEL pode fazer, a qualquer momento e sem a necessidade de aviso pr\u00e9vio, modifica\u00e7\u00f5es e atualiza\u00e7\u00f5es nas informa\u00e7\u00f5es contidas neste site ou em sua configura\u00e7\u00e3o ou apresenta\u00e7\u00e3o.<\/p>\n<p>Da mesma forma, a GESSTEEL n\u00e3o se responsabiliza por danos diretos ou indiretos que possam advir da utiliza\u00e7\u00e3o do site ou de seu conte\u00fado.<\/p>\n<p>O usu\u00e1rio concorda em usar o site e seu conte\u00fado corretamente. \u00c9 proibida a utiliza\u00e7\u00e3o do site para fins ilegais ou prejudiciais contra empresas ou terceiros, ou que possam causar danos ou impedir o funcionamento normal do site. Se violar a legisla\u00e7\u00e3o vigente, boa f\u00e9, usos, costumes ou ordem p\u00fablica, o usu\u00e1rio ser\u00e1 respons\u00e1vel.<\/p>\n<p>Qualquer link de terceiros para este site deve ser feito de boa f\u00e9 e respeitando os direitos do propriet\u00e1rio, e deve ser previamente comunicado \u00e0 GESSTEEL. Os direitos de propriedade intelectual e industrial do conte\u00fado do site e do seu design gr\u00e1fico s\u00e3o propriedade da GESSTEEL. Portanto, a sua reprodu\u00e7\u00e3o, distribui\u00e7\u00e3o e transforma\u00e7\u00e3o por terceiros \u00e9 proibida se n\u00e3o for autorizada. Os nomes comerciais, marcas registradas ou sinais distintivos de qualquer tipo contidos neste site s\u00e3o protegidos por lei.<\/p>\n<p>Qualquer utiliza\u00e7\u00e3o dos conte\u00fados do site a favor de terceiros sem autoriza\u00e7\u00e3o pr\u00e9via \u00e9 expressamente proibida.<\/p>\n<p>Caso queira fazer alguma sugest\u00e3o ou coment\u00e1rio, pode entrar em contato conosco por qualquer um dos meios disponibilizados aos usu\u00e1rios em nossa se\u00e7\u00e3o de contatos.<\/p>\n<\/div>\n<\/div>\n<\/div>\r\n<div class=\"divider-wrapper \" style=\"visibility:hidden;background-color:#FFFFFF\">\r\n    <div class=\"visible-xs\" style=\"height:24px;\"><\/div>\r\n    <div class=\"visible-sm\" style=\"height:24px;\"><\/div>\r\n    <div class=\"visible-md\" style=\"height:24px;\"><\/div>\r\n    <div class=\"visible-lg\" style=\"height:24px;\"><\/div>\r\n<\/div><\/div>        <\/div>\r\n    <\/div>\r\n<\/section>\r\n\n","protected":false},"excerpt":{"rendered":"Informamos que o propriet\u00e1rio deste site \u00e9: GESSTEEL AMERICA S.A. DE C.V., localizada na Calle Darwin 74, 30, Colonia Anzures, Miguel Hidalgo, Cidade do M\u00e9xico, M\u00e9xico. CNPJ: GAM220809850. A GESSTEEL pode fazer, a qualquer momento e sem a necessidade de aviso pr\u00e9vio, modifica\u00e7\u00f5es e atualiza\u00e7\u00f5es nas informa\u00e7\u00f5es contidas neste site ou em sua configura\u00e7\u00e3o ou","protected":false},"author":1,"featured_media":0,"parent":0,"menu_order":7,"comment_status":"closed","ping_status":"closed","template":"","meta":{"_acf_changed":false,"_joinchat":[],"footnotes":""},"class_list":["post-4904","page","type-page","status-publish","hentry"],"acf":[],"aioseo_notices":[],"_links":{"self":[{"href":"https:\/\/www.gessteel.com\/br\/wp-json\/wp\/v2\/pages\/4904","targetHints":{"allow":["GET"]}}],"collection":[{"href":"https:\/\/www.gessteel.com\/br\/wp-json\/wp\/v2\/pages"}],"about":[{"href":"https:\/\/www.gessteel.com\/br\/wp-json\/wp\/v2\/types\/page"}],"author":[{"embeddable":true,"href":"https:\/\/www.gessteel.com\/br\/wp-json\/wp\/v2\/users\/1"}],"replies":[{"embeddable":true,"href":"https:\/\/www.gessteel.com\/br\/wp-json\/wp\/v2\/comments?post=4904"}],"version-history":[{"count":7,"href":"https:\/\/www.gessteel.com\/br\/wp-json\/wp\/v2\/pages\/4904\/revisions"}],"predecessor-version":[{"id":7312,"href":"https:\/\/www.gessteel.com\/br\/wp-json\/wp\/v2\/pages\/4904\/revisions\/7312"}],"wp:attachment":[{"href":"https:\/\/www.gessteel.com\/br\/wp-json\/wp\/v2\/media?parent=4904"}],"curies":[{"name":"wp","href":"https:\/\/api.w.org\/{rel}","templated":true}]}}