{"id":4905,"date":"2020-08-21T11:11:34","date_gmt":"2020-08-21T11:11:34","guid":{"rendered":"https:\/\/www.gessteel.com\/academia-gessteel\/"},"modified":"2026-03-17T12:11:45","modified_gmt":"2026-03-17T12:11:45","slug":"academia-gessteel","status":"publish","type":"page","link":"https:\/\/www.gessteel.com\/br\/academia-gessteel\/","title":{"rendered":"Academia GesSteel"},"content":{"rendered":"<section class=\"section  text-normal section-text-no-shadow section-inner-no-shadow section-normal section-opaque\"  >\r\n    \r\n    <div class=\"background-overlay grid-overlay-0 \" style=\"background-color: rgba(0,0,0,0);\"><\/div>\r\n\r\n    <div class=\"container container-vertical-middle\">\r\n        <div class=\"row vertical-middle\">\r\n            <div class=\"col-md-2     text-default small-screen-default\"  ><\/div><div class=\"col-md-8     text-center small-screen-default\"  ><h2 class=\"text-center orange-text element-top-20 element-bottom-20 text-normal bigger default\" data-os-animation=\"none\" data-os-animation-delay=\"0s\" >\r\n    Forma\u00e7\u00e3o E-Learning StruMIS    \r\n<\/h2>\r\n<div class=\"col-text-1 text-normal text-intermig gs-text-weight element-top-20 element-bottom-20\" data-os-animation=\"none\" data-os-animation-delay=\"0s\">\r\n    <p style=\"text-align: center;\"><strong>Aprenda com nossos cursos<\/strong> de E-learning como desenvolver as habilidades necess\u00e1rias para <strong>planejar e controlar<\/strong> seus projetos com o <strong>StruMIS<\/strong>.<\/p>\n<p style=\"text-align: center;\">Academia Gessteel \u00e9 uma plataforma de E-learning ou LMS (Learning Mangement System) e tem como objetivo principal\u00a0<strong>facilitar<\/strong>\u00a0aos respons\u00e1veis da <strong>implanta\u00e7\u00e3o<\/strong> do StruMIS um ambiente virtual personalizado com todas aquelas funcionalidades que simplificam e tornar o processo de aprendizagem de software mais f\u00e1cil.<\/p>\n<p style=\"text-align: center;\">Academia Gessteel \u00e9 uma ferramenta b\u00e1sica hoje em dia para a implanta\u00e7\u00e3o do StruMIS em qualquer empresa. Por qu\u00ea? Porque mais que nunca\u00a0a educa\u00e7\u00e3o requer adaptar-se a carga de trabalho da empresa proporcionando flexibilidade\u00a0e\u00a0acessibilidade manuten\u00e7\u00e3o com padr\u00f5es de qualidade e avalia\u00e7\u00f5es de usu\u00e1rios.\u00a0\u00c9 dizer, <strong>o usu\u00e1rio pode se conectar e acessar desde, onde e quando quiser<\/strong>.<\/p>\n<\/div>\r\n<div class=\"divider-wrapper \" style=\"visibility:hidden;background-color:#FFFFFF\">\r\n    <div class=\"visible-xs\" style=\"height:24px;\"><\/div>\r\n    <div class=\"visible-sm\" style=\"height:24px;\"><\/div>\r\n    <div class=\"visible-md\" style=\"height:24px;\"><\/div>\r\n    <div class=\"visible-lg\" style=\"height:24px;\"><\/div>\r\n<\/div>[vc_btn title=&#8221;IR PARA O CAMPUS&#8221; color=&#8221;warning&#8221; size=&#8221;lg&#8221; align=&#8221;center&#8221; link=&#8221;url:https%3A%2F%2Facademia.gessteel.com%2F||target:%20_blank|&#8221; el_class=&#8221;gs-botton-simple botton-academia&#8221;]<div class=\"divider-wrapper \" style=\"visibility:hidden;background-color:#FFFFFF\">\r\n    <div class=\"visible-xs\" style=\"height:24px;\"><\/div>\r\n    <div class=\"visible-sm\" style=\"height:24px;\"><\/div>\r\n    <div class=\"visible-md\" style=\"height:24px;\"><\/div>\r\n    <div class=\"visible-lg\" style=\"height:24px;\"><\/div>\r\n<\/div><\/div><div class=\"col-md-2     text-default small-screen-default\"  ><\/div>        <\/div>\r\n    <\/div>\r\n<\/section>\r\n\n","protected":false},"excerpt":{"rendered":"Forma\u00e7\u00e3o E-Learning StruMIS Aprenda com nossos cursos de E-learning como desenvolver as habilidades necess\u00e1rias para planejar e controlar seus projetos com o StruMIS. Academia Gessteel \u00e9 uma plataforma de E-learning ou LMS (Learning Mangement System) e tem como objetivo principal\u00a0facilitar\u00a0aos respons\u00e1veis da implanta\u00e7\u00e3o do StruMIS um ambiente virtual personalizado com todas aquelas funcionalidades que simplificam","protected":false},"author":1,"featured_media":0,"parent":0,"menu_order":3,"comment_status":"closed","ping_status":"closed","template":"","meta":{"_acf_changed":false,"_joinchat":[],"footnotes":""},"class_list":["post-4905","page","type-page","status-publish","hentry"],"acf":[],"aioseo_notices":[],"_links":{"self":[{"href":"https:\/\/www.gessteel.com\/br\/wp-json\/wp\/v2\/pages\/4905","targetHints":{"allow":["GET"]}}],"collection":[{"href":"https:\/\/www.gessteel.com\/br\/wp-json\/wp\/v2\/pages"}],"about":[{"href":"https:\/\/www.gessteel.com\/br\/wp-json\/wp\/v2\/types\/page"}],"author":[{"embeddable":true,"href":"https:\/\/www.gessteel.com\/br\/wp-json\/wp\/v2\/users\/1"}],"replies":[{"embeddable":true,"href":"https:\/\/www.gessteel.com\/br\/wp-json\/wp\/v2\/comments?post=4905"}],"version-history":[{"count":1,"href":"https:\/\/www.gessteel.com\/br\/wp-json\/wp\/v2\/pages\/4905\/revisions"}],"predecessor-version":[{"id":5114,"href":"https:\/\/www.gessteel.com\/br\/wp-json\/wp\/v2\/pages\/4905\/revisions\/5114"}],"wp:attachment":[{"href":"https:\/\/www.gessteel.com\/br\/wp-json\/wp\/v2\/media?parent=4905"}],"curies":[{"name":"wp","href":"https:\/\/api.w.org\/{rel}","templated":true}]}}