{"id":5038,"date":"2014-09-29T11:00:53","date_gmt":"2014-09-29T11:00:53","guid":{"rendered":"https:\/\/www.gessteel.com\/erro-404-pagina-nao-encontrada\/"},"modified":"2026-03-17T12:11:46","modified_gmt":"2026-03-17T12:11:46","slug":"erro-404-pagina-nao-encontrada","status":"publish","type":"page","link":"https:\/\/www.gessteel.com\/br\/erro-404-pagina-nao-encontrada\/","title":{"rendered":"Erro 404 &#8211; P\u00e1gina N\u00e3o Encontrada"},"content":{"rendered":"<section class=\"section  text-normal section-text-no-shadow section-inner-no-shadow section-normal section-opaque\"  >\r\n    \r\n    <div class=\"background-overlay grid-overlay-0 \" style=\"background-color: rgba(0,0,0,0);\"><\/div>\r\n\r\n    <div class=\"container container-vertical-default\">\r\n        <div class=\"row vertical-default\">\r\n            <div class=\"col-md-2     text-default small-screen-default\"  ><\/div><div class=\"col-md-8     text-default small-screen-default\"  ><h2 class=\"text-center orange-text element-top-20 element-bottom-20 text-normal bigger default\" data-os-animation=\"none\" data-os-animation-delay=\"0s\" >\r\n    P\u00c1GINA N\u00c3O ENCONTRADA    \r\n<\/h2>\r\n<div class=\"col-text-1 text-normal text-intermig element-top-20 element-bottom-20\" data-os-animation=\"none\" data-os-animation-delay=\"0s\">\r\n    <p style=\"text-align: center;\"><strong>Parece que houve um problema!<\/strong> A p\u00e1gina que voc\u00ea digitou n\u00e3o existe, <a title=\"Come\u00e7ar\" href=\"https:\/\/www.gessteel.com\/pt-pt\/\">volte ao in\u00edcio<\/a> para continuar com sua navega\u00e7\u00e3o normal, obrigado pela compreens\u00e3o!<\/p>\n<\/div>\r\n<div class=\"divider-wrapper \" style=\"visibility:hidden;background-color:#FFFFFF\">\r\n    <div class=\"visible-xs\" style=\"height:24px;\"><\/div>\r\n    <div class=\"visible-sm\" style=\"height:24px;\"><\/div>\r\n    <div class=\"visible-md\" style=\"height:24px;\"><\/div>\r\n    <div class=\"visible-lg\" style=\"height:24px;\"><\/div>\r\n<\/div>[vc_btn title=&#8221;VOLTAR AO IN\u00cdCIO&#8221; color=&#8221;warning&#8221; align=&#8221;center&#8221; link=&#8221;url:https%3A%2F%2Fwww.gessteel.com%2Fpt-pt%2F|title:Come%C3%A7ar&#8221;]<div class=\"divider-wrapper \" style=\"visibility:hidden;background-color:#FFFFFF\">\r\n    <div class=\"visible-xs\" style=\"height:24px;\"><\/div>\r\n    <div class=\"visible-sm\" style=\"height:24px;\"><\/div>\r\n    <div class=\"visible-md\" style=\"height:24px;\"><\/div>\r\n    <div class=\"visible-lg\" style=\"height:24px;\"><\/div>\r\n<\/div><\/div><div class=\"col-md-2     text-default small-screen-default\"  ><\/div>        <\/div>\r\n    <\/div>\r\n<\/section>\r\n<section class=\"section  text-normal section-text-no-shadow section-inner-no-shadow section-normal section-opaque\"  >\r\n    \r\n    <div class=\"background-overlay grid-overlay-0 \" style=\"background-color: rgba(250,250,250,1);\"><\/div>\r\n\r\n    <div class=\"container container-vertical-default\">\r\n        <div class=\"row vertical-default\">\r\n            <div class=\"col-md-12     text-default small-screen-default\"  ><h2 class=\"text-left  element-top-70 element-bottom-0 text-normal os-animation big default\" data-os-animation=\"fadeIn\" data-os-animation-delay=\"0s\" >\r\n    \u00daltimas not\u00edcias    \r\n<\/h2>\r\n<div class=\"divider-border  divider-border-left element-top-10 element-bottom-10 os-animation\" data-os-animation=\"fadeIn\" data-os-animation-delay=\"0.1s\"  style=\"height:3px;\">\r\n    <div class=\"divider-border-inner\"  style=\"width:60px;\"><\/div>\r\n<\/div><p class=\"lead text-left left  text-normal element-top-0 element-bottom-40 os-animation \" data-os-animation=\"fadeIn\" data-os-animation-delay=\"0.2s\">Encontre aqui todas as novidades relacionadas ao STRUMIS: Not\u00edcias, Eventos e Webinars.<\/p> <div class=\" element-top-0 element-bottom-50 recent-simple-os-container list-container row\">\r\n    \r\n        <div class=\"col-md-4\" data-os-animation=\"none\" data-os-animation-delay=\"0s\">\r\n\r\n        <article id=\"post-5047\" class=\"post-grid post-grid-overlay element-bottom-20 text-left\" style=\"background-image: url(https:\/\/www.gessteel.com\/wp-content\/uploads\/2022\/06\/Diseno-sin-titulo-2023-02-07T092914.696.png)\">\r\n    <a href=\"https:\/\/www.gessteel.com\/br\/novo-cliente-e-parceiro-2\/\">\r\n        <div class=\"post-grid-content\">\r\n            <h3 class=\"post-grid-content-title\">\r\n                FEBRUCE novo cliente e parceiro!            <\/h3>\r\n            <div class=\"post-grid-content-footer\">\r\n                                            <\/div>\r\n        <\/div>\r\n    <\/a>\r\n<\/article>\r\n\r\n        <\/div>\r\n        \r\n        <div class=\"col-md-4\" data-os-animation=\"none\" data-os-animation-delay=\"0s\">\r\n\r\n        <article id=\"post-5637\" class=\"post-grid post-grid-overlay element-bottom-20 text-left\" style=\"background-image: url(https:\/\/www.gessteel.com\/wp-content\/uploads\/2022\/06\/Diseno-sin-titulo-2023-02-07T092930.021.png)\">\r\n    <a href=\"https:\/\/www.gessteel.com\/br\/cpc-nosso-novo-cliente-e-parceiro\/\">\r\n        <div class=\"post-grid-content\">\r\n            <h3 class=\"post-grid-content-title\">\r\n                CPC novo cliente e parceiro!            <\/h3>\r\n            <div class=\"post-grid-content-footer\">\r\n                                            <\/div>\r\n        <\/div>\r\n    <\/a>\r\n<\/article>\r\n\r\n        <\/div>\r\n        \r\n        <div class=\"col-md-4\" data-os-animation=\"none\" data-os-animation-delay=\"0s\">\r\n\r\n        <article id=\"post-5048\" class=\"post-grid post-grid-overlay element-bottom-20 text-left\" style=\"background-image: url(https:\/\/www.gessteel.com\/wp-content\/uploads\/2022\/06\/Diseno-sin-titulo-2023-02-07T093153.932.png)\">\r\n    <a href=\"https:\/\/www.gessteel.com\/br\/novo-cliente-e-parceiro\/\">\r\n        <div class=\"post-grid-content\">\r\n            <h3 class=\"post-grid-content-title\">\r\n                SEMAM novo cliente e parceiro!            <\/h3>\r\n            <div class=\"post-grid-content-footer\">\r\n                                            <\/div>\r\n        <\/div>\r\n    <\/a>\r\n<\/article>\r\n\r\n        <\/div>\r\n        <\/div>\r\n<\/div>        <\/div>\r\n    <\/div>\r\n<\/section>\n","protected":false},"excerpt":{"rendered":"A Gessteel tem o prazer em receber a FEBRUCE como um cliente e parceiro! STRUMIS, o software l\u00edder para a gest\u00e3o da produ\u00e7\u00e3o de estruturas met\u00e1licas Fundada em novembro de 1984 na regi\u00e3o oeste do Paran\u00e1, focando na fabrica\u00e7\u00e3o e montagem de pequenas coberturas de galp\u00f5es, gin\u00e1sios de esporte. Atualmente sediado na regi\u00e3o metropolitana de","protected":false},"author":1,"featured_media":0,"parent":0,"menu_order":11,"comment_status":"closed","ping_status":"closed","template":"","meta":{"_acf_changed":false,"_joinchat":[],"footnotes":""},"class_list":["post-5038","page","type-page","status-publish","hentry"],"acf":[],"aioseo_notices":[],"_links":{"self":[{"href":"https:\/\/www.gessteel.com\/br\/wp-json\/wp\/v2\/pages\/5038","targetHints":{"allow":["GET"]}}],"collection":[{"href":"https:\/\/www.gessteel.com\/br\/wp-json\/wp\/v2\/pages"}],"about":[{"href":"https:\/\/www.gessteel.com\/br\/wp-json\/wp\/v2\/types\/page"}],"author":[{"embeddable":true,"href":"https:\/\/www.gessteel.com\/br\/wp-json\/wp\/v2\/users\/1"}],"replies":[{"embeddable":true,"href":"https:\/\/www.gessteel.com\/br\/wp-json\/wp\/v2\/comments?post=5038"}],"version-history":[{"count":1,"href":"https:\/\/www.gessteel.com\/br\/wp-json\/wp\/v2\/pages\/5038\/revisions"}],"predecessor-version":[{"id":7357,"href":"https:\/\/www.gessteel.com\/br\/wp-json\/wp\/v2\/pages\/5038\/revisions\/7357"}],"wp:attachment":[{"href":"https:\/\/www.gessteel.com\/br\/wp-json\/wp\/v2\/media?parent=5038"}],"curies":[{"name":"wp","href":"https:\/\/api.w.org\/{rel}","templated":true}]}}