{"id":5411,"date":"2022-07-05T17:02:30","date_gmt":"2022-07-05T17:02:30","guid":{"rendered":"https:\/\/www.gessteel.com\/just-plan-it-2\/"},"modified":"2026-03-17T12:11:47","modified_gmt":"2026-03-17T12:11:47","slug":"just-plan-it","status":"publish","type":"page","link":"https:\/\/www.gessteel.com\/br\/just-plan-it\/","title":{"rendered":"Just Plan it"},"content":{"rendered":"<section class=\"section gs-content-solutions text-normal section-text-no-shadow section-inner-no-shadow section-normal section-opaque\"  >\r\n    \r\n    <div class=\"background-overlay grid-overlay-0 \" style=\"background-color: rgba(0,0,0,0);\"><\/div>\r\n\r\n    <div class=\"container container-vertical-default\">\r\n        <div class=\"row vertical-default\">\r\n            <div class=\"col-md-12     text-center small-screen-default\"  ><h2 class=\"text-center orange-text title-solutions element-top-50 element-bottom-20 text-normal bigger default\" data-os-animation=\"none\" data-os-animation-delay=\"0s\" >\r\n    JUST PLAN IT    \r\n<\/h2>\r\n<h2 class=\"text-center orange-text title-solutions element-top-50 element-bottom-0 text-normal bigger default\" data-os-animation=\"none\" data-os-animation-delay=\"0s\" >\r\n    AUMENTE SUA PRODUTIVIDADE COM PLANEJAMENTO AUTOM\u00c1TICO DE PRODU\u00c7\u00c3O    \r\n<\/h2>\r\n<div class=\"divider-wrapper \" style=\"visibility:hidden;background-color:#FFFFFF\">\r\n    <div class=\"visible-xs\" style=\"height:41px;\"><\/div>\r\n    <div class=\"visible-sm\" style=\"height:40px;\"><\/div>\r\n    <div class=\"visible-md\" style=\"height:41px;\"><\/div>\r\n    <div class=\"visible-lg\" style=\"height:20px;\"><\/div>\r\n<\/div><div class=\"row \"><div class=\"col-md-6     text-default small-screen-default\"  ><div class=\"col-text-1 text-normal  element-top-90 element-bottom-40\" data-os-animation=\"none\" data-os-animation-delay=\"0s\">\r\n    <h2 style=\"text-align: left;\"><strong>Just Plan it <\/strong><span class=\"Y2IQFc\" lang=\"pt\">\u00e9 o software ideal para automatizar seu planejamento produtivo e torn\u00e1-lo visual. Al\u00e9m disso, voc\u00ea poder\u00e1 simular cen\u00e1rios em tempo real para que possa entregar seus pedidos no prazo e otimizar o uso de seus recursos.<\/span><\/h2>\n<\/div>\r\n<\/div><div class=\"col-md-6     text-center small-screen-center\"  ><div class=\"figure element-top-0 element-bottom-20  \" data-os-animation=\"none\" data-os-animation-delay=\"0s\">\r\n            <a href=\"https:\/\/www.gessteel.com\/wp-content\/uploads\/2023\/06\/Macbook-sin-fondo-JPI.png\" class=\"figure-image magnific\" target=\"_self\">\r\n        <img loading=\"lazy\" decoding=\"async\" width=\"1142\" height=\"676\" src=\"https:\/\/www.gessteel.com\/wp-content\/uploads\/2023\/06\/Macbook-sin-fondo-JPI.png\" class=\"attachment-full size-full\" alt=\"\" srcset=\"https:\/\/www.gessteel.com\/wp-content\/uploads\/2023\/06\/Macbook-sin-fondo-JPI.png 1142w, https:\/\/www.gessteel.com\/wp-content\/uploads\/2023\/06\/Macbook-sin-fondo-JPI-300x178.png 300w, https:\/\/www.gessteel.com\/wp-content\/uploads\/2023\/06\/Macbook-sin-fondo-JPI-1024x606.png 1024w, https:\/\/www.gessteel.com\/wp-content\/uploads\/2023\/06\/Macbook-sin-fondo-JPI-768x455.png 768w\" sizes=\"auto, (max-width: 1142px) 100vw, 1142px\" \/>            <\/a>\r\n    <\/div>\r\n<\/div><\/div><\/div>        <\/div>\r\n    <\/div>\r\n<\/section>\r\n<section class=\"section  text-normal section-text-no-shadow section-inner-no-shadow section-normal section-opaque\"  >\r\n    \r\n    <div class=\"background-overlay grid-overlay-0 \" style=\"background-color: rgba(84,83,83,1);\"><\/div>\r\n\r\n    <div class=\"container container-vertical-default\">\r\n        <div class=\"row vertical-default\">\r\n            <div class=\"col-md-12     text-default small-screen-default\"  style=\"background:#545353;\"><div class=\"col-text-1 text-normal  element-top-20 element-bottom-20\" data-os-animation=\"none\" data-os-animation-delay=\"0s\">\r\n    <h2 id=\"tw-target-text\" class=\"tw-data-text tw-text-large tw-ta\" dir=\"ltr\" style=\"text-align: center;\" data-placeholder=\"Tradu\u00e7\u00e3o\"><span class=\"Y2IQFc\" lang=\"pt\" style=\"color: #ffffff;\">QUAIS OS BENEF\u00cdCIOS TANG\u00cdVEIS OBTIDOS PELO PLANEJAMENTO DA PRODU\u00c7\u00c3O?<\/span><\/h2>\n<\/div>\r\n<div class=\"row \"><div class=\"col-md-4     text-default small-screen-default\"  ><div class=\"figure element-top-40 element-bottom-20  \" data-os-animation=\"none\" data-os-animation-delay=\"0s\">\r\n            <a href=\"https:\/\/www.gessteel.com\/wp-content\/uploads\/2022\/07\/1_2.png\" class=\"figure-image magnific\" target=\"_self\">\r\n        <img loading=\"lazy\" decoding=\"async\" width=\"1024\" height=\"608\" src=\"https:\/\/www.gessteel.com\/wp-content\/uploads\/2022\/07\/1_2-1024x608.png\" class=\"attachment-large size-large\" alt=\"\" srcset=\"https:\/\/www.gessteel.com\/wp-content\/uploads\/2022\/07\/1_2-1024x608.png 1024w, https:\/\/www.gessteel.com\/wp-content\/uploads\/2022\/07\/1_2-300x178.png 300w, https:\/\/www.gessteel.com\/wp-content\/uploads\/2022\/07\/1_2-768x456.png 768w, https:\/\/www.gessteel.com\/wp-content\/uploads\/2022\/07\/1_2.png 1500w\" sizes=\"auto, (max-width: 1024px) 100vw, 1024px\" \/>            <\/a>\r\n    <\/div>\r\n<div class=\"col-text-1 text-normal  element-top-20 element-bottom-20\" data-os-animation=\"none\" data-os-animation-delay=\"0s\">\r\n    <h2 style=\"text-align: center;\"><span style=\"color: #ffffff;\"><strong><span class=\"JsGRdQ\">Aumente sua renda em mais de 25%<\/span><\/strong><\/span><\/h2>\n<\/div>\r\n<\/div><div class=\"col-md-4     text-default small-screen-default\"  ><div class=\"figure element-top-40 element-bottom-20  \" data-os-animation=\"none\" data-os-animation-delay=\"0s\">\r\n            <a href=\"https:\/\/www.gessteel.com\/wp-content\/uploads\/2022\/07\/2_2.png\" class=\"figure-image magnific\" target=\"_self\">\r\n        <img loading=\"lazy\" decoding=\"async\" width=\"1024\" height=\"608\" src=\"https:\/\/www.gessteel.com\/wp-content\/uploads\/2022\/07\/2_2-1024x608.png\" class=\"attachment-large size-large\" alt=\"\" srcset=\"https:\/\/www.gessteel.com\/wp-content\/uploads\/2022\/07\/2_2-1024x608.png 1024w, https:\/\/www.gessteel.com\/wp-content\/uploads\/2022\/07\/2_2-300x178.png 300w, https:\/\/www.gessteel.com\/wp-content\/uploads\/2022\/07\/2_2-768x456.png 768w, https:\/\/www.gessteel.com\/wp-content\/uploads\/2022\/07\/2_2.png 1500w\" sizes=\"auto, (max-width: 1024px) 100vw, 1024px\" \/>            <\/a>\r\n    <\/div>\r\n<div class=\"col-text-1 text-normal  element-top-20 element-bottom-0\" data-os-animation=\"none\" data-os-animation-delay=\"0s\">\r\n    <h2 style=\"text-align: center;\"><span style=\"color: #ffffff;\"><strong><span class=\"JsGRdQ\">Reduza seus prazos de entrega em pelo menos 20%<\/span><\/strong><\/span><\/h2>\n<\/div>\r\n<\/div><div class=\"col-md-4     text-default small-screen-default\"  ><div class=\"figure element-top-40 element-bottom-20  \" data-os-animation=\"none\" data-os-animation-delay=\"0s\">\r\n            <a href=\"https:\/\/www.gessteel.com\/wp-content\/uploads\/2022\/07\/3_2.png\" class=\"figure-image magnific\" target=\"_self\">\r\n        <img loading=\"lazy\" decoding=\"async\" width=\"1024\" height=\"608\" src=\"https:\/\/www.gessteel.com\/wp-content\/uploads\/2022\/07\/3_2-1024x608.png\" class=\"attachment-large size-large\" alt=\"\" srcset=\"https:\/\/www.gessteel.com\/wp-content\/uploads\/2022\/07\/3_2-1024x608.png 1024w, https:\/\/www.gessteel.com\/wp-content\/uploads\/2022\/07\/3_2-300x178.png 300w, https:\/\/www.gessteel.com\/wp-content\/uploads\/2022\/07\/3_2-768x456.png 768w, https:\/\/www.gessteel.com\/wp-content\/uploads\/2022\/07\/3_2.png 1500w\" sizes=\"auto, (max-width: 1024px) 100vw, 1024px\" \/>            <\/a>\r\n    <\/div>\r\n<div class=\"col-text-1 text-normal  element-top-20 element-bottom-20\" data-os-animation=\"none\" data-os-animation-delay=\"0s\">\r\n    <h2 style=\"text-align: center;\"><span class=\"JsGRdQ\" style=\"color: #ffffff;\"><strong>Alcance &gt;90 % de entrega no prazo<\/strong>\u00a0 \u00a0\u00a0<\/span><\/h2>\n<\/div>\r\n<\/div><\/div><\/div><div class=\"col-md-12     text-default small-screen-default\"  ><\/div>        <\/div>\r\n    <\/div>\r\n<\/section>\r\n<section class=\"section gs-content-solutions text-normal section-text-no-shadow section-inner-no-shadow section-normal section-opaque\"  >\r\n    \r\n    <div class=\"background-overlay grid-overlay-0 \" style=\"background-color: rgba(0,0,0,0);\"><\/div>\r\n\r\n    <div class=\"container container-vertical-default\">\r\n        <div class=\"row vertical-default\">\r\n            <div class=\"col-md-12     text-default small-screen-default\"  ><div class=\"divider-wrapper \" style=\"visibility:hidden;background-color:#FFFFFF\">\r\n    <div class=\"visible-xs\" style=\"height:20px;\"><\/div>\r\n    <div class=\"visible-sm\" style=\"height:20px;\"><\/div>\r\n    <div class=\"visible-md\" style=\"height:20px;\"><\/div>\r\n    <div class=\"visible-lg\" style=\"height:20px;\"><\/div>\r\n<\/div><h2 class=\"text-center orange-text title-solutions element-top-20 element-bottom-20 text-normal bigger default\" data-os-animation=\"none\" data-os-animation-delay=\"0s\" >\r\n    O QUE POSSO OBTER COM A JUST PLAN IT?    \r\n<\/h2>\r\n<div class=\"divider-wrapper \" style=\"visibility:hidden;background-color:#FFFFFF\">\r\n    <div class=\"visible-xs\" style=\"height:20px;\"><\/div>\r\n    <div class=\"visible-sm\" style=\"height:20px;\"><\/div>\r\n    <div class=\"visible-md\" style=\"height:20px;\"><\/div>\r\n    <div class=\"visible-lg\" style=\"height:20px;\"><\/div>\r\n<\/div><div class=\"row \"><div class=\"col-md-6     text-center small-screen-default\"  ><div class=\"col-text-1 text-normal text-intermig gs-text-weight element-top-0 element-bottom-20\" data-os-animation=\"none\" data-os-animation-delay=\"0s\">\r\n    <div style=\"text-align: left;\"><\/div>\n<div class=\"clearfix\" style=\"text-align: left;\">\u2611 Planeje de forma f\u00e1cil, r\u00e1pida e visual.<\/div>\n<div style=\"text-align: left;\"><\/div>\n<div class=\"column-content \" style=\"text-align: left;\">\n<p>\u2611 Planejamento constantemente atualizado.<\/p>\n<p>\u2611 Saiba imediatamente o impacto no planejamento causado por\u00a0 imprevistos ou determinadas situa\u00e7\u00f5es que acontecem no dia a dia: algu\u00e9m solicita f\u00e9rias, avarias, manuten\u00e7\u00e3o de m\u00e1quinas, etc.<\/p>\n<p>\u2611 Simula\u00e7\u00e3o de cen\u00e1rios (What If)\u00a0 imediatamente: Um comercial nos pergunta se temos capacidade para incluir um novo pedido, em quanto tempo preciso subcontratar, etc.<\/p>\n<p>\u2611 An\u00e1lise e libera\u00e7\u00e3o de gargalos que limitam a capacidade. Identifique rapidamente seus recursos limitadores e descubra o que voc\u00ea pode fazer para eliminar essas limita\u00e7\u00f5es.<\/p>\n<p>\u2611 Gerenciamento imediato de mudan\u00e7as no planejamento.<\/p>\n<p>\u2611 Grande simplifica\u00e7\u00e3o e maior precis\u00e3o do processo de planejamento.<\/p>\n<p>\u2611 Link com ERP, Business Intelligence, etc.<\/p>\n<\/div>\n<div class=\"widget gsc-heading align-left style-1 text-light \" style=\"text-align: left;\">\n<div class=\"title-desc\">\n<h3 style=\"text-align: left;\">Mais de 1.000 usu\u00e1rios ativos em todo o mundo!<\/h3>\n<\/div>\n<\/div>\n<\/div>\r\n<div class=\"figure element-top-40 element-bottom-20  \" data-os-animation=\"none\" data-os-animation-delay=\"0s\">\r\n            <a href=\"https:\/\/www.gessteel.com\/wp-content\/uploads\/2022\/07\/Capturar-app.jpg\" class=\"figure-image magnific\" target=\"_self\">\r\n        <img loading=\"lazy\" decoding=\"async\" width=\"261\" height=\"494\" src=\"https:\/\/www.gessteel.com\/wp-content\/uploads\/2022\/07\/Capturar-app.jpg\" class=\"attachment-full size-full\" alt=\"\" srcset=\"https:\/\/www.gessteel.com\/wp-content\/uploads\/2022\/07\/Capturar-app.jpg 261w, https:\/\/www.gessteel.com\/wp-content\/uploads\/2022\/07\/Capturar-app-159x300.jpg 159w\" sizes=\"auto, (max-width: 261px) 100vw, 261px\" \/>            <\/a>\r\n    <\/div>\r\n<\/div><div class=\"col-md-6     text-default small-screen-default\"  ><div class=\"figure element-top-0 element-bottom-20  \" data-os-animation=\"none\" data-os-animation-delay=\"0s\">\r\n            <a href=\"https:\/\/www.gessteel.com\/wp-content\/uploads\/2022\/07\/just-plan-it-interface.png\" class=\"figure-image magnific\" target=\"_self\">\r\n        <img loading=\"lazy\" decoding=\"async\" width=\"670\" height=\"631\" src=\"https:\/\/www.gessteel.com\/wp-content\/uploads\/2022\/07\/just-plan-it-interface.png\" class=\"attachment-full size-full\" alt=\"\" srcset=\"https:\/\/www.gessteel.com\/wp-content\/uploads\/2022\/07\/just-plan-it-interface.png 670w, https:\/\/www.gessteel.com\/wp-content\/uploads\/2022\/07\/just-plan-it-interface-300x283.png 300w\" sizes=\"auto, (max-width: 670px) 100vw, 670px\" \/>            <\/a>\r\n    <\/div>\r\n<h2 class=\"text-center orange-text title-solutions element-top-100 element-bottom-20 text-normal bigger default\" data-os-animation=\"none\" data-os-animation-delay=\"0s\" >\r\n    CONTROLE O QUE ACONTECE EM SUA F\u00c1BRICA    \r\n<\/h2>\r\n<div class=\"col-text-1 text-normal  element-top-20 element-bottom-20\" data-os-animation=\"none\" data-os-animation-delay=\"0s\">\r\n    <h3>\u2611 O planejamento de produ\u00e7\u00e3o o ajudar\u00e1 a controlar sua f\u00e1brica.<\/h3>\n<h3>\u2611 A programa\u00e7\u00e3o de produ\u00e7\u00e3o adequada oferece transpar\u00eancia para que voc\u00ea possa agir mais rapidamente.<\/h3>\n<h3>\u2611 Maximize o desempenho: aumente a utiliza\u00e7\u00e3o da capacidade, aumente a efici\u00eancia dos recursos, reduza prazos de entrega e entregue no prazo.<\/h3>\n<\/div>\r\n<\/div><\/div><div class=\"divider-wrapper \" style=\"visibility:hidden;background-color:#FFFFFF\">\r\n    <div class=\"visible-xs\" style=\"height:20px;\"><\/div>\r\n    <div class=\"visible-sm\" style=\"height:20px;\"><\/div>\r\n    <div class=\"visible-md\" style=\"height:20px;\"><\/div>\r\n    <div class=\"visible-lg\" style=\"height:20px;\"><\/div>\r\n<\/div><\/div>        <\/div>\r\n    <\/div>\r\n<\/section>\r\n<section class=\"section  hidden-lg hidden-md hidden-sm hidden-xs text-normal section-text-no-shadow section-inner-no-shadow section-normal section-opaque\"  >\r\n    \r\n    <div class=\"background-overlay grid-overlay-0 \" style=\"background-color: rgba(103,100,98,1);\"><\/div>\r\n\r\n    <div class=\"container-fullwidth container-vertical-middle\">\r\n        <div class=\"row vertical-middle\">\r\n            <div class=\"col-md-6     text-default small-screen-default\"  style=\"background:#f6f6f6;\"><div id=\"flexslider-669\" class=\" element-top-0 element-bottom-0 text-center text-normal flexslider feature-slider\" data-os-animation=\"none\" data-os-animation-delay=\"0s\" data-flex-animation=\"fade\" data-flex-controls-position=\"outside\" data-flex-controlsalign=\"center\" data-flex-directions=\"hide\" data-flex-speed=\"7000\" data-flex-controls=\"hide\" data-flex-slideshow=\"true\">\r\n    <ul class=\"slides\">        <li>\r\n            <blockquote class=\"blockquote-simple\" >\r\n    <h1>Ferm\u00edn Villalba, Diretor Geral<\/h1>\r\n\r\n\r\n    <img loading=\"lazy\" decoding=\"async\" width=\"150\" height=\"150\" src=\"https:\/\/www.gessteel.com\/wp-content\/uploads\/2020\/10\/prometal-logo-150x150.png\" class=\"attachment-thumbnail size-thumbnail wp-post-image\" alt=\"\" srcset=\"https:\/\/www.gessteel.com\/wp-content\/uploads\/2020\/10\/prometal-logo-150x150.png 150w, https:\/\/www.gessteel.com\/wp-content\/uploads\/2020\/10\/prometal-logo.png 180w\" sizes=\"auto, (max-width: 150px) 100vw, 150px\" \/>\r\n    <footer>        <cite title=\"PROMETAL\">PROMETAL        <\/cite>\r\n        <\/footer>\r\n<\/blockquote>\r\n        <\/li>        <li>\r\n            <blockquote class=\"blockquote-simple\" >\r\n    <h1>Eng. Ad\u00e1n Mijares, Respons\u00e1vel pelo Departamento de TI<\/h1>\r\n\r\n\r\n    <img loading=\"lazy\" decoding=\"async\" width=\"150\" height=\"150\" src=\"https:\/\/www.gessteel.com\/wp-content\/uploads\/2020\/09\/temsa-1-150x150.jpg\" class=\"attachment-thumbnail size-thumbnail wp-post-image\" alt=\"\" \/>\r\n    <footer>    <\/footer>\r\n<\/blockquote>\r\n        <\/li>    <\/ul>\r\n<\/div><\/div><div class=\"col-md-6     text-default small-screen-default\"  ><div id=\"flexslider-121\" class=\"gs-testimonial-ini element-top-80 element-bottom-80 text-center text-light flexslider feature-slider\" data-os-animation=\"none\" data-os-animation-delay=\"0s\" data-flex-animation=\"slide\" data-flex-controls-position=\"outside\" data-flex-controlsalign=\"center\" data-flex-directions=\"hide\" data-flex-speed=\"7000\" data-flex-controls=\"hide\" data-flex-slideshow=\"true\">\r\n    <ul class=\"slides\">        <li>\r\n            <blockquote style=\"min-height: 162px\">\r\n    <p>O sistema de implementa\u00e7\u00e3o que possuem \u00e9 muito bom, e o suporte est\u00e1 sempre dispon\u00edvel para oferecer solu\u00e7\u00f5es \u00e0s suas necessidades.<\/p>\r\n<\/blockquote>\r\n        <\/li>        <li>\r\n            <blockquote style=\"min-height: 162px\">\r\n    <p>O StruMIS nos permite controlar todos os projetos, desde o seu in\u00edcio ao fim, com controle total de estoque e produto em tempo real e automa\u00e7\u00e3o de processos. Altamente recomendado o excelente servi\u00e7o prestado, pois h\u00e1 um suporte t\u00e9cnico capacitado e dispon\u00edvel para implementa\u00e7\u00e3o de melhorias ou d\u00favidas.<\/p>\r\n<\/blockquote>\r\n        <\/li>    <\/ul>\r\n<\/div><\/div>        <\/div>\r\n    <\/div>\r\n<\/section>\r\n<section class=\"section  text-normal section-text-no-shadow section-inner-no-shadow section-normal section-opaque\"  >\r\n    \r\n    <div class=\"background-overlay grid-overlay-0 \" style=\"background-color: rgba(0,0,0,0);\"><\/div>\r\n\r\n    <div class=\"container container-vertical-default\">\r\n        <div class=\"row vertical-default\">\r\n            <div class=\"col-md-12     text-center small-screen-center\"  >[vc_raw_html]JTNDaWZyYW1lJTIwZnJhbWVib3JkZXIlM0QlMjIwJTIyJTIwc3R5bGUlM0QlMjJoZWlnaHQlM0E4MzBweCUzQndpZHRoJTNBOTAlMjUlM0Jib3JkZXIlM0Fub25lJTNCJTIyJTIwc3JjJTNEJTI3aHR0cHMlM0ElMkYlMkZmb3Jtcy56b2hvcHVibGljLmV1JTJGZ2Vzc3RlZWwlMkZmb3JtJTJGRGVzZWphbWFpc2luZm9ybWFlc3NvYnJlSnVzdFBsYW5pdCUyRmZvcm1wZXJtYSUyRkR4Y3d6bFp4SktINGd5MmFIRE9aNUxKSWk0Ui15VHFlY3luR3MxaHRMdjAlMjclM0UlM0MlMkZpZnJhbWUlM0U=[\/vc_raw_html]<\/div>        <\/div>\r\n    <\/div>\r\n<\/section>\n","protected":false},"excerpt":{"rendered":"O StruMIS nos permite controlar todos os projetos, desde o seu in\u00edcio ao fim, com controle total de estoque e produto em tempo real e automa\u00e7\u00e3o de processos. Altamente recomendado o excelente servi\u00e7o prestado, pois h\u00e1 um suporte t\u00e9cnico capacitado e dispon\u00edvel para implementa\u00e7\u00e3o de melhorias ou d\u00favidas.","protected":false},"author":3,"featured_media":0,"parent":0,"menu_order":2,"comment_status":"closed","ping_status":"closed","template":"","meta":{"_acf_changed":false,"_joinchat":[],"footnotes":""},"class_list":["post-5411","page","type-page","status-publish","hentry"],"acf":[],"aioseo_notices":[],"_links":{"self":[{"href":"https:\/\/www.gessteel.com\/br\/wp-json\/wp\/v2\/pages\/5411","targetHints":{"allow":["GET"]}}],"collection":[{"href":"https:\/\/www.gessteel.com\/br\/wp-json\/wp\/v2\/pages"}],"about":[{"href":"https:\/\/www.gessteel.com\/br\/wp-json\/wp\/v2\/types\/page"}],"author":[{"embeddable":true,"href":"https:\/\/www.gessteel.com\/br\/wp-json\/wp\/v2\/users\/3"}],"replies":[{"embeddable":true,"href":"https:\/\/www.gessteel.com\/br\/wp-json\/wp\/v2\/comments?post=5411"}],"version-history":[{"count":5,"href":"https:\/\/www.gessteel.com\/br\/wp-json\/wp\/v2\/pages\/5411\/revisions"}],"predecessor-version":[{"id":6788,"href":"https:\/\/www.gessteel.com\/br\/wp-json\/wp\/v2\/pages\/5411\/revisions\/6788"}],"wp:attachment":[{"href":"https:\/\/www.gessteel.com\/br\/wp-json\/wp\/v2\/media?parent=5411"}],"curies":[{"name":"wp","href":"https:\/\/api.w.org\/{rel}","templated":true}]}}