{"id":6885,"date":"2023-11-02T03:02:34","date_gmt":"2023-11-02T03:02:34","guid":{"rendered":"https:\/\/www.gessteel.com\/?page_id=6885"},"modified":"2026-03-17T12:11:44","modified_gmt":"2026-03-17T12:11:44","slug":"webinario-melhore-a-produtividade","status":"publish","type":"page","link":"https:\/\/www.gessteel.com\/br\/webinario-melhore-a-produtividade\/","title":{"rendered":"Melhore a produtividade de sua m\u00e1quina CNC com o STRUMIS"},"content":{"rendered":"<section class=\"section  text-normal section-text-no-shadow section-inner-no-shadow section-normal section-opaque\"  >\r\n    \r\n    <div class=\"background-overlay grid-overlay-0 \" style=\"background-color: rgba(0,0,0,0);\"><\/div>\r\n\r\n    <div class=\"container container-vertical-default\">\r\n        <div class=\"row vertical-default\">\r\n            <div class=\"col-md-12    orange-text title-bloc-ini text-default small-screen-default\"  ><h1 class=\"text-center orange-text element-top-20 element-bottom-20 text-normal normal black\" data-os-animation=\"none\" data-os-animation-delay=\"0s\" >\r\n    Melhore a produtividade de sua m\u00e1quina CNC com o STRUMIS    \r\n<\/h1>\r\n<\/div>        <\/div>\r\n    <\/div>\r\n<\/section>\r\n<section class=\"section  text-normal section-text-no-shadow section-inner-no-shadow section-normal section-opaque\"  >\r\n    \r\n    <div class=\"background-overlay grid-overlay-0 \" style=\"background-color: rgba(0,0,0,0);\"><\/div>\r\n\r\n    <div class=\"container container-vertical-default\">\r\n        <div class=\"row vertical-default\">\r\n            <div class=\"col-md-6     text-default small-screen-default\"  ><div class=\"figure element-top-20 element-bottom-20  \" data-os-animation=\"none\" data-os-animation-delay=\"0s\">\r\n            <a href=\"https:\/\/www.gessteel.com\/wp-content\/uploads\/2023\/11\/PORTADA_CNC-BR-OCT2023.jpg\" class=\"figure-image magnific\" target=\"_self\">\r\n        <img loading=\"lazy\" decoding=\"async\" width=\"1920\" height=\"1080\" src=\"https:\/\/www.gessteel.com\/wp-content\/uploads\/2023\/11\/PORTADA_CNC-BR-OCT2023.jpg\" class=\"attachment-full size-full\" alt=\"\" srcset=\"https:\/\/www.gessteel.com\/wp-content\/uploads\/2023\/11\/PORTADA_CNC-BR-OCT2023.jpg 1920w, https:\/\/www.gessteel.com\/wp-content\/uploads\/2023\/11\/PORTADA_CNC-BR-OCT2023-300x169.jpg 300w, https:\/\/www.gessteel.com\/wp-content\/uploads\/2023\/11\/PORTADA_CNC-BR-OCT2023-1024x576.jpg 1024w, https:\/\/www.gessteel.com\/wp-content\/uploads\/2023\/11\/PORTADA_CNC-BR-OCT2023-768x432.jpg 768w, https:\/\/www.gessteel.com\/wp-content\/uploads\/2023\/11\/PORTADA_CNC-BR-OCT2023-1536x864.jpg 1536w\" sizes=\"auto, (max-width: 1920px) 100vw, 1920px\" \/>            <\/a>\r\n    <\/div>\r\n<div class=\"col-text-1 text-normal  element-top-20 element-bottom-20\" data-os-animation=\"none\" data-os-animation-delay=\"0s\">\r\n    <h3 style=\"text-align: center;\"><span style=\"color: #ff6600;\"><strong>Tem interesse em desbloquear todo o potencial das suas m\u00e1quinas CNC?<\/strong><\/span><\/h3>\n<p style=\"text-align: left;\">As m\u00e1quinas CNC desempenham um papel crucial na efici\u00eancia e produtividade da ind\u00fastria de estruturas met\u00e1licas. Portanto, a aplica\u00e7\u00e3o das t\u00e9cnicas de otimiza\u00e7\u00e3o de processos oferecidas pela STRUMIS \u00e9 de extrema import\u00e2ncia.<\/p>\n<p style=\"text-align: left;\">Participe do nosso webinar online e explore os seguintes t\u00f3picos:<\/p>\n<p>\u2705 C\u00e1lculo automatizado de trajetos de produ\u00e7\u00e3o e planejamento para suas m\u00e1quinas CNC.<br \/>\n\u2705 Otimiza\u00e7\u00e3o de materiais com base na m\u00e1quina CNC designada e nos materiais dispon\u00edveis.<br \/>\n\u2705 Transmiss\u00e3o de dados direto para suas m\u00e1quinas CNC.<br \/>\n\u2705 Avalia\u00e7\u00e3o e controle da efici\u00eancia de suas m\u00e1quinas CNC.<\/p>\n<h4 style=\"text-align: left;\"><strong>Modernize sua oficina de forma descomplicada, confi\u00e1vel e lucrativa.<br \/>\nDescubra como potencializar suas opera\u00e7\u00f5es CNC e impulsionar sua produtividade.<\/strong><\/h4>\n<\/div>\r\n<\/div><div class=\"col-md-6     text-default small-screen-default\"  ><div class=\"row \"><div class=\"col-md-12     text-default small-screen-default\"  >[vc_raw_html]JTNDaWZyYW1lJTIwZnJhbWVib3JkZXIlM0QlMjIwJTIyJTIwc3R5bGUlM0QlMjJoZWlnaHQlM0E4MDBweCUzQndpZHRoJTNBOTklMjUlM0Jib3JkZXIlM0Fub25lJTNCJTIyJTIwc3JjJTNEJTI3aHR0cHMlM0ElMkYlMkZmb3Jtcy56b2hvcHVibGljLmV1JTJGZ2Vzc3RlZWwlMkZmb3JtJTJGV2ViaW5yaW9NZWxob3JlYXByb2R1dGl2aWRhZGRlc3VhbXF1aW5hQ05DY29tb1N0cnUlMkZmb3JtcGVybWElMkZFeWtRY1NZZVFKRzF1UXZxWmtvX2ZHb2VVLW96bkFFQVZnNi1KZFBWbG5JJTI3JTNFJTNDJTJGaWZyYW1lJTNF[\/vc_raw_html]<\/div><\/div><\/div>        <\/div>\r\n    <\/div>\r\n<\/section>\n","protected":false},"excerpt":{"rendered":"Melhore a produtividade de sua m\u00e1quina CNC com o STRUMIS Tem interesse em desbloquear todo o potencial das suas m\u00e1quinas CNC? As m\u00e1quinas CNC desempenham um papel crucial na efici\u00eancia e produtividade da ind\u00fastria de estruturas met\u00e1licas. Portanto, a aplica\u00e7\u00e3o das t\u00e9cnicas de otimiza\u00e7\u00e3o de processos oferecidas pela STRUMIS \u00e9 de extrema import\u00e2ncia. Participe do","protected":false},"author":3,"featured_media":0,"parent":0,"menu_order":0,"comment_status":"closed","ping_status":"closed","template":"","meta":{"_acf_changed":false,"_joinchat":[],"footnotes":""},"class_list":["post-6885","page","type-page","status-publish","hentry"],"acf":[],"aioseo_notices":[],"_links":{"self":[{"href":"https:\/\/www.gessteel.com\/br\/wp-json\/wp\/v2\/pages\/6885","targetHints":{"allow":["GET"]}}],"collection":[{"href":"https:\/\/www.gessteel.com\/br\/wp-json\/wp\/v2\/pages"}],"about":[{"href":"https:\/\/www.gessteel.com\/br\/wp-json\/wp\/v2\/types\/page"}],"author":[{"embeddable":true,"href":"https:\/\/www.gessteel.com\/br\/wp-json\/wp\/v2\/users\/3"}],"replies":[{"embeddable":true,"href":"https:\/\/www.gessteel.com\/br\/wp-json\/wp\/v2\/comments?post=6885"}],"version-history":[{"count":30,"href":"https:\/\/www.gessteel.com\/br\/wp-json\/wp\/v2\/pages\/6885\/revisions"}],"predecessor-version":[{"id":6921,"href":"https:\/\/www.gessteel.com\/br\/wp-json\/wp\/v2\/pages\/6885\/revisions\/6921"}],"wp:attachment":[{"href":"https:\/\/www.gessteel.com\/br\/wp-json\/wp\/v2\/media?parent=6885"}],"curies":[{"name":"wp","href":"https:\/\/api.w.org\/{rel}","templated":true}]}}