{"id":6922,"date":"2023-11-02T04:16:29","date_gmt":"2023-11-02T04:16:29","guid":{"rendered":"https:\/\/www.gessteel.com\/?page_id=6922"},"modified":"2026-03-17T12:11:44","modified_gmt":"2026-03-17T12:11:44","slug":"grabacion-webinario-melhore-melhore-a-produtividade-de-sua-maquina-cnc-com-o-strumis-video","status":"publish","type":"page","link":"https:\/\/www.gessteel.com\/br\/grabacion-webinario-melhore-melhore-a-produtividade-de-sua-maquina-cnc-com-o-strumis-video\/","title":{"rendered":"Grava\u00e7\u00e3o webin\u00e1rio: melhore Melhore a produtividade de sua m\u00e1quina CNC com o STRUMIS"},"content":{"rendered":"<section class=\"section  text-normal section-text-no-shadow section-inner-no-shadow section-normal section-opaque\"  >\r\n    \r\n    <div class=\"background-overlay grid-overlay-0 \" style=\"background-color: rgba(0,0,0,0);\"><\/div>\r\n\r\n    <div class=\"container container-vertical-default\">\r\n        <div class=\"row vertical-default\">\r\n            <div class=\"col-md-8     text-default small-screen-default\"  ><h1 class=\"text-left orange-text element-top-20 element-bottom-20 text-normal normal default\" data-os-animation=\"none\" data-os-animation-delay=\"0s\" >\r\n    Melhore a produtividade de sua m\u00e1quina CNC com o STRUMIS    \r\n<\/h1>\r\n<\/div><div class=\"col-md-4     text-default small-screen-default\"  ><div class=\"col-text-1 text-normal  element-top-20 element-bottom-20\" data-os-animation=\"none\" data-os-animation-delay=\"0s\">\r\n    <h2><strong>Aqui est\u00e1 a grava\u00e7\u00e3o do webinar!<\/strong><\/h2>\n<\/div>\r\n<div class=\"counter text-left orange-text element-top-20 element-bottom-5 text-normal\" data-count=\"19\" data-format=\"(,ddd)\" data-os-animation=\"none\" data-os-animation-delay=\"0s\">\r\n    <span class=\"value odometer-counter super bold\">\r\n        1    <\/span>\r\n<\/div><div class=\"col-text-1 text-normal  element-top-20 element-bottom-20\" data-os-animation=\"none\" data-os-animation-delay=\"0s\">\r\n    <p><span style=\"color: #ff9900;\"><strong><em>A dura\u00e7\u00e3o \u00e9 de 19 minutos<\/em><\/strong><\/span><\/p>\n<\/div>\r\n<\/div>        <\/div>\r\n    <\/div>\r\n<\/section>\r\n<section class=\"section  text-normal section-text-no-shadow section-inner-no-shadow section-normal section-opaque\"  >\r\n    \r\n    <div class=\"background-overlay grid-overlay-0 \" style=\"background-color: rgba(0,0,0,0);\"><\/div>\r\n\r\n    <div class=\"container container-vertical-default\">\r\n        <div class=\"row vertical-default\">\r\n            <div class=\"col-md-12     text-default small-screen-default\"  ><div class=\" element-top-10 element-bottom-10\" data-os-animation=\"none\" data-os-animation-delay=\"0s\" ><iframe loading=\"lazy\" title=\"Webin\u00e1rio: Como aproveitar todo o potencial de m\u00e1quinas CNC com o STRUMIS\" width=\"1170\" height=\"878\" src=\"https:\/\/www.youtube.com\/embed\/E0EX6tC4lLY?feature=oembed\" frameborder=\"0\" allow=\"accelerometer; autoplay; clipboard-write; encrypted-media; gyroscope; picture-in-picture; web-share\" allowfullscreen><\/iframe><\/div><\/div>        <\/div>\r\n    <\/div>\r\n<\/section>\r\n<section class=\"section  text-normal section-text-no-shadow section-inner-no-shadow section-normal section-opaque\"  >\r\n    \r\n    <div class=\"background-overlay grid-overlay-0 \" style=\"background-color: rgba(0,0,0,0);\"><\/div>\r\n\r\n    <div class=\"container container-vertical-default\">\r\n        <div class=\"row vertical-default\">\r\n            <div class=\"col-md-12     text-default small-screen-default\"  ><div class=\"divider-wrapper \" style=\"visibility:hidden;background-color:#FFFFFF\">\r\n    <div class=\"visible-xs\" style=\"height:24px;\"><\/div>\r\n    <div class=\"visible-sm\" style=\"height:24px;\"><\/div>\r\n    <div class=\"visible-md\" style=\"height:24px;\"><\/div>\r\n    <div class=\"visible-lg\" style=\"height:24px;\"><\/div>\r\n<\/div>[vc_raw_html]JTNDaWZyYW1lJTIwZnJhbWVib3JkZXIlM0QlMjIwJTIyJTIwc3R5bGUlM0QlMjJoZWlnaHQlM0E5MDBweCUzQndpZHRoJTNBOTklMjUlM0Jib3JkZXIlM0Fub25lJTNCJTIyJTIwc3JjJTNEJTI3aHR0cHMlM0ElMkYlMkZmb3Jtcy56b2hvcHVibGljLmV1JTJGZ2Vzc3RlZWwlMkZmb3JtJTJGRGVtb25zdHJhb291bWFpc2luZm9ybWFlcyUyRmZvcm1wZXJtYSUyRkpFUW41WjlMaVpVWTN3MjBUQkRyS1I5WXppUzdfRk01TEJuRldNVkstcGclMjclM0UlM0MlMkZpZnJhbWUlM0U=[\/vc_raw_html]<\/div>        <\/div>\r\n    <\/div>\r\n<\/section>\n","protected":false},"excerpt":{"rendered":"Melhore a produtividade de sua m\u00e1quina CNC com o STRUMIS Aqui est\u00e1 a grava\u00e7\u00e3o do webinar! 1 A dura\u00e7\u00e3o \u00e9 de 19 minutos [vc_raw_html]JTNDaWZyYW1lJTIwZnJhbWVib3JkZXIlM0QlMjIwJTIyJTIwc3R5bGUlM0QlMjJoZWlnaHQlM0E5MDBweCUzQndpZHRoJTNBOTklMjUlM0Jib3JkZXIlM0Fub25lJTNCJTIyJTIwc3JjJTNEJTI3aHR0cHMlM0ElMkYlMkZmb3Jtcy56b2hvcHVibGljLmV1JTJGZ2Vzc3RlZWwlMkZmb3JtJTJGRGVtb25zdHJhb291bWFpc2luZm9ybWFlcyUyRmZvcm1wZXJtYSUyRkpFUW41WjlMaVpVWTN3MjBUQkRyS1I5WXppUzdfRk01TEJuRldNVkstcGclMjclM0UlM0MlMkZpZnJhbWUlM0U=[\/vc_raw_html]","protected":false},"author":3,"featured_media":0,"parent":0,"menu_order":0,"comment_status":"closed","ping_status":"closed","template":"","meta":{"_acf_changed":false,"_joinchat":[],"footnotes":""},"class_list":["post-6922","page","type-page","status-publish","hentry"],"acf":[],"aioseo_notices":[],"_links":{"self":[{"href":"https:\/\/www.gessteel.com\/br\/wp-json\/wp\/v2\/pages\/6922","targetHints":{"allow":["GET"]}}],"collection":[{"href":"https:\/\/www.gessteel.com\/br\/wp-json\/wp\/v2\/pages"}],"about":[{"href":"https:\/\/www.gessteel.com\/br\/wp-json\/wp\/v2\/types\/page"}],"author":[{"embeddable":true,"href":"https:\/\/www.gessteel.com\/br\/wp-json\/wp\/v2\/users\/3"}],"replies":[{"embeddable":true,"href":"https:\/\/www.gessteel.com\/br\/wp-json\/wp\/v2\/comments?post=6922"}],"version-history":[{"count":26,"href":"https:\/\/www.gessteel.com\/br\/wp-json\/wp\/v2\/pages\/6922\/revisions"}],"predecessor-version":[{"id":6950,"href":"https:\/\/www.gessteel.com\/br\/wp-json\/wp\/v2\/pages\/6922\/revisions\/6950"}],"wp:attachment":[{"href":"https:\/\/www.gessteel.com\/br\/wp-json\/wp\/v2\/media?parent=6922"}],"curies":[{"name":"wp","href":"https:\/\/api.w.org\/{rel}","templated":true}]}}