{"id":147,"date":"2014-10-01T14:31:27","date_gmt":"2014-10-01T14:31:27","guid":{"rendered":"https:\/\/www.gessteel.com\/contact\/"},"modified":"2026-03-17T12:06:56","modified_gmt":"2026-03-17T12:06:56","slug":"contacto","status":"publish","type":"page","link":"https:\/\/www.gessteel.com\/es\/contacto\/","title":{"rendered":"Contacto"},"content":{"rendered":"<section class=\"section  text-normal section-text-no-shadow section-inner-no-shadow section-normal section-opaque\"  >\r\n    \r\n    <div class=\"background-overlay grid-overlay-0 \" style=\"background-color: rgba(0,0,0,0);\"><\/div>\r\n\r\n    <div class=\"container container-vertical-default\">\r\n        <div class=\"row vertical-default\">\r\n            <div class=\"col-md-12     text-center small-screen-default\"  ><div class=\"row \"><div class=\"col-md-6     text-left small-screen-left\"  ><div class=\"divider-wrapper \" style=\"visibility:hidden;background-color:#FFFFFF\">\r\n    <div class=\"visible-xs\" style=\"height:24px;\"><\/div>\r\n    <div class=\"visible-sm\" style=\"height:24px;\"><\/div>\r\n    <div class=\"visible-md\" style=\"height:24px;\"><\/div>\r\n    <div class=\"visible-lg\" style=\"height:24px;\"><\/div>\r\n<\/div><div class=\"divider-wrapper \" style=\"visibility:hidden;background-color:#dedede\">\r\n    <div class=\"visible-xs\" style=\"height:24px;\"><\/div>\r\n    <div class=\"visible-sm\" style=\"height:24px;\"><\/div>\r\n    <div class=\"visible-md\" style=\"height:24px;\"><\/div>\r\n    <div class=\"visible-lg\" style=\"height:24px;\"><\/div>\r\n<\/div><h2 class=\"text-center title1-contact title-contact element-top-10 element-bottom-0 text-normal normal default\" data-os-animation=\"none\" data-os-animation-delay=\"0s\" >\r\n    \u00bfM\u00c1S INFORMACI\u00d3N?    \r\n<\/h2>\r\n<div class=\"col-text-1 text-normal  element-top-20 element-bottom-10\" data-os-animation=\"none\" data-os-animation-delay=\"0s\">\r\n    <h4 style=\"text-align: center;\"><strong>\u00bfDeseas m\u00e1s informaci\u00f3n? D\u00e9janos tus datos en este formulario, nuestros asesores se comunicar\u00e1n en\u00a0breve\u00a0contigo.<\/strong><\/h4>\n<\/div>\r\n[vc_raw_html]JTNDaWZyYW1lJTIwZnJhbWVib3JkZXIlM0QlMjIwJTIyJTIwc3R5bGUlM0QlMjJoZWlnaHQlM0ElMjAxMDAwcHglM0J3aWR0aCUzQSUyMDEwMCUyNSUzQmJvcmRlciUzQW5vbmUlM0IlMjIlMjBzcmMlM0QlMjdodHRwcyUzQSUyRiUyRmZvcm1zLnpvaG9wdWJsaWMuZXUlMkZnZXNzdGVlbCUyRmZvcm0lMkZTdHJ1QlNDMTElMkZmb3JtcGVybWElMkZUdzNUSWM4eFZKVXc4aExxSHQ2aHRwVmlwaGowSGR2TjN0Z05IZXVfUDQwJTI3JTNFJTNDJTJGaWZyYW1lJTNF[\/vc_raw_html]<\/div><div class=\"col-md-6     text-right small-screen-right\"  ><h2 class=\"text-center title1-contact title-contact element-top-60 element-bottom-0 text-normal normal default\" data-os-animation=\"none\" data-os-animation-delay=\"0s\" >\r\n    DONDE ENCONTRARNOS    \r\n<\/h2>\r\n<div id=\"map531\" class=\"google-map  element-top-40 element-bottom-0\" style=\"height:800px\" data-os-animation=\"none\" data-os-animation-delay=\"0s\"><\/div><\/div><\/div><\/div>        <\/div>\r\n    <\/div>\r\n<\/section>\r\n\n","protected":false},"excerpt":{"rendered":"\u00bfM\u00c1S INFORMACI\u00d3N? \u00bfDeseas m\u00e1s informaci\u00f3n? D\u00e9janos tus datos en este formulario, nuestros asesores se comunicar\u00e1n en\u00a0breve\u00a0contigo. [vc_raw_html]JTNDaWZyYW1lJTIwZnJhbWVib3JkZXIlM0QlMjIwJTIyJTIwc3R5bGUlM0QlMjJoZWlnaHQlM0ElMjAxMDAwcHglM0J3aWR0aCUzQSUyMDEwMCUyNSUzQmJvcmRlciUzQW5vbmUlM0IlMjIlMjBzcmMlM0QlMjdodHRwcyUzQSUyRiUyRmZvcm1zLnpvaG9wdWJsaWMuZXUlMkZnZXNzdGVlbCUyRmZvcm0lMkZTdHJ1QlNDMTElMkZmb3JtcGVybWElMkZUdzNUSWM4eFZKVXc4aExxSHQ2aHRwVmlwaGowSGR2TjN0Z05IZXVfUDQwJTI3JTNFJTNDJTJGaWZyYW1lJTNF[\/vc_raw_html] DONDE ENCONTRARNOS","protected":false},"author":1,"featured_media":0,"parent":0,"menu_order":6,"comment_status":"closed","ping_status":"open","template":"","meta":{"_acf_changed":false,"_joinchat":[],"footnotes":""},"class_list":["post-147","page","type-page","status-publish","hentry"],"acf":[],"aioseo_notices":[],"_links":{"self":[{"href":"https:\/\/www.gessteel.com\/es\/wp-json\/wp\/v2\/pages\/147","targetHints":{"allow":["GET"]}}],"collection":[{"href":"https:\/\/www.gessteel.com\/es\/wp-json\/wp\/v2\/pages"}],"about":[{"href":"https:\/\/www.gessteel.com\/es\/wp-json\/wp\/v2\/types\/page"}],"author":[{"embeddable":true,"href":"https:\/\/www.gessteel.com\/es\/wp-json\/wp\/v2\/users\/1"}],"replies":[{"embeddable":true,"href":"https:\/\/www.gessteel.com\/es\/wp-json\/wp\/v2\/comments?post=147"}],"version-history":[{"count":138,"href":"https:\/\/www.gessteel.com\/es\/wp-json\/wp\/v2\/pages\/147\/revisions"}],"predecessor-version":[{"id":7080,"href":"https:\/\/www.gessteel.com\/es\/wp-json\/wp\/v2\/pages\/147\/revisions\/7080"}],"wp:attachment":[{"href":"https:\/\/www.gessteel.com\/es\/wp-json\/wp\/v2\/media?parent=147"}],"curies":[{"name":"wp","href":"https:\/\/api.w.org\/{rel}","templated":true}]}}