{"id":2265,"date":"2021-08-30T08:51:03","date_gmt":"2021-08-30T08:51:03","guid":{"rendered":"https:\/\/www.gessteel.com\/?page_id=2265"},"modified":"2026-03-17T12:06:55","modified_gmt":"2026-03-17T12:06:55","slug":"certificacion","status":"publish","type":"page","link":"https:\/\/www.gessteel.com\/es\/certificacion\/","title":{"rendered":"Certificaci\u00f3n"},"content":{"rendered":"<section class=\"section gs-content-solutions text-normal section-text-no-shadow section-inner-no-shadow section-normal section-opaque\"  >\r\n    \r\n    <div class=\"background-overlay grid-overlay-0 \" style=\"background-color: rgba(0,0,0,0);\"><\/div>\r\n\r\n    <div class=\"container container-vertical-default\">\r\n        <div class=\"row vertical-default\">\r\n            <div class=\"col-md-12     text-default small-screen-default\"  ><div class=\"divider-wrapper \" style=\"visibility:hidden;background-color:#FFFFFF\">\r\n    <div class=\"visible-xs\" style=\"height:20px;\"><\/div>\r\n    <div class=\"visible-sm\" style=\"height:20px;\"><\/div>\r\n    <div class=\"visible-md\" style=\"height:20px;\"><\/div>\r\n    <div class=\"visible-lg\" style=\"height:20px;\"><\/div>\r\n<\/div><div class=\"col-text-1 text-normal text-intermig gs-text-weight element-top-20 element-bottom-20\" data-os-animation=\"none\" data-os-animation-delay=\"0s\">\r\n    <p>STRUMIS y Gessteel certifican cada a\u00f1o a los clientes que han implementado con \u00e9xito STRUMIS.<\/p>\n<p>Por favor inserte a continuaci\u00f3n el <strong>N\u00ba de certificado<\/strong> correspondiente a la empresa que desea verificar.<\/p>\n<\/div>\r\n<\/div>        <\/div>\r\n    <\/div>\r\n<\/section>\r\n<section class=\"section  text-normal section-text-no-shadow section-inner-no-shadow section-normal section-opaque\"  >\r\n    \r\n    <div class=\"background-overlay grid-overlay-0 \" style=\"background-color: rgba(0,0,0,0);\"><\/div>\r\n\r\n    <div class=\"container container-vertical-default\">\r\n        <div class=\"row vertical-default\">\r\n            <div class=\"col-md-12     text-default small-screen-default\"  ><\/div>        <\/div>\r\n    <\/div>\r\n<\/section>\n","protected":false},"excerpt":{"rendered":"STRUMIS y Gessteel certifican cada a\u00f1o a los clientes que han implementado con \u00e9xito STRUMIS. Por favor inserte a continuaci\u00f3n el N\u00ba de certificado correspondiente a la empresa que desea verificar.","protected":false},"author":3,"featured_media":0,"parent":0,"menu_order":2,"comment_status":"closed","ping_status":"closed","template":"formulario-de-certificados.php","meta":{"_acf_changed":false,"_joinchat":[],"footnotes":""},"class_list":["post-2265","page","type-page","status-publish","hentry"],"acf":[],"aioseo_notices":[],"_links":{"self":[{"href":"https:\/\/www.gessteel.com\/es\/wp-json\/wp\/v2\/pages\/2265","targetHints":{"allow":["GET"]}}],"collection":[{"href":"https:\/\/www.gessteel.com\/es\/wp-json\/wp\/v2\/pages"}],"about":[{"href":"https:\/\/www.gessteel.com\/es\/wp-json\/wp\/v2\/types\/page"}],"author":[{"embeddable":true,"href":"https:\/\/www.gessteel.com\/es\/wp-json\/wp\/v2\/users\/3"}],"replies":[{"embeddable":true,"href":"https:\/\/www.gessteel.com\/es\/wp-json\/wp\/v2\/comments?post=2265"}],"version-history":[{"count":5,"href":"https:\/\/www.gessteel.com\/es\/wp-json\/wp\/v2\/pages\/2265\/revisions"}],"predecessor-version":[{"id":2487,"href":"https:\/\/www.gessteel.com\/es\/wp-json\/wp\/v2\/pages\/2265\/revisions\/2487"}],"wp:attachment":[{"href":"https:\/\/www.gessteel.com\/es\/wp-json\/wp\/v2\/media?parent=2265"}],"curies":[{"name":"wp","href":"https:\/\/api.w.org\/{rel}","templated":true}]}}