{"id":2370,"date":"2022-02-08T19:34:06","date_gmt":"2022-02-08T19:34:06","guid":{"rendered":"https:\/\/www.gessteel.com\/?page_id=2370"},"modified":"2026-03-17T12:06:53","modified_gmt":"2026-03-17T12:06:53","slug":"inicio","status":"publish","type":"page","link":"https:\/\/www.gessteel.com\/es\/inicio\/","title":{"rendered":"Inicio"},"content":{"rendered":"<section class=\"section  text-normal section-text-no-shadow section-inner-no-shadow section-normal section-opaque\"  >\r\n    \r\n    <div class=\"background-overlay grid-overlay-0 \" style=\"background-color: rgba(0,0,0,0);\"><\/div>\r\n\r\n    <div class=\"container-fullwidth container-vertical-default\">\r\n        <div class=\"row vertical-default\">\r\n            <div class=\"col-md-12     text-default small-screen-default\"  >[rev_slider_vc alias=\u00bbinicio-esp-1&#8243;]<\/div>        <\/div>\r\n    <\/div>\r\n<\/section>\r\n<section class=\"section  text-normal section-text-no-shadow section-inner-no-shadow section-normal section-opaque\"  >\r\n    \r\n    <div class=\"background-overlay grid-overlay-0 \" style=\"background-color: rgba(246,246,246,0);\"><\/div>\r\n\r\n    <div class=\"container container-vertical-default\">\r\n        <div class=\"row vertical-default\">\r\n            <div class=\"col-md-12     text-default small-screen-default\"  ><div class=\"figure element-top-20 element-bottom-20   os-animation\" data-os-animation=\"fadeIn\" data-os-animation-delay=\"0s\">\r\n            <span class=\"figure-image\">\r\n        <img loading=\"lazy\" decoding=\"async\" width=\"300\" height=\"138\" src=\"https:\/\/www.gessteel.com\/wp-content\/uploads\/2020\/09\/strumis-300x138.jpg\" class=\"attachment-medium size-medium\" alt=\"\" srcset=\"https:\/\/www.gessteel.com\/wp-content\/uploads\/2020\/09\/strumis-300x138.jpg 300w, https:\/\/www.gessteel.com\/wp-content\/uploads\/2020\/09\/strumis.jpg 497w\" sizes=\"auto, (max-width: 300px) 100vw, 300px\" \/>            <\/span>\r\n    <\/div>\r\n<h1 class=\"text-center orange-text element-top-20 element-bottom-20 text-normal big default\" data-os-animation=\"none\" data-os-animation-delay=\"0s\" >\r\n    El software de gesti\u00f3n y control de producci\u00f3n m\u00e1s implantado en M\u00e9xico y Latinoam\u00e9rica.    \r\n<\/h1>\r\n<h3 class=\"text-center ds-title-upper element-top-20 element-bottom-20 text-normal bigger default\" data-os-animation=\"none\" data-os-animation-delay=\"0s\" >\r\n    L\u00cdDER A NIVEL MUNDIAL    \r\n<\/h3>\r\n<\/div>        <\/div>\r\n    <\/div>\r\n<\/section>\r\n<section class=\"section  text-normal section-text-no-shadow section-inner-no-shadow section-normal section-opaque\"  >\r\n    \r\n    <div class=\"background-overlay grid-overlay-0 \" style=\"background-color: rgba(244,244,244,1);\"><\/div>\r\n\r\n    <div class=\"container-fullwidth container-vertical-middle\">\r\n        <div class=\"row vertical-middle\">\r\n            <div class=\"col-md-6    gs-content-ini text-default small-screen-default\"  style=\"background:#fafafa;\"><div class=\"carousel slide  element-top-20 element-bottom-20\" id=\"carousel27\" data-ride=\"carousel\" data-os-animation=\"none\" data-os-animation-delay=\"0s\">\r\n    <ol class=\"carousel-indicators\">    <!-- Controls -->\r\n    \t        <li data-target=\"#carousel27\" data-slide-to=\"0\" class=\"active\"><\/li>\t        <li data-target=\"#carousel27\" data-slide-to=\"1\" class=\"\"><\/li>\t        <li data-target=\"#carousel27\" data-slide-to=\"2\" class=\"\"><\/li>\t        <li data-target=\"#carousel27\" data-slide-to=\"3\" class=\"\"><\/li>\t        <li data-target=\"#carousel27\" data-slide-to=\"4\" class=\"\"><\/li>\t        <li data-target=\"#carousel27\" data-slide-to=\"5\" class=\"\"><\/li>\t        <li data-target=\"#carousel27\" data-slide-to=\"6\" class=\"\"><\/li>\t        <li data-target=\"#carousel27\" data-slide-to=\"7\" class=\"\"><\/li>\t        <li data-target=\"#carousel27\" data-slide-to=\"8\" class=\"\"><\/li>\t        <li data-target=\"#carousel27\" data-slide-to=\"9\" class=\"\"><\/li>\t        <li data-target=\"#carousel27\" data-slide-to=\"10\" class=\"\"><\/li>\t        <li data-target=\"#carousel27\" data-slide-to=\"11\" class=\"\"><\/li>\t        <li data-target=\"#carousel27\" data-slide-to=\"12\" class=\"\"><\/li>\t        <li data-target=\"#carousel27\" data-slide-to=\"13\" class=\"\"><\/li>\t        <li data-target=\"#carousel27\" data-slide-to=\"14\" class=\"\"><\/li>\t        <li data-target=\"#carousel27\" data-slide-to=\"15\" class=\"\"><\/li>\t        <li data-target=\"#carousel27\" data-slide-to=\"16\" class=\"\"><\/li>\t        <li data-target=\"#carousel27\" data-slide-to=\"17\" class=\"\"><\/li>\t        <li data-target=\"#carousel27\" data-slide-to=\"18\" class=\"\"><\/li>    <\/ol>    <div class=\"carousel-inner\">        <div class=\"item active\"><img loading=\"lazy\" decoding=\"async\" width=\"330\" height=\"300\" src=\"https:\/\/www.gessteel.com\/wp-content\/uploads\/2020\/09\/acesta-1.jpg\" class=\"attachment-post-thumbnail size-post-thumbnail wp-post-image\" alt=\"\" srcset=\"https:\/\/www.gessteel.com\/wp-content\/uploads\/2020\/09\/acesta-1.jpg 330w, https:\/\/www.gessteel.com\/wp-content\/uploads\/2020\/09\/acesta-1-300x273.jpg 300w\" sizes=\"auto, (max-width: 330px) 100vw, 330px\" \/>        \t<div class=\"carousel-caption\">\r\n\t\t\t    <h3>Acesta<\/h3>\r\n\t\t\t    <p><\/p>\r\n\t\t\t<\/div>\r\n                <\/div>        <div class=\"item \"><img loading=\"lazy\" decoding=\"async\" width=\"330\" height=\"300\" src=\"https:\/\/www.gessteel.com\/wp-content\/uploads\/2020\/09\/aguila-1.jpg\" class=\"attachment-post-thumbnail size-post-thumbnail wp-post-image\" alt=\"\" srcset=\"https:\/\/www.gessteel.com\/wp-content\/uploads\/2020\/09\/aguila-1.jpg 330w, https:\/\/www.gessteel.com\/wp-content\/uploads\/2020\/09\/aguila-1-300x273.jpg 300w\" sizes=\"auto, (max-width: 330px) 100vw, 330px\" \/>        \t<div class=\"carousel-caption\">\r\n\t\t\t    <h3>Grupo Industrial Aguila<\/h3>\r\n\t\t\t    <p><\/p>\r\n\t\t\t<\/div>\r\n                <\/div>        <div class=\"item \"><img loading=\"lazy\" decoding=\"async\" width=\"330\" height=\"300\" src=\"https:\/\/www.gessteel.com\/wp-content\/uploads\/2020\/09\/ameristeel-1.jpg\" class=\"attachment-post-thumbnail size-post-thumbnail wp-post-image\" alt=\"\" srcset=\"https:\/\/www.gessteel.com\/wp-content\/uploads\/2020\/09\/ameristeel-1.jpg 330w, https:\/\/www.gessteel.com\/wp-content\/uploads\/2020\/09\/ameristeel-1-300x273.jpg 300w\" sizes=\"auto, (max-width: 330px) 100vw, 330px\" \/>        \t<div class=\"carousel-caption\">\r\n\t\t\t    <h3>Grupo Ameristeel<\/h3>\r\n\t\t\t    <p><\/p>\r\n\t\t\t<\/div>\r\n                <\/div>        <div class=\"item \"><img loading=\"lazy\" decoding=\"async\" width=\"330\" height=\"300\" src=\"https:\/\/www.gessteel.com\/wp-content\/uploads\/2020\/09\/argo-1.jpg\" class=\"attachment-post-thumbnail size-post-thumbnail wp-post-image\" alt=\"\" srcset=\"https:\/\/www.gessteel.com\/wp-content\/uploads\/2020\/09\/argo-1.jpg 330w, https:\/\/www.gessteel.com\/wp-content\/uploads\/2020\/09\/argo-1-300x273.jpg 300w\" sizes=\"auto, (max-width: 330px) 100vw, 330px\" \/>        \t<div class=\"carousel-caption\">\r\n\t\t\t    <h3>Argo<\/h3>\r\n\t\t\t    <p><\/p>\r\n\t\t\t<\/div>\r\n                <\/div>        <div class=\"item \"><img loading=\"lazy\" decoding=\"async\" width=\"330\" height=\"300\" src=\"https:\/\/www.gessteel.com\/wp-content\/uploads\/2020\/09\/baysa-1.jpg\" class=\"attachment-post-thumbnail size-post-thumbnail wp-post-image\" alt=\"\" srcset=\"https:\/\/www.gessteel.com\/wp-content\/uploads\/2020\/09\/baysa-1.jpg 330w, https:\/\/www.gessteel.com\/wp-content\/uploads\/2020\/09\/baysa-1-300x273.jpg 300w\" sizes=\"auto, (max-width: 330px) 100vw, 330px\" \/>        \t<div class=\"carousel-caption\">\r\n\t\t\t    <h3>Baysa<\/h3>\r\n\t\t\t    <p><\/p>\r\n\t\t\t<\/div>\r\n                <\/div>        <div class=\"item \"><img loading=\"lazy\" decoding=\"async\" width=\"330\" height=\"300\" src=\"https:\/\/www.gessteel.com\/wp-content\/uploads\/2020\/09\/cimsa-1.jpg\" class=\"attachment-post-thumbnail size-post-thumbnail wp-post-image\" alt=\"\" srcset=\"https:\/\/www.gessteel.com\/wp-content\/uploads\/2020\/09\/cimsa-1.jpg 330w, https:\/\/www.gessteel.com\/wp-content\/uploads\/2020\/09\/cimsa-1-300x273.jpg 300w\" sizes=\"auto, (max-width: 330px) 100vw, 330px\" \/>        \t<div class=\"carousel-caption\">\r\n\t\t\t    <h3>Cimsa<\/h3>\r\n\t\t\t    <p><\/p>\r\n\t\t\t<\/div>\r\n                <\/div>        <div class=\"item \"><img loading=\"lazy\" decoding=\"async\" width=\"330\" height=\"300\" src=\"https:\/\/www.gessteel.com\/wp-content\/uploads\/2020\/09\/diva-2.jpg\" class=\"attachment-post-thumbnail size-post-thumbnail wp-post-image\" alt=\"\" srcset=\"https:\/\/www.gessteel.com\/wp-content\/uploads\/2020\/09\/diva-2.jpg 330w, https:\/\/www.gessteel.com\/wp-content\/uploads\/2020\/09\/diva-2-300x273.jpg 300w\" sizes=\"auto, (max-width: 330px) 100vw, 330px\" \/>        \t<div class=\"carousel-caption\">\r\n\t\t\t    <h3>Estructuras Diva<\/h3>\r\n\t\t\t    <p><\/p>\r\n\t\t\t<\/div>\r\n                <\/div>        <div class=\"item \"><img loading=\"lazy\" decoding=\"async\" width=\"330\" height=\"300\" src=\"https:\/\/www.gessteel.com\/wp-content\/uploads\/2020\/09\/emycsa-2.jpg\" class=\"attachment-post-thumbnail size-post-thumbnail wp-post-image\" alt=\"\" srcset=\"https:\/\/www.gessteel.com\/wp-content\/uploads\/2020\/09\/emycsa-2.jpg 330w, https:\/\/www.gessteel.com\/wp-content\/uploads\/2020\/09\/emycsa-2-300x273.jpg 300w\" sizes=\"auto, (max-width: 330px) 100vw, 330px\" \/>        \t<div class=\"carousel-caption\">\r\n\t\t\t    <h3>Emycsa<\/h3>\r\n\t\t\t    <p><\/p>\r\n\t\t\t<\/div>\r\n                <\/div>        <div class=\"item \"><img loading=\"lazy\" decoding=\"async\" width=\"330\" height=\"300\" src=\"https:\/\/www.gessteel.com\/wp-content\/uploads\/2020\/09\/indumeca-2.jpg\" class=\"attachment-post-thumbnail size-post-thumbnail wp-post-image\" alt=\"\" srcset=\"https:\/\/www.gessteel.com\/wp-content\/uploads\/2020\/09\/indumeca-2.jpg 330w, https:\/\/www.gessteel.com\/wp-content\/uploads\/2020\/09\/indumeca-2-300x273.jpg 300w\" sizes=\"auto, (max-width: 330px) 100vw, 330px\" \/>        \t<div class=\"carousel-caption\">\r\n\t\t\t    <h3>Indumeca<\/h3>\r\n\t\t\t    <p><\/p>\r\n\t\t\t<\/div>\r\n                <\/div>        <div class=\"item \"><img loading=\"lazy\" decoding=\"async\" width=\"330\" height=\"300\" src=\"https:\/\/www.gessteel.com\/wp-content\/uploads\/2020\/09\/ing-metalica-2.jpg\" class=\"attachment-post-thumbnail size-post-thumbnail wp-post-image\" alt=\"\" srcset=\"https:\/\/www.gessteel.com\/wp-content\/uploads\/2020\/09\/ing-metalica-2.jpg 330w, https:\/\/www.gessteel.com\/wp-content\/uploads\/2020\/09\/ing-metalica-2-300x273.jpg 300w\" sizes=\"auto, (max-width: 330px) 100vw, 330px\" \/>        \t<div class=\"carousel-caption\">\r\n\t\t\t    <h3>Ingenieria Met\u00e1lica<\/h3>\r\n\t\t\t    <p><\/p>\r\n\t\t\t<\/div>\r\n                <\/div>        <div class=\"item \"><img loading=\"lazy\" decoding=\"async\" width=\"330\" height=\"300\" src=\"https:\/\/www.gessteel.com\/wp-content\/uploads\/2020\/09\/jro-2.jpg\" class=\"attachment-post-thumbnail size-post-thumbnail wp-post-image\" alt=\"\" srcset=\"https:\/\/www.gessteel.com\/wp-content\/uploads\/2020\/09\/jro-2.jpg 330w, https:\/\/www.gessteel.com\/wp-content\/uploads\/2020\/09\/jro-2-300x273.jpg 300w\" sizes=\"auto, (max-width: 330px) 100vw, 330px\" \/>        \t<div class=\"carousel-caption\">\r\n\t\t\t    <h3>JRO<\/h3>\r\n\t\t\t    <p><\/p>\r\n\t\t\t<\/div>\r\n                <\/div>        <div class=\"item \"><img loading=\"lazy\" decoding=\"async\" width=\"330\" height=\"300\" src=\"https:\/\/www.gessteel.com\/wp-content\/uploads\/2020\/09\/metalco-2.jpg\" class=\"attachment-post-thumbnail size-post-thumbnail wp-post-image\" alt=\"\" srcset=\"https:\/\/www.gessteel.com\/wp-content\/uploads\/2020\/09\/metalco-2.jpg 330w, https:\/\/www.gessteel.com\/wp-content\/uploads\/2020\/09\/metalco-2-300x273.jpg 300w\" sizes=\"auto, (max-width: 330px) 100vw, 330px\" \/>        \t<div class=\"carousel-caption\">\r\n\t\t\t    <h3>Metalco<\/h3>\r\n\t\t\t    <p><\/p>\r\n\t\t\t<\/div>\r\n                <\/div>        <div class=\"item \"><img loading=\"lazy\" decoding=\"async\" width=\"330\" height=\"300\" src=\"https:\/\/www.gessteel.com\/wp-content\/uploads\/2020\/09\/metalpan-2.jpg\" class=\"attachment-post-thumbnail size-post-thumbnail wp-post-image\" alt=\"\" srcset=\"https:\/\/www.gessteel.com\/wp-content\/uploads\/2020\/09\/metalpan-2.jpg 330w, https:\/\/www.gessteel.com\/wp-content\/uploads\/2020\/09\/metalpan-2-300x273.jpg 300w\" sizes=\"auto, (max-width: 330px) 100vw, 330px\" \/>        \t<div class=\"carousel-caption\">\r\n\t\t\t    <h3>Metalpan<\/h3>\r\n\t\t\t    <p><\/p>\r\n\t\t\t<\/div>\r\n                <\/div>        <div class=\"item \"><img loading=\"lazy\" decoding=\"async\" width=\"330\" height=\"300\" src=\"https:\/\/www.gessteel.com\/wp-content\/uploads\/2020\/09\/pellizarri-2.jpg\" class=\"attachment-post-thumbnail size-post-thumbnail wp-post-image\" alt=\"\" srcset=\"https:\/\/www.gessteel.com\/wp-content\/uploads\/2020\/09\/pellizarri-2.jpg 330w, https:\/\/www.gessteel.com\/wp-content\/uploads\/2020\/09\/pellizarri-2-300x273.jpg 300w\" sizes=\"auto, (max-width: 330px) 100vw, 330px\" \/>        \t<div class=\"carousel-caption\">\r\n\t\t\t    <h3>Pellizzari<\/h3>\r\n\t\t\t    <p><\/p>\r\n\t\t\t<\/div>\r\n                <\/div>        <div class=\"item \"><img loading=\"lazy\" decoding=\"async\" width=\"330\" height=\"300\" src=\"https:\/\/www.gessteel.com\/wp-content\/uploads\/2020\/09\/promaquina-2.jpg\" class=\"attachment-post-thumbnail size-post-thumbnail wp-post-image\" alt=\"\" srcset=\"https:\/\/www.gessteel.com\/wp-content\/uploads\/2020\/09\/promaquina-2.jpg 330w, https:\/\/www.gessteel.com\/wp-content\/uploads\/2020\/09\/promaquina-2-300x273.jpg 300w\" sizes=\"auto, (max-width: 330px) 100vw, 330px\" \/>        \t<div class=\"carousel-caption\">\r\n\t\t\t    <h3>Promaquina<\/h3>\r\n\t\t\t    <p><\/p>\r\n\t\t\t<\/div>\r\n                <\/div>        <div class=\"item \"><img loading=\"lazy\" decoding=\"async\" width=\"330\" height=\"300\" src=\"https:\/\/www.gessteel.com\/wp-content\/uploads\/2020\/09\/prometal-2.jpg\" class=\"attachment-post-thumbnail size-post-thumbnail wp-post-image\" alt=\"\" srcset=\"https:\/\/www.gessteel.com\/wp-content\/uploads\/2020\/09\/prometal-2.jpg 330w, https:\/\/www.gessteel.com\/wp-content\/uploads\/2020\/09\/prometal-2-300x273.jpg 300w\" sizes=\"auto, (max-width: 330px) 100vw, 330px\" \/>        \t<div class=\"carousel-caption\">\r\n\t\t\t    <h3>Prometal<\/h3>\r\n\t\t\t    <p><\/p>\r\n\t\t\t<\/div>\r\n                <\/div>        <div class=\"item \"><img loading=\"lazy\" decoding=\"async\" width=\"330\" height=\"300\" src=\"https:\/\/www.gessteel.com\/wp-content\/uploads\/2020\/09\/prometalica-1.jpg\" class=\"attachment-post-thumbnail size-post-thumbnail wp-post-image\" alt=\"\" srcset=\"https:\/\/www.gessteel.com\/wp-content\/uploads\/2020\/09\/prometalica-1.jpg 330w, https:\/\/www.gessteel.com\/wp-content\/uploads\/2020\/09\/prometalica-1-300x273.jpg 300w\" sizes=\"auto, (max-width: 330px) 100vw, 330px\" \/>        \t<div class=\"carousel-caption\">\r\n\t\t\t    <h3>Prometalica<\/h3>\r\n\t\t\t    <p><\/p>\r\n\t\t\t<\/div>\r\n                <\/div>        <div class=\"item \"><img loading=\"lazy\" decoding=\"async\" width=\"330\" height=\"300\" src=\"https:\/\/www.gessteel.com\/wp-content\/uploads\/2020\/09\/temsa-1.jpg\" class=\"attachment-post-thumbnail size-post-thumbnail wp-post-image\" alt=\"\" srcset=\"https:\/\/www.gessteel.com\/wp-content\/uploads\/2020\/09\/temsa-1.jpg 330w, https:\/\/www.gessteel.com\/wp-content\/uploads\/2020\/09\/temsa-1-300x273.jpg 300w\" sizes=\"auto, (max-width: 330px) 100vw, 330px\" \/>        \t<div class=\"carousel-caption\">\r\n\t\t\t    <h3>Temsa<\/h3>\r\n\t\t\t    <p><\/p>\r\n\t\t\t<\/div>\r\n                <\/div>        <div class=\"item \"><img loading=\"lazy\" decoding=\"async\" width=\"330\" height=\"300\" src=\"https:\/\/www.gessteel.com\/wp-content\/uploads\/2020\/09\/umb.jpg\" class=\"attachment-post-thumbnail size-post-thumbnail wp-post-image\" alt=\"\" srcset=\"https:\/\/www.gessteel.com\/wp-content\/uploads\/2020\/09\/umb.jpg 330w, https:\/\/www.gessteel.com\/wp-content\/uploads\/2020\/09\/umb-300x273.jpg 300w\" sizes=\"auto, (max-width: 330px) 100vw, 330px\" \/>        \t<div class=\"carousel-caption\">\r\n\t\t\t    <h3>United Metal Buildings<\/h3>\r\n\t\t\t    <p><\/p>\r\n\t\t\t<\/div>\r\n                <\/div>    <\/div>\r\n    <!-- Navigation Arrows -->\r\n        \t<a class=\"left carousel-control\" href=\"#carousel27\" data-slide=\"prev\">\r\n    \t<span class=\"fa fa-chevron-left\"><\/span>\r\n    \t<\/a>\r\n\t    <a class=\"right carousel-control\" href=\"#carousel27\" data-slide=\"next\">\r\n\t    \t<span class=\"fa fa-chevron-right\"><\/span>\r\n\t  \t<\/a><\/div>\r\n<\/div><div class=\"col-md-6     text-default small-screen-default\"  ><h2 class=\"text-left orange-text title-bloc-ini element-top-30 element-bottom-50 text-normal big default\" data-os-animation=\"none\" data-os-animation-delay=\"0s\" >\r\n    +200 EMPRESAS YA CUENTAN CON STRUMIS    \r\n<\/h2>\r\n<div class=\"row gs-row-bloc\"><div class=\"col-md-12    ds-content-lf text-default small-screen-default\"  ><div class=\"col-text-1 text-normal gs-text-bloc element-top-0 element-bottom-50\" data-os-animation=\"none\" data-os-animation-delay=\"0s\">\r\n    <p>En tan s\u00f3lo 90 d\u00edas tras iniciar la implantaci\u00f3n el cliente ya dispone de resultados, datos reales de su negocio, tiempo real de sus operaciones y control de toda la log\u00edstica de sus status de todos los elementos de sus obras.<\/p>\n<\/div>\r\n[vc_btn title=\u00bbM\u00c1S INFORMACI\u00d3N\u00bb color=\u00bbwarning\u00bb size=\u00bblg\u00bb el_class=\u00bbgs-botton-info\u00bb css=\u00bb.vc_custom_1634233449753{background-color: #ed7222 !important;}\u00bb link=\u00bburl:%23contacto\u00bb]<\/div><\/div><\/div>        <\/div>\r\n    <\/div>\r\n<\/section>\r\n<section class=\"section  text-normal section-text-no-shadow section-inner-no-shadow section-normal section-opaque\"  >\r\n    \r\n    <div class=\"background-overlay grid-overlay-0 \" style=\"background-color: rgba(244,244,244,1);\"><\/div>\r\n\r\n    <div class=\"container-fullwidth container-vertical-middle\">\r\n        <div class=\"row vertical-middle\">\r\n            <div class=\"col-md-8    gs-content-ini text-default small-screen-default\"  style=\"background:#fafafa;\"><div class=\"row gs-row-bloc\"><div class=\"col-md-12    ds-content-lf text-default small-screen-default\"  ><h2 class=\"text-left orange-text title-bloc-ini element-top-30 element-bottom-50 text-normal big default\" data-os-animation=\"none\" data-os-animation-delay=\"0s\" >\r\n    BENEFICIOS STRUMIS    \r\n<\/h2>\r\n<div class=\"col-text-1 text-normal gs-text-bloc element-top-0 element-bottom-50\" data-os-animation=\"none\" data-os-animation-delay=\"0s\">\r\n    <p>&#8211; Control de <strong>presupuesto a tiempo real<\/strong>.<\/p>\n<p>&#8211; Maximiza el <strong>aprovechamiento de material<\/strong>.<\/p>\n<p>&#8211; <strong>Reduce reprocesos y errores<\/strong> de log\u00edstica.<\/p>\n<p>&#8211; <strong>Trazabilidad<\/strong> total.<\/p>\n<p>&#8211; <strong>Control <\/strong>de avance del proyecto <strong>sobre modelo 3D<\/strong>.<\/p>\n<p>&#8211; <strong>Registro de datos<\/strong> autom\u00e1tico con <strong>c\u00f3digo de barras<\/strong>.<\/p>\n<\/div>\r\n[vc_btn title=\u00bbVER VIDEOS\u00bb color=\u00bbwarning\u00bb size=\u00bblg\u00bb el_class=\u00bbgs-botton-info\u00bb css=\u00bb.vc_custom_1600172232516{background-color: #ed7222 !important;}\u00bb link=\u00bburl:%2Fsoluciones|||\u00bb]<\/div><\/div><\/div><div class=\"col-md-4     text-default small-screen-default\"  ><div class=\"figure element-top-0 element-bottom-0  gs-img-ini\" data-os-animation=\"none\" data-os-animation-delay=\"0s\">\r\n            <span class=\"figure-image\">\r\n        <img loading=\"lazy\" decoding=\"async\" width=\"574\" height=\"625\" src=\"https:\/\/www.gessteel.com\/wp-content\/uploads\/2020\/09\/img-beneficios-strumis.jpg\" class=\"attachment-full size-full\" alt=\"\" srcset=\"https:\/\/www.gessteel.com\/wp-content\/uploads\/2020\/09\/img-beneficios-strumis.jpg 574w, https:\/\/www.gessteel.com\/wp-content\/uploads\/2020\/09\/img-beneficios-strumis-276x300.jpg 276w\" sizes=\"auto, (max-width: 574px) 100vw, 574px\" \/>            <\/span>\r\n    <\/div>\r\n<\/div>        <\/div>\r\n    <\/div>\r\n<\/section>\r\n<section class=\"section  text-normal section-text-no-shadow section-inner-no-shadow section-normal section-opaque\"  >\r\n    \r\n    <div class=\"background-overlay grid-overlay-0 \" style=\"background-color: rgba(255,255,255,1);\"><\/div>\r\n\r\n    <div class=\"container container-vertical-default\">\r\n        <div class=\"row vertical-default\">\r\n            <div class=\"col-md-12     text-default small-screen-default\"  ><h2 class=\"text-center orange-text title-bloc-ini element-top-30 element-bottom-50 text-normal big default\" data-os-animation=\"none\" data-os-animation-delay=\"0s\" >\r\n    CONOZCA LA OPINI\u00d3N DE NUESTROS CLIENTES    \r\n<\/h2>\r\n<\/div>        <\/div>\r\n    <\/div>\r\n<\/section>\r\n<section class=\"section  text-normal section-text-no-shadow section-inner-no-shadow section-normal section-opaque\"  >\r\n    \r\n    <div class=\"background-overlay grid-overlay-0 \" style=\"background-color: rgba(0,0,0,0);\"><\/div>\r\n\r\n    <div class=\"container container-vertical-default\">\r\n        <div class=\"row vertical-default\">\r\n            <div class=\"col-md-12     text-default small-screen-default\"  ><div class=\"divider-wrapper \" style=\"visibility:hidden;background-color:#FFFFFF\">\r\n    <div class=\"visible-xs\" style=\"height:24px;\"><\/div>\r\n    <div class=\"visible-sm\" style=\"height:24px;\"><\/div>\r\n    <div class=\"visible-md\" style=\"height:24px;\"><\/div>\r\n    <div class=\"visible-lg\" style=\"height:24px;\"><\/div>\r\n<\/div>[vc_btn title=\u00bbCONOZCA STRUMIS EN 1 MINUTO\u00bb color=\u00bbwarning\u00bb size=\u00bblg\u00bb align=\u00bbcenter\u00bb link=\u00bburl:%2Fsoluciones%2F\u00bb el_class=\u00bbgs-botton-simple botton-academia\u00bb]<div class=\"divider-wrapper \" style=\"visibility:hidden;background-color:#FFFFFF\">\r\n    <div class=\"visible-xs\" style=\"height:24px;\"><\/div>\r\n    <div class=\"visible-sm\" style=\"height:24px;\"><\/div>\r\n    <div class=\"visible-md\" style=\"height:24px;\"><\/div>\r\n    <div class=\"visible-lg\" style=\"height:24px;\"><\/div>\r\n<\/div><\/div>        <\/div>\r\n    <\/div>\r\n<\/section>\n","protected":false},"excerpt":{"rendered":"","protected":false},"author":3,"featured_media":1852,"parent":0,"menu_order":0,"comment_status":"closed","ping_status":"closed","template":"","meta":{"_acf_changed":false,"_joinchat":[],"footnotes":""},"class_list":["post-2370","page","type-page","status-publish","has-post-thumbnail","hentry"],"acf":[],"aioseo_notices":[],"_links":{"self":[{"href":"https:\/\/www.gessteel.com\/es\/wp-json\/wp\/v2\/pages\/2370","targetHints":{"allow":["GET"]}}],"collection":[{"href":"https:\/\/www.gessteel.com\/es\/wp-json\/wp\/v2\/pages"}],"about":[{"href":"https:\/\/www.gessteel.com\/es\/wp-json\/wp\/v2\/types\/page"}],"author":[{"embeddable":true,"href":"https:\/\/www.gessteel.com\/es\/wp-json\/wp\/v2\/users\/3"}],"replies":[{"embeddable":true,"href":"https:\/\/www.gessteel.com\/es\/wp-json\/wp\/v2\/comments?post=2370"}],"version-history":[{"count":8,"href":"https:\/\/www.gessteel.com\/es\/wp-json\/wp\/v2\/pages\/2370\/revisions"}],"predecessor-version":[{"id":2396,"href":"https:\/\/www.gessteel.com\/es\/wp-json\/wp\/v2\/pages\/2370\/revisions\/2396"}],"wp:featuredmedia":[{"embeddable":true,"href":"https:\/\/www.gessteel.com\/es\/wp-json\/wp\/v2\/media\/1852"}],"wp:attachment":[{"href":"https:\/\/www.gessteel.com\/es\/wp-json\/wp\/v2\/media?parent=2370"}],"curies":[{"name":"wp","href":"https:\/\/api.w.org\/{rel}","templated":true}]}}