{"id":2668,"date":"2022-01-12T01:47:07","date_gmt":"2022-01-12T01:47:07","guid":{"rendered":"https:\/\/www.gessteel.com\/?page_id=2668"},"modified":"2026-03-17T12:06:54","modified_gmt":"2026-03-17T12:06:54","slug":"webinar-industria-4-0-software-de-gestao-da-producao-para-fabricantes-de-estruturas-metalicas","status":"publish","type":"page","link":"https:\/\/www.gessteel.com\/es\/webinar-industria-4-0-software-de-gestao-da-producao-para-fabricantes-de-estruturas-metalicas\/","title":{"rendered":"Webinar Ind\u00fastria 4.0: Software de Gest\u00e3o da Produ\u00e7\u00e3o para Fabricantes de Estruturas Met\u00e1licas"},"content":{"rendered":"","protected":false},"excerpt":{"rendered":"","protected":false},"author":3,"featured_media":0,"parent":0,"menu_order":0,"comment_status":"closed","ping_status":"closed","template":"","meta":{"_acf_changed":false,"_joinchat":[],"footnotes":""},"class_list":["post-2668","page","type-page","status-publish","hentry"],"acf":[],"aioseo_notices":[],"_links":{"self":[{"href":"https:\/\/www.gessteel.com\/es\/wp-json\/wp\/v2\/pages\/2668","targetHints":{"allow":["GET"]}}],"collection":[{"href":"https:\/\/www.gessteel.com\/es\/wp-json\/wp\/v2\/pages"}],"about":[{"href":"https:\/\/www.gessteel.com\/es\/wp-json\/wp\/v2\/types\/page"}],"author":[{"embeddable":true,"href":"https:\/\/www.gessteel.com\/es\/wp-json\/wp\/v2\/users\/3"}],"replies":[{"embeddable":true,"href":"https:\/\/www.gessteel.com\/es\/wp-json\/wp\/v2\/comments?post=2668"}],"version-history":[{"count":2,"href":"https:\/\/www.gessteel.com\/es\/wp-json\/wp\/v2\/pages\/2668\/revisions"}],"predecessor-version":[{"id":2670,"href":"https:\/\/www.gessteel.com\/es\/wp-json\/wp\/v2\/pages\/2668\/revisions\/2670"}],"wp:attachment":[{"href":"https:\/\/www.gessteel.com\/es\/wp-json\/wp\/v2\/media?parent=2668"}],"curies":[{"name":"wp","href":"https:\/\/api.w.org\/{rel}","templated":true}]}}