{"id":3371,"date":"2022-07-05T17:02:30","date_gmt":"2022-07-05T17:02:30","guid":{"rendered":"https:\/\/www.gessteel.com\/?page_id=3371"},"modified":"2026-03-17T12:06:55","modified_gmt":"2026-03-17T12:06:55","slug":"just-plan-it","status":"publish","type":"page","link":"https:\/\/www.gessteel.com\/es\/just-plan-it\/","title":{"rendered":"Just Plan it"},"content":{"rendered":"<section class=\"section  text-normal section-text-no-shadow section-inner-no-shadow section-normal section-opaque\"  >\r\n    \r\n    <div class=\"background-overlay grid-overlay-0 \" style=\"background-color: rgba(0,0,0,0);\"><\/div>\r\n\r\n    <div class=\"container container-vertical-default\">\r\n        <div class=\"row vertical-default\">\r\n            <div class=\"col-md-12     text-center small-screen-default\"  ><h2 class=\"text-center orange-text title-solutions element-top-50 element-bottom-20 text-normal bigger default\" data-os-animation=\"none\" data-os-animation-delay=\"0s\" >\r\n    JUST PLAN IT    \r\n<\/h2>\r\n<h2 class=\"text-center orange-text title-solutions element-top-50 element-bottom-20 text-normal bigger default\" data-os-animation=\"none\" data-os-animation-delay=\"0s\" >\r\n    AUMENTE SU PRODUCTIVIDAD CON UNA PLANIFICACI\u00d3N AUTOM\u00c1TICA DE LA PRODUCCI\u00d3N    \r\n<\/h2>\r\n<div class=\"divider-wrapper \" style=\"visibility:hidden;background-color:#FFFFFF\">\r\n    <div class=\"visible-xs\" style=\"height:41px;\"><\/div>\r\n    <div class=\"visible-sm\" style=\"height:40px;\"><\/div>\r\n    <div class=\"visible-md\" style=\"height:41px;\"><\/div>\r\n    <div class=\"visible-lg\" style=\"height:20px;\"><\/div>\r\n<\/div><div class=\"row \"><div class=\"col-md-6     text-default small-screen-default\"  ><div class=\"col-text-1 text-normal  element-top-90 element-bottom-40\" data-os-animation=\"none\" data-os-animation-delay=\"0s\">\r\n    <h2 style=\"text-align: left;\"><strong>Just Plan it<\/strong> es el software ideal para automatizar su planificaci\u00f3n productiva y hacerla visual.<\/h2>\n<h2 style=\"text-align: left;\">Simule escenarios en tiempo real para entregar a tiempo sus pedidos y optimizar el uso de sus recursos.<\/h2>\n<\/div>\r\n<\/div><div class=\"col-md-6     text-right small-screen-right\"  ><div class=\"figure element-top-0 element-bottom-20  \" data-os-animation=\"none\" data-os-animation-delay=\"0s\">\r\n            <a href=\"https:\/\/www.gessteel.com\/wp-content\/uploads\/2023\/06\/Macbook-sin-fondo-JPI.png\" class=\"figure-image magnific\" target=\"_self\">\r\n        <img loading=\"lazy\" decoding=\"async\" width=\"1142\" height=\"676\" src=\"https:\/\/www.gessteel.com\/wp-content\/uploads\/2023\/06\/Macbook-sin-fondo-JPI.png\" class=\"attachment-full size-full\" alt=\"\" srcset=\"https:\/\/www.gessteel.com\/wp-content\/uploads\/2023\/06\/Macbook-sin-fondo-JPI.png 1142w, https:\/\/www.gessteel.com\/wp-content\/uploads\/2023\/06\/Macbook-sin-fondo-JPI-300x178.png 300w, https:\/\/www.gessteel.com\/wp-content\/uploads\/2023\/06\/Macbook-sin-fondo-JPI-1024x606.png 1024w, https:\/\/www.gessteel.com\/wp-content\/uploads\/2023\/06\/Macbook-sin-fondo-JPI-768x455.png 768w\" sizes=\"auto, (max-width: 1142px) 100vw, 1142px\" \/>            <\/a>\r\n    <\/div>\r\n<\/div><\/div><\/div>        <\/div>\r\n    <\/div>\r\n<\/section>\r\n<section class=\"section  text-normal section-text-no-shadow section-inner-no-shadow section-normal section-opaque\"  >\r\n    \r\n    <div class=\"background-overlay grid-overlay-0 \" style=\"background-color: rgba(237,115,32,0);\"><\/div>\r\n\r\n    <div class=\"container-fullwidth container-vertical-default\">\r\n        <div class=\"row vertical-default\">\r\n            <div class=\"col-md-12     text-default small-screen-default\"  style=\"background:#545353;\"><h2 class=\"text-center white-text title-solutions element-top-30 element-bottom-20 text-light big default\" data-os-animation=\"none\" data-os-animation-delay=\"0s\" >\r\n    \u00bfQU\u00c9 BENEFICIOS TANGIBLES CONSIGO PLANICANDO LA PRODUCCI\u00d3N?    \r\n<\/h2>\r\n<div class=\"row \"><div class=\"col-md-4     text-default small-screen-default\"  ><div class=\"figure element-top-40 element-bottom-20  \" data-os-animation=\"none\" data-os-animation-delay=\"0s\">\r\n            <a href=\"https:\/\/www.gessteel.com\/wp-content\/uploads\/2022\/07\/1_2.png\" class=\"figure-image magnific\" target=\"_self\">\r\n        <img loading=\"lazy\" decoding=\"async\" width=\"1500\" height=\"891\" src=\"https:\/\/www.gessteel.com\/wp-content\/uploads\/2022\/07\/1_2.png\" class=\"attachment-full size-full\" alt=\"\" srcset=\"https:\/\/www.gessteel.com\/wp-content\/uploads\/2022\/07\/1_2.png 1500w, https:\/\/www.gessteel.com\/wp-content\/uploads\/2022\/07\/1_2-300x178.png 300w, https:\/\/www.gessteel.com\/wp-content\/uploads\/2022\/07\/1_2-1024x608.png 1024w, https:\/\/www.gessteel.com\/wp-content\/uploads\/2022\/07\/1_2-768x456.png 768w\" sizes=\"auto, (max-width: 1500px) 100vw, 1500px\" \/>            <\/a>\r\n    <\/div>\r\n<div class=\"col-text-1 text-normal  element-top-20 element-bottom-20\" data-os-animation=\"none\" data-os-animation-delay=\"0s\">\r\n    <h2 style=\"text-align: center;\"><span class=\"JsGRdQ\"><span style=\"color: #ffffff;\"><strong>Lograr &gt;90 % de entrega a tiempo<\/strong><\/span>\u00a0 \u00a0\u00a0<\/span><\/h2>\n<\/div>\r\n<\/div><div class=\"col-md-4     text-default small-screen-default\"  ><div class=\"figure element-top-40 element-bottom-20  \" data-os-animation=\"none\" data-os-animation-delay=\"0s\">\r\n            <a href=\"https:\/\/www.gessteel.com\/wp-content\/uploads\/2022\/07\/2_2.png\" class=\"figure-image magnific\" target=\"_self\">\r\n        <img loading=\"lazy\" decoding=\"async\" width=\"1500\" height=\"891\" src=\"https:\/\/www.gessteel.com\/wp-content\/uploads\/2022\/07\/2_2.png\" class=\"attachment-full size-full\" alt=\"\" srcset=\"https:\/\/www.gessteel.com\/wp-content\/uploads\/2022\/07\/2_2.png 1500w, https:\/\/www.gessteel.com\/wp-content\/uploads\/2022\/07\/2_2-300x178.png 300w, https:\/\/www.gessteel.com\/wp-content\/uploads\/2022\/07\/2_2-1024x608.png 1024w, https:\/\/www.gessteel.com\/wp-content\/uploads\/2022\/07\/2_2-768x456.png 768w\" sizes=\"auto, (max-width: 1500px) 100vw, 1500px\" \/>            <\/a>\r\n    <\/div>\r\n<div class=\"col-text-1 text-normal  element-top-20 element-bottom-0\" data-os-animation=\"none\" data-os-animation-delay=\"0s\">\r\n    <h2 style=\"text-align: center;\"><span style=\"color: #ffffff;\"><strong><span class=\"JsGRdQ\">Reduzca sus tiempos de entrega en al menos un 20%<\/span><\/strong><\/span><\/h2>\n<\/div>\r\n<\/div><div class=\"col-md-4     text-default small-screen-default\"  ><div class=\"figure element-top-40 element-bottom-20  \" data-os-animation=\"none\" data-os-animation-delay=\"0s\">\r\n            <a href=\"https:\/\/www.gessteel.com\/wp-content\/uploads\/2022\/07\/3_2.png\" class=\"figure-image magnific\" target=\"_self\">\r\n        <img loading=\"lazy\" decoding=\"async\" width=\"1500\" height=\"891\" src=\"https:\/\/www.gessteel.com\/wp-content\/uploads\/2022\/07\/3_2.png\" class=\"attachment-full size-full\" alt=\"\" srcset=\"https:\/\/www.gessteel.com\/wp-content\/uploads\/2022\/07\/3_2.png 1500w, https:\/\/www.gessteel.com\/wp-content\/uploads\/2022\/07\/3_2-300x178.png 300w, https:\/\/www.gessteel.com\/wp-content\/uploads\/2022\/07\/3_2-1024x608.png 1024w, https:\/\/www.gessteel.com\/wp-content\/uploads\/2022\/07\/3_2-768x456.png 768w\" sizes=\"auto, (max-width: 1500px) 100vw, 1500px\" \/>            <\/a>\r\n    <\/div>\r\n<div class=\"col-text-1 text-normal  element-top-20 element-bottom-20\" data-os-animation=\"none\" data-os-animation-delay=\"0s\">\r\n    <h2 style=\"text-align: center;\"><span style=\"color: #ffffff;\"><strong><span class=\"JsGRdQ\">Aumente sus ingresos en m\u00e1s del 25%<\/span><\/strong><\/span><\/h2>\n<\/div>\r\n<\/div><\/div><div class=\"divider-wrapper \" style=\"visibility:hidden;background-color:#FFFFFF\">\r\n    <div class=\"visible-xs\" style=\"height:20px;\"><\/div>\r\n    <div class=\"visible-sm\" style=\"height:20px;\"><\/div>\r\n    <div class=\"visible-md\" style=\"height:20px;\"><\/div>\r\n    <div class=\"visible-lg\" style=\"height:20px;\"><\/div>\r\n<\/div><div class=\"divider-wrapper \" style=\"visibility:hidden;background-color:#FFFFFF\">\r\n    <div class=\"visible-xs\" style=\"height:20px;\"><\/div>\r\n    <div class=\"visible-sm\" style=\"height:20px;\"><\/div>\r\n    <div class=\"visible-md\" style=\"height:20px;\"><\/div>\r\n    <div class=\"visible-lg\" style=\"height:20px;\"><\/div>\r\n<\/div><\/div>        <\/div>\r\n    <\/div>\r\n<\/section>\r\n<section class=\"section gs-content-solutions text-normal section-text-no-shadow section-inner-no-shadow section-normal section-opaque\"  >\r\n    \r\n    <div class=\"background-overlay grid-overlay-0 \" style=\"background-color: rgba(0,0,0,0);\"><\/div>\r\n\r\n    <div class=\"container container-vertical-default\">\r\n        <div class=\"row vertical-default\">\r\n            <div class=\"col-md-12     text-default small-screen-default\"  ><div class=\"divider-wrapper \" style=\"visibility:hidden;background-color:#FFFFFF\">\r\n    <div class=\"visible-xs\" style=\"height:20px;\"><\/div>\r\n    <div class=\"visible-sm\" style=\"height:20px;\"><\/div>\r\n    <div class=\"visible-md\" style=\"height:20px;\"><\/div>\r\n    <div class=\"visible-lg\" style=\"height:20px;\"><\/div>\r\n<\/div><h2 class=\"text-center orange-text title-solutions element-top-20 element-bottom-20 text-normal bigger default\" data-os-animation=\"none\" data-os-animation-delay=\"0s\" >\r\n    \u00bfQU\u00c9 PUEDO CONSEGUIR CON JUST PLAN IT?    \r\n<\/h2>\r\n<div class=\"divider-wrapper \" style=\"visibility:hidden;background-color:#FFFFFF\">\r\n    <div class=\"visible-xs\" style=\"height:20px;\"><\/div>\r\n    <div class=\"visible-sm\" style=\"height:20px;\"><\/div>\r\n    <div class=\"visible-md\" style=\"height:20px;\"><\/div>\r\n    <div class=\"visible-lg\" style=\"height:20px;\"><\/div>\r\n<\/div><div class=\"row \"><div class=\"col-md-6     text-center small-screen-default\"  ><div class=\"col-text-1 text-normal text-intermig gs-text-weight element-top-20 element-bottom-20\" data-os-animation=\"none\" data-os-animation-delay=\"0s\">\r\n    <div style=\"text-align: left;\"><\/div>\n<div class=\"clearfix\" style=\"text-align: left;\">\u2611 Planifique de forma sencilla, r\u00e1pida y visual.<\/div>\n<div style=\"text-align: left;\"><\/div>\n<div class=\"column-content \" style=\"text-align: left;\">\n<p>\u2611 Planificaci\u00f3n actualizada constantemente.<\/p>\n<p>\u2611 Conozca inmediatamente el impacto en la planificaci\u00f3n causado por los imprevistos o ciertas situaciones que pasan en el d\u00eda a d\u00eda: alguien pide vacaciones, aver\u00edas, mantenimiento de m\u00e1quinas, etc.<\/p>\n<p>\u2611 Simulaci\u00f3n de escenarios (What If) de forma inmediata: Un comercial nos consulta si tenemos capacidad para incluir un nuevo pedido, cu\u00e1nto tiempo necesito subcontratar, etc.<\/p>\n<p>\u2611 An\u00e1lisis y liberaci\u00f3n de cuellos de botella que limitan la capacidad. Identifique r\u00e1pidamente sus recursos limitantes y descubra qu\u00e9 puede hacer para eliminar esas limitaciones.<\/p>\n<p>\u2611 Gesti\u00f3n inmediata de cambios en la planificaci\u00f3n.<\/p>\n<p>\u2611 Enorme simplificaci\u00f3n e incremento de precisi\u00f3n del proceso de planificar.<\/p>\n<p>\u2611 Enlace con ERP, Business Intelligence, etc.<\/p>\n<\/div>\n<div class=\"widget gsc-heading align-left style-1 text-light \" style=\"text-align: left;\">\n<div class=\"title-desc\">\n<h3 style=\"text-align: left;\">\u00a1M\u00e1s de 1.000 usuarios activos en todo el mundo!<\/h3>\n<\/div>\n<\/div>\n<\/div>\r\n<\/div><div class=\"col-md-6     text-default small-screen-default\"  ><div class=\"figure element-top-20 element-bottom-20  \" data-os-animation=\"none\" data-os-animation-delay=\"0s\">\r\n            <a href=\"https:\/\/www.gessteel.com\/wp-content\/uploads\/2022\/07\/just-plan-it-interface.png\" class=\"figure-image magnific\" target=\"_self\">\r\n        <img loading=\"lazy\" decoding=\"async\" width=\"670\" height=\"631\" src=\"https:\/\/www.gessteel.com\/wp-content\/uploads\/2022\/07\/just-plan-it-interface.png\" class=\"attachment-full size-full\" alt=\"\" srcset=\"https:\/\/www.gessteel.com\/wp-content\/uploads\/2022\/07\/just-plan-it-interface.png 670w, https:\/\/www.gessteel.com\/wp-content\/uploads\/2022\/07\/just-plan-it-interface-300x283.png 300w\" sizes=\"auto, (max-width: 670px) 100vw, 670px\" \/>            <\/a>\r\n    <\/div>\r\n<\/div><\/div><div class=\"divider-wrapper \" style=\"visibility:hidden;background-color:#FFFFFF\">\r\n    <div class=\"visible-xs\" style=\"height:20px;\"><\/div>\r\n    <div class=\"visible-sm\" style=\"height:20px;\"><\/div>\r\n    <div class=\"visible-md\" style=\"height:20px;\"><\/div>\r\n    <div class=\"visible-lg\" style=\"height:20px;\"><\/div>\r\n<\/div><div class=\"row \"><div class=\"col-md-6     text-center small-screen-default\"  ><div class=\"figure element-top-20 element-bottom-20  \" data-os-animation=\"none\" data-os-animation-delay=\"0s\">\r\n            <a href=\"https:\/\/www.gessteel.com\/wp-content\/uploads\/2022\/07\/Capturar-app.jpg\" class=\"figure-image magnific\" target=\"_self\">\r\n        <img loading=\"lazy\" decoding=\"async\" width=\"261\" height=\"494\" src=\"https:\/\/www.gessteel.com\/wp-content\/uploads\/2022\/07\/Capturar-app.jpg\" class=\"attachment-full size-full\" alt=\"\" srcset=\"https:\/\/www.gessteel.com\/wp-content\/uploads\/2022\/07\/Capturar-app.jpg 261w, https:\/\/www.gessteel.com\/wp-content\/uploads\/2022\/07\/Capturar-app-159x300.jpg 159w\" sizes=\"auto, (max-width: 261px) 100vw, 261px\" \/>            <\/a>\r\n    <\/div>\r\n<\/div><div class=\"col-md-6     text-default small-screen-default\"  ><h2 class=\"text-center orange-text title-solutions element-top-40 element-bottom-40 text-normal bigger default\" data-os-animation=\"none\" data-os-animation-delay=\"0s\" >\r\n    CONTROLE LO QUE SUCEDE EN SU F\u00c1BRICA    \r\n<\/h2>\r\n<div class=\"col-text-1 text-normal  element-top-20 element-bottom-20\" data-os-animation=\"none\" data-os-animation-delay=\"0s\">\r\n    <h3>\u2611 La planificaci\u00f3n de la producci\u00f3n le ayudar\u00e1 a controlar su f\u00e1brica.<\/h3>\n<h3>\u2611 Una correcta programaci\u00f3n de la producci\u00f3n le proporciona transparencia para poder actuar con mayor rapidez.<\/h3>\n<h3>\u2611 Maximice el rendimiento: aumente la utilizaci\u00f3n de la capacidad, incremente la eficiencia de los recursos, reduzca plazos de entrega y realice entregas a tiempo.<\/h3>\n<\/div>\r\n<\/div><\/div><div class=\"divider-wrapper \" style=\"visibility:hidden;background-color:#FFFFFF\">\r\n    <div class=\"visible-xs\" style=\"height:20px;\"><\/div>\r\n    <div class=\"visible-sm\" style=\"height:20px;\"><\/div>\r\n    <div class=\"visible-md\" style=\"height:20px;\"><\/div>\r\n    <div class=\"visible-lg\" style=\"height:20px;\"><\/div>\r\n<\/div><\/div>        <\/div>\r\n    <\/div>\r\n<\/section>\r\n<section class=\"section  text-normal section-text-no-shadow section-inner-no-shadow section-normal section-opaque\"  >\r\n    \r\n    <div class=\"background-overlay grid-overlay-0 \" style=\"background-color: rgba(255,255,255,1);\"><\/div>\r\n\r\n    <div class=\"container-fullwidth container-vertical-middle\">\r\n        <div class=\"row vertical-middle\">\r\n            <div class=\"col-md-12     text-center small-screen-center\"  >[vc_raw_html]JTNDaWZyYW1lJTIwZnJhbWVib3JkZXIlM0QlMjIwJTIyJTIwc3R5bGUlM0QlMjJoZWlnaHQlM0ElMjA4OTBweCUzQndpZHRoJTNBJTIwOTAlMjUlM0Jib3JkZXIlM0Fub25lJTNCJTIyJTIwc3JjJTNEJTI3aHR0cHMlM0ElMkYlMkZmb3Jtcy56b2hvcHVibGljLmV1JTJGZ2Vzc3RlZWwlMkZmb3JtJTJGSnBpQlNDMSUyRmZvcm1wZXJtYSUyRkFEZDRaWDNLVjZqM0k3YTVrUUZkaUNNRFFBUnVQRl9ZR29IWUtWVTY1TjAlMjclM0UlM0MlMkZpZnJhbWUlM0U=[\/vc_raw_html]<\/div>        <\/div>\r\n    <\/div>\r\n<\/section>\n","protected":false},"excerpt":{"rendered":"JUST PLAN IT AUMENTE SU PRODUCTIVIDAD CON UNA PLANIFICACI\u00d3N AUTOM\u00c1TICA DE LA PRODUCCI\u00d3N Just Plan it es el software ideal para automatizar su planificaci\u00f3n productiva y hacerla visual. Simule escenarios en tiempo real para entregar a tiempo sus pedidos y optimizar el uso de sus recursos. \u00bfQU\u00c9 BENEFICIOS TANGIBLES CONSIGO PLANICANDO LA PRODUCCI\u00d3N? Lograr &gt;90","protected":false},"author":3,"featured_media":0,"parent":0,"menu_order":2,"comment_status":"closed","ping_status":"closed","template":"","meta":{"_acf_changed":false,"_joinchat":[],"footnotes":""},"class_list":["post-3371","page","type-page","status-publish","hentry"],"acf":[],"aioseo_notices":[],"_links":{"self":[{"href":"https:\/\/www.gessteel.com\/es\/wp-json\/wp\/v2\/pages\/3371","targetHints":{"allow":["GET"]}}],"collection":[{"href":"https:\/\/www.gessteel.com\/es\/wp-json\/wp\/v2\/pages"}],"about":[{"href":"https:\/\/www.gessteel.com\/es\/wp-json\/wp\/v2\/types\/page"}],"author":[{"embeddable":true,"href":"https:\/\/www.gessteel.com\/es\/wp-json\/wp\/v2\/users\/3"}],"replies":[{"embeddable":true,"href":"https:\/\/www.gessteel.com\/es\/wp-json\/wp\/v2\/comments?post=3371"}],"version-history":[{"count":120,"href":"https:\/\/www.gessteel.com\/es\/wp-json\/wp\/v2\/pages\/3371\/revisions"}],"predecessor-version":[{"id":6840,"href":"https:\/\/www.gessteel.com\/es\/wp-json\/wp\/v2\/pages\/3371\/revisions\/6840"}],"wp:attachment":[{"href":"https:\/\/www.gessteel.com\/es\/wp-json\/wp\/v2\/media?parent=3371"}],"curies":[{"name":"wp","href":"https:\/\/api.w.org\/{rel}","templated":true}]}}