{"id":468,"date":"2020-07-07T11:26:24","date_gmt":"2020-07-07T11:26:24","guid":{"rendered":"https:\/\/www.gessteel.com\/?page_id=468"},"modified":"2026-04-09T13:21:47","modified_gmt":"2026-04-09T13:21:47","slug":"strumis","status":"publish","type":"page","link":"https:\/\/www.gessteel.com\/es\/strumis\/","title":{"rendered":"STRUMIS | Software l\u00edder en gesti\u00f3n de producci\u00f3n de estructuras met\u00e1licas"},"content":{"rendered":"<section class=\"section gs-content-solutions text-normal section-text-no-shadow section-inner-no-shadow section-normal section-opaque\"  >\r\n    \r\n    <div class=\"background-overlay grid-overlay-0 \" style=\"background-color: rgba(0,0,0,0);\"><\/div>\r\n\r\n    <div class=\"container container-vertical-default\">\r\n        <div class=\"row vertical-default\">\r\n            <div class=\"col-md-12     text-default small-screen-default\"  ><h2 class=\"text-center orange-text title-solutions element-top-20 element-bottom-20 text-normal bigger default\" data-os-animation=\"none\" data-os-animation-delay=\"0s\" >\r\n    LA INFORMACI\u00d3N DE SUS OBRAS SIEMPRE ACTUALIZADA EN UN ENTORNO DIGITAL    \r\n<\/h2>\r\n<div class=\"col-text-1 text-normal text-intermig gs-text-weight element-top-20 element-bottom-20\" data-os-animation=\"none\" data-os-animation-delay=\"0s\">\r\n    <p style=\"text-align: center;\">Su taller y sus procesos de producci\u00f3n\u00a0ser\u00e1n parte de la\u00a0<strong>Industria\u00a04.0<\/strong>.\u00a0Combine t\u00e9cnicas avanzadas de producci\u00f3n con tecnolog\u00edas inteligentes que maximicen la gesti\u00f3n de sus recursos y activos con una mayor adaptabilidad a los requisitos de sus clientes.<\/p>\n<\/div>\r\n<div class=\"divider-wrapper \" style=\"visibility:hidden;background-color:#FFFFFF\">\r\n    <div class=\"visible-xs\" style=\"height:24px;\"><\/div>\r\n    <div class=\"visible-sm\" style=\"height:24px;\"><\/div>\r\n    <div class=\"visible-md\" style=\"height:24px;\"><\/div>\r\n    <div class=\"visible-lg\" style=\"height:24px;\"><\/div>\r\n<\/div><div class=\"row \"><div class=\"col-md-4     text-default small-screen-default\"  ><div class=\"figure element-top-0 element-bottom-0 image-effect-zoom-in gs-img-ini\" data-os-animation=\"none\" data-os-animation-delay=\"0s\">\r\n            <span class=\"figure-image\">\r\n        <img loading=\"lazy\" decoding=\"async\" width=\"574\" height=\"581\" src=\"https:\/\/www.gessteel.com\/wp-content\/uploads\/2020\/09\/gessteel-compatible.jpg\" class=\"attachment-large size-large\" alt=\"\" srcset=\"https:\/\/www.gessteel.com\/wp-content\/uploads\/2020\/09\/gessteel-compatible.jpg 574w, https:\/\/www.gessteel.com\/wp-content\/uploads\/2020\/09\/gessteel-compatible-296x300.jpg 296w\" sizes=\"auto, (max-width: 574px) 100vw, 574px\" \/>            <\/span>\r\n    <\/div>\r\n<\/div><div class=\"col-md-8     text-default small-screen-default col-border-left\"  ><div class=\"col-text-1 text-normal  hidden-md hidden-sm hidden-xs element-top-10 element-bottom-30\" data-os-animation=\"none\" data-os-animation-delay=\"0s\">\r\n    <ul>\n<li>\n<h4>\u00bfQu\u00e9 beneficio tiene el proyecto hoy?<\/h4>\n<\/li>\n<li>\n<h4>\u00bfCu\u00e1l es la desviaci\u00f3n respecto a lo presupuestado?<\/h4>\n<\/li>\n<li>\n<h4>\u00bfCu\u00e1l es el impacto econ\u00f3mico de las no conformidades?<\/h4>\n<\/li>\n<\/ul>\n<\/div>\r\n<div class=\"col-text-1 text-normal gs-text-video hidden-md hidden-sm hidden-xs element-top-20 element-bottom-20\" data-os-animation=\"none\" data-os-animation-delay=\"0s\">\r\n    <h3>STRUMIS le aportar\u00e1 <strong>toda la informaci\u00f3n econ\u00f3mica<\/strong> de manera detallada.<\/h3>\n<\/div>\r\n<div class=\"col-text-1 text-normal gs-quest-video hidden-md hidden-sm hidden-xs element-top-30 element-bottom-30\" data-os-animation=\"none\" data-os-animation-delay=\"0s\">\r\n    <ul>\n<li>\n<h4>\u00bfCu\u00e1l es el grado de avance de la obra?<\/h4>\n<\/li>\n<li>\n<h4>\u00bfCu\u00e1ntos elementos se pueden facturar?<\/h4>\n<\/li>\n<li>\n<h4>\u00bfCu\u00e1ntos materiales est\u00e1n cubiertos?<\/h4>\n<\/li>\n<\/ul>\n<\/div>\r\n<div class=\"col-text-1 text-normal gs-text-video hidden-md hidden-sm hidden-xs element-top-20 element-bottom-20\" data-os-animation=\"none\" data-os-animation-delay=\"0s\">\r\n    <h3>STRUMIS le permitir\u00e1 <strong>controlar toda la informaci\u00f3n<\/strong> del proyecto sobre el modelo 3D.<\/h3>\n<\/div>\r\n<\/div><\/div><div class=\"divider-wrapper \" style=\"visibility:hidden;background-color:#FFFFFF\">\r\n    <div class=\"visible-xs\" style=\"height:24px;\"><\/div>\r\n    <div class=\"visible-sm\" style=\"height:24px;\"><\/div>\r\n    <div class=\"visible-md\" style=\"height:24px;\"><\/div>\r\n    <div class=\"visible-lg\" style=\"height:24px;\"><\/div>\r\n<\/div>[vc_btn title=\u00bbSOLICITE INFORMACI\u00d3N SIN COMPROMISO\u00bb color=\u00bbwarning\u00bb align=\u00bbcenter\u00bb link=\u00bburl:%23mas-info\u00bb el_class=\u00bbgs-botton-simple botton-academia\u00bb]<\/div>        <\/div>\r\n    <\/div>\r\n<\/section>\r\n<section class=\"section  text-normal section-text-no-shadow section-inner-no-shadow section-normal section-opaque\"  >\r\n    \r\n    <div class=\"background-overlay grid-overlay-0 \" style=\"background-color: rgba(255,255,255,1);\"><\/div>\r\n\r\n    <div class=\"container-fullwidth container-vertical-middle\">\r\n        <div class=\"row vertical-middle\">\r\n            <div class=\"col-md-4    gs-content-ini text-center small-screen-default\"  ><\/div><div class=\"col-md-4     text-default small-screen-default\"  ><\/div><div class=\"col-md-4     text-default small-screen-default\"  ><\/div>        <\/div>\r\n    <\/div>\r\n<\/section>\r\n<section class=\"section  text-normal section-text-no-shadow section-inner-no-shadow section-normal section-opaque\"  >\r\n    \r\n    <div class=\"background-overlay grid-overlay-0 \" style=\"background-color: rgba(0,0,0,0);\"><\/div>\r\n\r\n    <div class=\"container container-vertical-default\">\r\n        <div class=\"row vertical-default\">\r\n            <div class=\"col-md-2     text-default small-screen-default\"  ><\/div><div class=\"col-md-8     text-default small-screen-default\"  ><div class=\"divider-wrapper \" style=\"visibility:hidden;background-color:#FFFFFF\">\r\n    <div class=\"visible-xs\" style=\"height:24px;\"><\/div>\r\n    <div class=\"visible-sm\" style=\"height:24px;\"><\/div>\r\n    <div class=\"visible-md\" style=\"height:24px;\"><\/div>\r\n    <div class=\"visible-lg\" style=\"height:24px;\"><\/div>\r\n<\/div><div class=\"divider-wrapper \" style=\"visibility:hidden;background-color:#FFFFFF\">\r\n    <div class=\"visible-xs\" style=\"height:24px;\"><\/div>\r\n    <div class=\"visible-sm\" style=\"height:24px;\"><\/div>\r\n    <div class=\"visible-md\" style=\"height:24px;\"><\/div>\r\n    <div class=\"visible-lg\" style=\"height:24px;\"><\/div>\r\n<\/div><h2 class=\"text-center title1-contact gs-other-contact element-top-0 element-bottom-0 text-normal normal default\" data-os-animation=\"none\" data-os-animation-delay=\"0s\" >\r\n    DESCUBRA STRUMIS EN 1 MINUTO    \r\n<\/h2>\r\n<div class=\"col-text-1 text-normal text-intermig gs-text-weight hidden-lg hidden-md hidden-sm hidden-xs element-top-20 element-bottom-20\" data-os-animation=\"none\" data-os-animation-delay=\"0s\">\r\n    <p style=\"text-align: center;\"><strong>STRUMIS reduce costes de producci\u00f3n, minimiza errores y aumenta la eficiencia<\/strong> de todos los procesos <strong>proporcionando una trazabilidad completa<\/strong> del proyecto en un entorno totalmente digital.<\/p>\n<\/div>\r\n<div class=\"divider-wrapper \" style=\"visibility:hidden;background-color:#FFFFFF\">\r\n    <div class=\"visible-xs\" style=\"height:24px;\"><\/div>\r\n    <div class=\"visible-sm\" style=\"height:24px;\"><\/div>\r\n    <div class=\"visible-md\" style=\"height:24px;\"><\/div>\r\n    <div class=\"visible-lg\" style=\"height:24px;\"><\/div>\r\n<\/div><\/div><div class=\"col-md-2     text-default small-screen-default\"  ><\/div>        <\/div>\r\n    <\/div>\r\n<\/section>\r\n<section class=\"section  text-normal section-text-no-shadow section-inner-no-shadow section-normal section-opaque\"  >\r\n    \r\n    <div class=\"background-overlay grid-overlay-0 \" style=\"background-color: rgba(0,0,0,0);\"><\/div>\r\n\r\n    <div class=\"container container-vertical-default\">\r\n        <div class=\"row vertical-default\">\r\n            <div class=\"col-md-12     text-default small-screen-default\"  ><div class=\"row \"><div class=\"col-md-4     text-default small-screen-default\"  ><h3 class=\"text-left orange-text ds-title-bar element-top-20 element-bottom-20 text-normal normal bold\" data-os-animation=\"none\" data-os-animation-delay=\"0s\" >\r\n    Control econ\u00f3mico a tiempo real de todos los proyectos    \r\n<\/h3>\r\n<div class=\" element-top-20 element-bottom-20\" data-os-animation=\"none\" data-os-animation-delay=\"0s\" ><div class=\"video-wrapper feature-video\"><iframe loading=\"lazy\" title=\"Control econ\u00f3mico a tiempo real con STRUMIS | Software para fabricantes de acero\" width=\"1170\" height=\"658\" src=\"https:\/\/www.youtube.com\/embed\/vSkF0zaJK74?feature=oembed\" frameborder=\"0\" allow=\"accelerometer; autoplay; clipboard-write; encrypted-media; gyroscope; picture-in-picture\" allowfullscreen><\/iframe><\/div><\/div><div class=\"col-text-1 text-normal gs-title-video hidden-md hidden-sm hidden-xs element-top-20 element-bottom-20\" data-os-animation=\"none\" data-os-animation-delay=\"0s\">\r\n    <p>STRUMIS permite controlar a tiempo real el progreso econ\u00f3mico de sus proyectos mediante el env\u00edo automatico de KPI\u2019s (indicadores de negocio).<\/p>\n<\/div>\r\n<\/div><div class=\"col-md-4     text-default small-screen-default\"  ><h3 class=\"text-left orange-text ds-title-bar element-top-20 element-bottom-20 text-normal normal bold\" data-os-animation=\"none\" data-os-animation-delay=\"0s\" >\r\n    Software BIM (Building Information Modelling)    \r\n<\/h3>\r\n<div class=\" element-top-20 element-bottom-20\" data-os-animation=\"none\" data-os-animation-delay=\"0s\" ><div class=\"video-wrapper feature-video\"><iframe loading=\"lazy\" title=\"Enlace bidireccional software Strumis y Tekla Structures\" width=\"1170\" height=\"658\" src=\"https:\/\/www.youtube.com\/embed\/rEp9IRvwxyI?feature=oembed\" frameborder=\"0\" allow=\"accelerometer; autoplay; clipboard-write; encrypted-media; gyroscope; picture-in-picture\" allowfullscreen><\/iframe><\/div><\/div><div class=\"col-text-1 text-normal gs-title-video hidden-md hidden-sm hidden-xs element-top-20 element-bottom-20\" data-os-animation=\"none\" data-os-animation-delay=\"0s\">\r\n    <p><strong>STRUMIS dispone del visualizador 3D integrado BIMReview.<\/strong><\/p>\n<\/div>\r\n<div class=\"col-text-1 text-normal gs-text-video hidden-md hidden-sm hidden-xs element-top-20 element-bottom-20\" data-os-animation=\"none\" data-os-animation-delay=\"0s\">\r\n    <p><strong>BIMReview<\/strong> dispone de enlace directo con los principales softwares BIM del mercado. Descubra en este video el plugin bidireccional de \u00faltima generaci\u00f3n con Tekla Structures.<\/p>\n<\/div>\r\n<\/div><div class=\"col-md-4     text-default small-screen-default\"  ><h3 class=\"text-left orange-text ds-title-bar element-top-20 element-bottom-20 text-normal normal bold\" data-os-animation=\"none\" data-os-animation-delay=\"0s\" >\r\n    Control total de log\u00edstica y montaje    \r\n<\/h3>\r\n<div class=\" element-top-20 element-bottom-20\" data-os-animation=\"none\" data-os-animation-delay=\"0s\" ><div class=\"video-wrapper feature-video\"><iframe loading=\"lazy\" title=\"Control de log\u00edstica y montaje para fabricantes de acero\" width=\"1170\" height=\"658\" src=\"https:\/\/www.youtube.com\/embed\/DN2FaqxenhM?feature=oembed\" frameborder=\"0\" allow=\"accelerometer; autoplay; clipboard-write; encrypted-media; gyroscope; picture-in-picture\" allowfullscreen><\/iframe><\/div><\/div><div class=\"col-text-1 text-normal  hidden-md hidden-sm hidden-xs element-top-20 element-bottom-20\" data-os-animation=\"none\" data-os-animation-delay=\"0s\">\r\n    <p>Controle toda la log\u00edstica del proyecto (compras, materiales, producci\u00f3n, transporte y montaje) a tiempo real, desde cualquier lugar y en un entorno totalmente digital gracias a los dispositivos m\u00f3viles de registro de datos de STRUMIS.<\/p>\n<\/div>\r\n<\/div><\/div><\/div>        <\/div>\r\n    <\/div>\r\n<\/section>\r\n<section class=\"section  text-normal section-text-no-shadow section-inner-no-shadow section-normal section-opaque\"  >\r\n    \r\n    <div class=\"background-overlay grid-overlay-0 \" style=\"background-color: rgba(0,0,0,0);\"><\/div>\r\n\r\n    <div class=\"container container-vertical-default\">\r\n        <div class=\"row vertical-default\">\r\n            <div class=\"col-md-12     text-default small-screen-default\"  ><div class=\"row \"><div class=\"col-md-4     text-default small-screen-default\"  ><h3 class=\"text-left orange-text ds-title-bar element-top-20 element-bottom-20 text-normal normal bold\" data-os-animation=\"none\" data-os-animation-delay=\"0s\" >\r\n    Control y Planificaci\u00f3n de la producci\u00f3n    \r\n<\/h3>\r\n<div class=\" element-top-20 element-bottom-20\" data-os-animation=\"none\" data-os-animation-delay=\"0s\" ><div class=\"video-wrapper feature-video\"><iframe loading=\"lazy\" title=\"Control y planificaci\u00f3n de producci\u00f3n con software STRUMIS para fabricantes de acero\" width=\"1170\" height=\"658\" src=\"https:\/\/www.youtube.com\/embed\/Ycln0umFFOk?feature=oembed\" frameborder=\"0\" allow=\"accelerometer; autoplay; clipboard-write; encrypted-media; gyroscope; picture-in-picture\" allowfullscreen><\/iframe><\/div><\/div><div class=\"col-text-1 text-normal  hidden-md hidden-sm hidden-xs element-top-20 element-bottom-20\" data-os-animation=\"none\" data-os-animation-delay=\"0s\">\r\n    <p>STRUMIS permite calcular de manera autom\u00e1tica las rutas \u00f3ptimas de producci\u00f3n y planificar en base a fechas de entrega, capacidad disponible y optimizaci\u00f3n de recursos. Consulte el estado de cada una de sus obras de manera f\u00e1cil y actualizada con el visualizador 3d (BIMReview) y los indicadores de negocio (KPI\u2019s ) de STRUMIS.<\/p>\n<\/div>\r\n<\/div><div class=\"col-md-4     text-default small-screen-default\"  ><h3 class=\"text-left orange-text ds-title-bar element-top-20 element-bottom-20 text-normal normal bold\" data-os-animation=\"none\" data-os-animation-delay=\"0s\" >\r\n    Optimizaci\u00f3n y aprovechamiento de materiales    \r\n<\/h3>\r\n<div class=\" element-top-20 element-bottom-20\" data-os-animation=\"none\" data-os-animation-delay=\"0s\" ><div class=\"video-wrapper feature-video\"><iframe loading=\"lazy\" title=\"Aprovechamiento de materiales con STRUMIS | Software para fabricantes de acero\" width=\"1170\" height=\"658\" src=\"https:\/\/www.youtube.com\/embed\/M6OoZwooPBw?feature=oembed\" frameborder=\"0\" allow=\"accelerometer; autoplay; clipboard-write; encrypted-media; gyroscope; picture-in-picture\" allowfullscreen><\/iframe><\/div><\/div><div class=\"col-text-1 text-normal  hidden-md hidden-sm hidden-xs element-top-20 element-bottom-20\" data-os-animation=\"none\" data-os-animation-delay=\"0s\">\r\n    <p>STRUMIS incluye herramientas avanzadas de nesting de material (perfiles y placas) totalmente sincronizadas con el m\u00f3dulo de gesti\u00f3n de stock. Permiten reducir mermas de material, anticipar compras y mejorar la gesti\u00f3n de materiales.<\/p>\n<\/div>\r\n<\/div><div class=\"col-md-4     text-default small-screen-default\"  ><h3 class=\"text-left orange-text ds-title-bar element-top-20 element-bottom-20 text-normal normal bold\" data-os-animation=\"none\" data-os-animation-delay=\"0s\" >\r\n    Control de modificaciones del proyecto    \r\n<\/h3>\r\n<div class=\" element-top-20 element-bottom-20\" data-os-animation=\"none\" data-os-animation-delay=\"0s\" ><div class=\"video-wrapper feature-video\"><iframe loading=\"lazy\" title=\"Gesti\u00f3n de modificaciones y costes asociados con software STRUMIS para fabricantes de acero\" width=\"1170\" height=\"658\" src=\"https:\/\/www.youtube.com\/embed\/sqBOPdOyToA?feature=oembed\" frameborder=\"0\" allow=\"accelerometer; autoplay; clipboard-write; encrypted-media; gyroscope; picture-in-picture\" allowfullscreen><\/iframe><\/div><\/div><div class=\"col-text-1 text-normal  hidden-md hidden-sm hidden-xs element-top-20 element-bottom-20\" data-os-animation=\"none\" data-os-animation-delay=\"0s\">\r\n    <p>Pr\u00e1cticamente cualquier proyecto sufre modificaciones durante su ejecuci\u00f3n. El m\u00f3dulo de control de revisiones de STRUMIS controla todos los cambios e indica su impacto sobre el proyecto a nivel econ\u00f3mico y log\u00edstico.<\/p>\n<\/div>\r\n<\/div><\/div><div class=\"row \"><div class=\"col-md-12     text-default small-screen-default\"  ><div class=\"divider-wrapper \" style=\"visibility:hidden;background-color:#FFFFFF\">\r\n    <div class=\"visible-xs\" style=\"height:24px;\"><\/div>\r\n    <div class=\"visible-sm\" style=\"height:24px;\"><\/div>\r\n    <div class=\"visible-md\" style=\"height:24px;\"><\/div>\r\n    <div class=\"visible-lg\" style=\"height:24px;\"><\/div>\r\n<\/div><h2 class=\"text-center title1-contact gs-other-contact element-top-0 element-bottom-0 text-normal normal default\" data-os-animation=\"none\" data-os-animation-delay=\"0s\" >\r\n    En tan s\u00f3lo 90 d\u00edas tras iniciar la implantaci\u00f3n el cliente ya dispone de resultados    \r\n<\/h2>\r\n<div class=\"divider-wrapper \" style=\"visibility:hidden;background-color:#FFFFFF\">\r\n    <div class=\"visible-xs\" style=\"height:24px;\"><\/div>\r\n    <div class=\"visible-sm\" style=\"height:24px;\"><\/div>\r\n    <div class=\"visible-md\" style=\"height:24px;\"><\/div>\r\n    <div class=\"visible-lg\" style=\"height:24px;\"><\/div>\r\n<\/div>[vc_btn title=\u00bbCONOZCA NUESTRO PROCESO DE IMPLANTACI\u00d3N\u00bb color=\u00bbwarning\u00bb align=\u00bbcenter\u00bb link=\u00bburl:https%3A%2F%2Fwww.gessteel.com%2Fimplantacion%2F\u00bb el_class=\u00bbgs-botton-simple botton-academia\u00bb]<\/div><\/div><\/div>        <\/div>\r\n    <\/div>\r\n<\/section>\r\n<section class=\"section  text-normal section-text-no-shadow section-inner-no-shadow section-normal section-opaque\"  >\r\n    \r\n    <div class=\"background-overlay grid-overlay-0 \" style=\"background-color: rgba(255,255,255,1);\"><\/div>\r\n\r\n    <div class=\"container-fullwidth container-vertical-default\">\r\n        <div class=\"row vertical-default\">\r\n            <div class=\"col-md-12     text-center small-screen-default\"  ><div class=\"divider-wrapper \" style=\"visibility:hidden;background-color:#FFFFFF\">\r\n    <div class=\"visible-xs\" style=\"height:24px;\"><\/div>\r\n    <div class=\"visible-sm\" style=\"height:24px;\"><\/div>\r\n    <div class=\"visible-md\" style=\"height:24px;\"><\/div>\r\n    <div class=\"visible-lg\" style=\"height:24px;\"><\/div>\r\n<\/div><div class=\"divider-wrapper \" style=\"visibility:hidden;background-color:#FFFFFF\">\r\n    <div class=\"visible-xs\" style=\"height:24px;\"><\/div>\r\n    <div class=\"visible-sm\" style=\"height:24px;\"><\/div>\r\n    <div class=\"visible-md\" style=\"height:24px;\"><\/div>\r\n    <div class=\"visible-lg\" style=\"height:24px;\"><\/div>\r\n<\/div><h2 class=\"text-center title1-contact gs-other-contact element-top-0 element-bottom-0 text-normal normal default\" data-os-animation=\"none\" data-os-animation-delay=\"0s\" >\r\n    STRUMIS se enlaza con:    \r\n<\/h2>\r\n<div class=\"divider-wrapper \" style=\"visibility:hidden;background-color:#FFFFFF\">\r\n    <div class=\"visible-xs\" style=\"height:24px;\"><\/div>\r\n    <div class=\"visible-sm\" style=\"height:24px;\"><\/div>\r\n    <div class=\"visible-md\" style=\"height:24px;\"><\/div>\r\n    <div class=\"visible-lg\" style=\"height:24px;\"><\/div>\r\n<\/div><div class=\"figure element-top-20 element-bottom-20  \" data-os-animation=\"none\" data-os-animation-delay=\"0s\">\r\n            <span class=\"figure-image\">\r\n        <img loading=\"lazy\" decoding=\"async\" width=\"1024\" height=\"90\" src=\"https:\/\/www.gessteel.com\/wp-content\/uploads\/2025\/09\/logos-clientes-1-1024x90.png\" class=\"attachment-large size-large\" alt=\"\" srcset=\"https:\/\/www.gessteel.com\/wp-content\/uploads\/2025\/09\/logos-clientes-1-1024x90.png 1024w, https:\/\/www.gessteel.com\/wp-content\/uploads\/2025\/09\/logos-clientes-1-300x26.png 300w, https:\/\/www.gessteel.com\/wp-content\/uploads\/2025\/09\/logos-clientes-1-768x68.png 768w, https:\/\/www.gessteel.com\/wp-content\/uploads\/2025\/09\/logos-clientes-1-1536x135.png 1536w, https:\/\/www.gessteel.com\/wp-content\/uploads\/2025\/09\/logos-clientes-1.png 1883w\" sizes=\"auto, (max-width: 1024px) 100vw, 1024px\" \/>            <\/span>\r\n    <\/div>\r\n<div class=\"divider-wrapper \" style=\"visibility:hidden;background-color:#dedede\">\r\n    <div class=\"visible-xs\" style=\"height:24px;\"><\/div>\r\n    <div class=\"visible-sm\" style=\"height:24px;\"><\/div>\r\n    <div class=\"visible-md\" style=\"height:24px;\"><\/div>\r\n    <div class=\"visible-lg\" style=\"height:24px;\"><\/div>\r\n<\/div><\/div>        <\/div>\r\n    <\/div>\r\n<\/section>\r\n<section class=\"section  text-normal section-text-no-shadow section-inner-no-shadow section-normal section-opaque\"  id=\"mas-info\" >\r\n    \r\n    <div class=\"background-overlay grid-overlay-0 \" style=\"background-color: rgba(222,222,222,0);\"><\/div>\r\n\r\n    <div class=\"container container-vertical-default\">\r\n        <div class=\"row vertical-default\">\r\n            <div class=\"col-md-12     text-center small-screen-center\"  >[vc_raw_html]JTNDaWZyYW1lJTIwZnJhbWVib3JkZXIlM0QlMjIwJTIyJTIwc3R5bGUlM0QlMjJoZWlnaHQlM0ElMjA5OTBweCUzQndpZHRoJTNBOTAlMjUlM0Jib3JkZXIlM0Fub25lJTNCJTIyJTIwc3JjJTNEJTI3aHR0cHMlM0ElMkYlMkZmb3Jtcy56b2hvcHVibGljLmV1JTJGZ2Vzc3RlZWwlMkZmb3JtJTJGQ29udGFjdG8lMkZmb3JtcGVybWElMkZqWml0WkUyUm93U1Excm9oUlJ3VGl5cF9OTnMzaXJITzVxaTg5dzNlekFjJTI3JTNFJTNDJTJGaWZyYW1lJTNF[\/vc_raw_html]<\/div>        <\/div>\r\n    <\/div>\r\n<\/section>\n","protected":false},"excerpt":{"rendered":"LA INFORMACI\u00d3N DE SUS OBRAS SIEMPRE ACTUALIZADA EN UN ENTORNO DIGITAL Su taller y sus procesos de producci\u00f3n\u00a0ser\u00e1n parte de la\u00a0Industria\u00a04.0.\u00a0Combine t\u00e9cnicas avanzadas de producci\u00f3n con tecnolog\u00edas inteligentes que maximicen la gesti\u00f3n de sus recursos y activos con una mayor adaptabilidad a los requisitos de sus clientes. \u00bfQu\u00e9 beneficio tiene el proyecto hoy? \u00bfCu\u00e1l es","protected":false},"author":1,"featured_media":1911,"parent":0,"menu_order":1,"comment_status":"closed","ping_status":"closed","template":"","meta":{"_acf_changed":false,"_joinchat":[],"footnotes":""},"class_list":["post-468","page","type-page","status-publish","has-post-thumbnail","hentry"],"acf":[],"aioseo_notices":[],"_links":{"self":[{"href":"https:\/\/www.gessteel.com\/es\/wp-json\/wp\/v2\/pages\/468","targetHints":{"allow":["GET"]}}],"collection":[{"href":"https:\/\/www.gessteel.com\/es\/wp-json\/wp\/v2\/pages"}],"about":[{"href":"https:\/\/www.gessteel.com\/es\/wp-json\/wp\/v2\/types\/page"}],"author":[{"embeddable":true,"href":"https:\/\/www.gessteel.com\/es\/wp-json\/wp\/v2\/users\/1"}],"replies":[{"embeddable":true,"href":"https:\/\/www.gessteel.com\/es\/wp-json\/wp\/v2\/comments?post=468"}],"version-history":[{"count":129,"href":"https:\/\/www.gessteel.com\/es\/wp-json\/wp\/v2\/pages\/468\/revisions"}],"predecessor-version":[{"id":7388,"href":"https:\/\/www.gessteel.com\/es\/wp-json\/wp\/v2\/pages\/468\/revisions\/7388"}],"wp:featuredmedia":[{"embeddable":true,"href":"https:\/\/www.gessteel.com\/es\/wp-json\/wp\/v2\/media\/1911"}],"wp:attachment":[{"href":"https:\/\/www.gessteel.com\/es\/wp-json\/wp\/v2\/media?parent=468"}],"curies":[{"name":"wp","href":"https:\/\/api.w.org\/{rel}","templated":true}]}}