{"id":5861,"date":"2022-11-22T13:17:02","date_gmt":"2022-11-22T13:17:02","guid":{"rendered":"https:\/\/www.gessteel.com\/?page_id=5861"},"modified":"2026-03-17T12:06:53","modified_gmt":"2026-03-17T12:06:53","slug":"gracias-interes-en-strumis-vision","status":"publish","type":"page","link":"https:\/\/www.gessteel.com\/es\/gracias-interes-en-strumis-vision\/","title":{"rendered":"Gracias por tu inter\u00e9s en StruMIS Vision"},"content":{"rendered":"<section class=\"section  text-normal section-text-no-shadow section-inner-no-shadow section-normal section-opaque\"  >\r\n    \r\n    <div class=\"background-overlay grid-overlay-0 \" style=\"background-color: rgba(0,0,0,0);\"><\/div>\r\n\r\n    <div class=\"container-fullwidth container-vertical-default\">\r\n        <div class=\"row vertical-default\">\r\n            <div class=\"col-md-12     text-center small-screen-center\"  ><div class=\"figure element-top-20 element-bottom-50  \" data-os-animation=\"none\" data-os-animation-delay=\"0s\">\r\n            <a href=\"https:\/\/www.gessteel.com\/wp-content\/uploads\/2022\/11\/Gracias-por-tu-interes-en.png\" class=\"figure-image magnific\" target=\"_self\">\r\n        <img loading=\"lazy\" decoding=\"async\" width=\"2000\" height=\"500\" src=\"https:\/\/www.gessteel.com\/wp-content\/uploads\/2022\/11\/Gracias-por-tu-interes-en.png\" class=\"attachment-full size-full\" alt=\"\" srcset=\"https:\/\/www.gessteel.com\/wp-content\/uploads\/2022\/11\/Gracias-por-tu-interes-en.png 2000w, https:\/\/www.gessteel.com\/wp-content\/uploads\/2022\/11\/Gracias-por-tu-interes-en-300x75.png 300w, https:\/\/www.gessteel.com\/wp-content\/uploads\/2022\/11\/Gracias-por-tu-interes-en-1024x256.png 1024w, https:\/\/www.gessteel.com\/wp-content\/uploads\/2022\/11\/Gracias-por-tu-interes-en-768x192.png 768w, https:\/\/www.gessteel.com\/wp-content\/uploads\/2022\/11\/Gracias-por-tu-interes-en-1536x384.png 1536w\" sizes=\"auto, (max-width: 2000px) 100vw, 2000px\" \/>            <\/a>\r\n    <\/div>\r\n<div class=\"col-text-1 text-normal  element-top-20 element-bottom-0\" data-os-animation=\"none\" data-os-animation-delay=\"0s\">\r\n    <h1 style=\"text-align: center;\"><strong>\u00bfQuieres contactarnos ahora?<\/strong><\/h1>\n<\/div>\r\n<div class=\"divider-wrapper \" style=\"visibility:hidden;background-color:#FFFFFF\">\r\n    <div class=\"visible-xs\" style=\"height:24px;\"><\/div>\r\n    <div class=\"visible-sm\" style=\"height:24px;\"><\/div>\r\n    <div class=\"visible-md\" style=\"height:24px;\"><\/div>\r\n    <div class=\"visible-lg\" style=\"height:24px;\"><\/div>\r\n<\/div><\/div>        <\/div>\r\n    <\/div>\r\n<\/section>\r\n<section class=\"section  text-normal section-text-no-shadow section-inner-no-shadow section-normal section-opaque\"  >\r\n    \r\n    <div class=\"background-overlay grid-overlay-0 \" style=\"background-color: rgba(0,0,0,0);\"><\/div>\r\n\r\n    <div class=\"container container-vertical-default\">\r\n        <div class=\"row vertical-default\">\r\n            <div class=\"col-md-12     text-center small-screen-default\"  ><div class=\"row \"><div class=\"col-md-4     text-default small-screen-default\"  ><div class=\"box box-round box-big  element-top-20 element-bottom-20\" data-os-animation=\"none\" data-os-animation-delay=\"0s\">\r\n    <div class=\"box-dummy\"><\/div>\r\n            <a class=\"box-inner  grid-overlay-0\" href=\"mailto:gilda@gessteel.com\" target=\"_blank\"  style=\"background-color:#fe7407;\">\r\n        <div class=\"box-animate\" data-animation=\"\">\r\n        <i class=\"icon-mail\" style=\"color:#ffffff;\"><\/i>\r\n    <\/div>\r\n            <\/a>\r\n    <\/div><div class=\"col-text-1 text-normal  element-top-20 element-bottom-0\" data-os-animation=\"none\" data-os-animation-delay=\"0s\">\r\n    <h3 style=\"text-align: center;\"><strong>Cont\u00e1ctanos por e-mail<\/strong><\/h3>\n<\/div>\r\n<div class=\"col-text-1 text-normal  element-top-20 element-bottom-20\" data-os-animation=\"none\" data-os-animation-delay=\"0s\">\r\n    <p style=\"text-align: center;\"><strong>gilda@gessteel.com<\/strong><\/p>\n<\/div>\r\n<\/div><div class=\"col-md-4     text-default small-screen-default\"  ><div class=\"box box-round box-big  element-top-20 element-bottom-20\" data-os-animation=\"none\" data-os-animation-delay=\"0s\">\r\n    <div class=\"box-dummy\"><\/div>\r\n            <a class=\"box-inner  grid-overlay-0\" href=\"http:\/\/+34621204563\" target=\"_blank\"  style=\"background-color:#fe7407;\">\r\n        <div class=\"box-animate\" data-animation=\"\">\r\n        <i class=\"fa fa-phone\" style=\"color:#ffffff;\"><\/i>\r\n    <\/div>\r\n            <\/a>\r\n    <\/div><div class=\"col-text-1 text-normal  element-top-20 element-bottom-0\" data-os-animation=\"none\" data-os-animation-delay=\"0s\">\r\n    <h3 style=\"text-align: center;\"><strong>Ll\u00e1manos<\/strong><\/h3>\n<\/div>\r\n<div class=\"col-text-1 text-normal  element-top-20 element-bottom-20\" data-os-animation=\"none\" data-os-animation-delay=\"0s\">\r\n    <p style=\"text-align: center;\"><strong>+52 1 5569652331<\/strong><\/p>\n<\/div>\r\n<\/div><div class=\"col-md-4     text-default small-screen-default\"  ><div class=\"box box-round box-big  element-top-20 element-bottom-20\" data-os-animation=\"none\" data-os-animation-delay=\"0s\">\r\n    <div class=\"box-dummy\"><\/div>\r\n            <a class=\"box-inner  grid-overlay-0\" href=\"https:\/\/api.whatsapp.com\/send?phone=34621204563&#038;text=Hola%20Gilda,%20me%20interesa%20tener%20m%C3%A1s%20informaci%C3%B3n%20de%20STRUMIS.\" target=\"_blank\"  style=\"background-color:#fe7407;\">\r\n        <div class=\"box-animate\" data-animation=\"\">\r\n        <i class=\"fa fa-whatsapp\" style=\"color:#ffffff;\"><\/i>\r\n    <\/div>\r\n            <\/a>\r\n    <\/div><div class=\"col-text-1 text-normal  element-top-20 element-bottom-0\" data-os-animation=\"none\" data-os-animation-delay=\"0s\">\r\n    <h3 style=\"text-align: center;\"><strong>Escr\u00edbenos\u00a0por WhatsApp<\/strong><\/h3>\n<\/div>\r\n<div class=\"col-text-1 text-normal  element-top-20 element-bottom-20\" data-os-animation=\"none\" data-os-animation-delay=\"0s\">\r\n    <p style=\"text-align: center;\"><strong>+34 621204563<\/strong><\/p>\n<\/div>\r\n<\/div><\/div><div class=\"divider-wrapper \" style=\"visibility:hidden;background-color:#FFFFFF\">\r\n    <div class=\"visible-xs\" style=\"height:24px;\"><\/div>\r\n    <div class=\"visible-sm\" style=\"height:24px;\"><\/div>\r\n    <div class=\"visible-md\" style=\"height:24px;\"><\/div>\r\n    <div class=\"visible-lg\" style=\"height:24px;\"><\/div>\r\n<\/div><div class=\"divider-wrapper \" style=\"visibility:hidden;background-color:#FFFFFF\">\r\n    <div class=\"visible-xs\" style=\"height:24px;\"><\/div>\r\n    <div class=\"visible-sm\" style=\"height:24px;\"><\/div>\r\n    <div class=\"visible-md\" style=\"height:24px;\"><\/div>\r\n    <div class=\"visible-lg\" style=\"height:24px;\"><\/div>\r\n<\/div><\/div>        <\/div>\r\n    <\/div>\r\n<\/section>\r\n<section class=\"section  text-normal section-text-shadow section-inner-shadow section-normal section-opaque\"  >\r\n    \r\n    <div class=\"background-overlay grid-overlay-0 \" style=\"background-color: rgba(0,0,0,0);\"><\/div>\r\n\r\n    <div class=\"container container-vertical-default\">\r\n        <div class=\"row vertical-default\">\r\n            <div class=\"col-md-12     text-default small-screen-default\"  ><div class=\"divider-wrapper \" style=\"visibility:hidden;background-color:#FFFFFF\">\r\n    <div class=\"visible-xs\" style=\"height:24px;\"><\/div>\r\n    <div class=\"visible-sm\" style=\"height:24px;\"><\/div>\r\n    <div class=\"visible-md\" style=\"height:24px;\"><\/div>\r\n    <div class=\"visible-lg\" style=\"height:24px;\"><\/div>\r\n<\/div><div class=\"col-text-1 text-normal  element-top-60 element-bottom-20\" data-os-animation=\"none\" data-os-animation-delay=\"0s\">\r\n    <h3><strong>Pol\u00edtica\u00a0de privacidad:<\/strong><\/h3>\n<p style=\"text-align: left;\">En GESSTEEL respetamos su informaci\u00f3n personal y en vista de cumplir con las pol\u00edticas de seguridad respectivas concernientes a todo sitio web, que deber\u00edan ser obligatorias, informo a ustedes lo siguiente.<\/p>\n<p style=\"text-align: left;\">Privacidad de los datos personales: Sus datos personales le corresponden solo a usted y este sitio web es responsable de no revelar ninguna clase de informaci\u00f3n que le pertenezca (como email, n\u00fameros de ip, etc.), salvo su expresa autorizaci\u00f3n o fuerzas de naturaleza mayor de tipo legal que lo involucren, como hackeos o suplantaciones.<\/p>\n<p style=\"text-align: left;\">Seguridad de su informaci\u00f3n personal: Este sitio web se hace responsable de velar por su seguridad, por la privacidad de su informaci\u00f3n y por el respeto a sus datos, de acuerdo con las limitaciones que la actual Internet nos provee, siendo conscientes que no estamos excluidos de sufrir alg\u00fan ataque por parte de crackers o usuarios malintencionados que ejerzan la delincuencia inform\u00e1tica.<\/p>\n<p style=\"text-align: left;\">Obtenci\u00f3n de su informaci\u00f3n: Todos sus datos personales consignados en este sitio son suministrados por usted mismo, haciendo uso entero de su libertad. La informaci\u00f3n aqu\u00ed almacenada solo comprende datos b\u00e1sicos ingresados mediante formularios de contacto, comentarios u otros similares.<\/p>\n<p style=\"text-align: left;\">Uso de la informaci\u00f3n: Al proporcionarnos sus datos personales, estando de acuerdo con la Pol\u00edtica de Privacidad aqu\u00ed consignada, nos autoriza para el siguiente uso de su informaci\u00f3n: a) para el fin mismo por lo cual se ha suministrado; b) para considerarlo dentro de nuestras estad\u00edsticas de tr\u00e1fico, incrementando as\u00ed nuestra oferta publicitaria y de mercado; c) para orientar mejor los servicios aqu\u00ed ofrecidos y valorarlos a su criterio, y d) para enviar e-mails con nuestros boletines, responder inquietudes o comentarios, y mantener informado a nuestros usuarios.<\/p>\n<p style=\"text-align: left;\">Uso de los cookies: El uso de cookies y su direcci\u00f3n IP, tomados por este sitio, se realiza solo con la finalidad de mantenerles un sitio de acuerdo a sus preferencias locales (tales como navegador web usado, sistema operativo, ISP, etc.). Las \u201ccookies\u201d permiten entregar un contenido ajustado a los intereses y necesidades de nuestros usuarios\/visitantes.<\/p>\n<p style=\"text-align: left;\">Modificaciones a nuestras Pol\u00edticas de Privacidad: El sitio web se reserva el derecho de modificar, rectificar, alterar, agregar o eliminar cualquier punto del presente escrito en cualquier momento y sin previo aviso, siendo su responsabilidad el mantenerse informado del mismo para una adecuada administraci\u00f3n de su informaci\u00f3n.<\/p>\n<\/div>\r\n<div class=\"divider-wrapper \" style=\"visibility:hidden;background-color:#FFFFFF\">\r\n    <div class=\"visible-xs\" style=\"height:24px;\"><\/div>\r\n    <div class=\"visible-sm\" style=\"height:24px;\"><\/div>\r\n    <div class=\"visible-md\" style=\"height:24px;\"><\/div>\r\n    <div class=\"visible-lg\" style=\"height:24px;\"><\/div>\r\n<\/div><\/div>        <\/div>\r\n    <\/div>\r\n<\/section>\n","protected":false},"excerpt":{"rendered":"\u00bfQuieres contactarnos ahora? Cont\u00e1ctanos por e-mail gilda@gessteel.com Ll\u00e1manos +52 1 5569652331 Escr\u00edbenos\u00a0por WhatsApp +34 621204563 Pol\u00edtica\u00a0de privacidad: En GESSTEEL respetamos su informaci\u00f3n personal y en vista de cumplir con las pol\u00edticas de seguridad respectivas concernientes a todo sitio web, que deber\u00edan ser obligatorias, informo a ustedes lo siguiente. Privacidad de los datos personales: Sus datos","protected":false},"author":3,"featured_media":0,"parent":0,"menu_order":0,"comment_status":"closed","ping_status":"closed","template":"","meta":{"_acf_changed":false,"_joinchat":[],"footnotes":""},"class_list":["post-5861","page","type-page","status-publish","hentry"],"acf":[],"aioseo_notices":[],"_links":{"self":[{"href":"https:\/\/www.gessteel.com\/es\/wp-json\/wp\/v2\/pages\/5861","targetHints":{"allow":["GET"]}}],"collection":[{"href":"https:\/\/www.gessteel.com\/es\/wp-json\/wp\/v2\/pages"}],"about":[{"href":"https:\/\/www.gessteel.com\/es\/wp-json\/wp\/v2\/types\/page"}],"author":[{"embeddable":true,"href":"https:\/\/www.gessteel.com\/es\/wp-json\/wp\/v2\/users\/3"}],"replies":[{"embeddable":true,"href":"https:\/\/www.gessteel.com\/es\/wp-json\/wp\/v2\/comments?post=5861"}],"version-history":[{"count":3,"href":"https:\/\/www.gessteel.com\/es\/wp-json\/wp\/v2\/pages\/5861\/revisions"}],"predecessor-version":[{"id":5866,"href":"https:\/\/www.gessteel.com\/es\/wp-json\/wp\/v2\/pages\/5861\/revisions\/5866"}],"wp:attachment":[{"href":"https:\/\/www.gessteel.com\/es\/wp-json\/wp\/v2\/media?parent=5861"}],"curies":[{"name":"wp","href":"https:\/\/api.w.org\/{rel}","templated":true}]}}