{"id":5898,"date":"2022-11-30T10:13:33","date_gmt":"2022-11-30T10:13:33","guid":{"rendered":"https:\/\/www.gessteel.com\/?page_id=5898"},"modified":"2026-03-17T12:06:55","modified_gmt":"2026-03-17T12:06:55","slug":"novedades-strumis-11-0","status":"publish","type":"page","link":"https:\/\/www.gessteel.com\/es\/novedades-strumis-11-0\/","title":{"rendered":"Novedades StruMIS 11.0"},"content":{"rendered":"<section class=\"section  text-normal section-text-no-shadow section-inner-no-shadow section-normal section-opaque\"  >\r\n    \r\n    <div class=\"background-overlay grid-overlay-0 \" style=\"background-color: rgba(0,0,0,0);\"><\/div>\r\n\r\n    <div class=\"container container-vertical-default\">\r\n        <div class=\"row vertical-default\">\r\n            <div class=\"col-md-12     text-center small-screen-default\"  ><div class=\"figure element-top-20 element-bottom-20  \" data-os-animation=\"none\" data-os-animation-delay=\"0s\">\r\n            <a href=\"https:\/\/www.gessteel.com\/es\/strumis\/\" class=\"figure-image \" target=\"_blank\">\r\n        <img loading=\"lazy\" decoding=\"async\" src=\"https:\/\/www.gessteel.com\/wp-content\/uploads\/2022\/11\/maxresdefault-1280x160.jpg\" width=\"1280\" height=\"160\" alt=\"\"\/>            <\/a>\r\n    <\/div>\r\n<\/div>        <\/div>\r\n    <\/div>\r\n<\/section>\r\n<section class=\"section  text-normal section-text-no-shadow section-inner-no-shadow section-normal section-opaque\"  >\r\n    \r\n    <div class=\"background-overlay grid-overlay-0 \" style=\"background-color: rgba(0,0,0,0);\"><\/div>\r\n\r\n    <div class=\"container container-vertical-default\">\r\n        <div class=\"row vertical-default\">\r\n            <div class=\"col-md-12     text-default small-screen-default\"  ><div class=\"row \"><div class=\"col-md-12     text-default small-screen-default\"  ><h1 class=\"text-center orange-text title-solutions element-top-20 element-bottom-20 text-normal normal default\" data-os-animation=\"none\" data-os-animation-delay=\"0s\" >\r\n    APRENDA LOS ASPECTOS QUE LE AYUDAR\u00c1N A MEJORAR LA GESTI\u00d3N EN LAS DIFERENTES ETAPAS DE CUALQUIER PROYECTO    \r\n<\/h1>\r\n<\/div><\/div><div class=\"row \"><div class=\"col-md-12     text-default small-screen-default\"  ><hr class=\" element-top-20 element-bottom-20\" data-os-animation=\"none\" data-os-animation-delay=\"0s\"><\/div><\/div><\/div>        <\/div>\r\n    <\/div>\r\n<\/section>\r\n<section class=\"section  text-normal section-text-no-shadow section-inner-no-shadow section-normal section-opaque\"  >\r\n    \r\n    <div class=\"background-overlay grid-overlay-0 \" style=\"background-color: rgba(0,0,0,0);\"><\/div>\r\n\r\n    <div class=\"container container-vertical-default\">\r\n        <div class=\"row vertical-default\">\r\n            <div class=\"col-md-12     text-default small-screen-default\"  ><div class=\"row \"><div class=\"col-md-4     text-default small-screen-default\"  ><h3 class=\"text-center orange-text ds-title-bar element-top-20 element-bottom-20 text-normal normal bold\" data-os-animation=\"none\" data-os-animation-delay=\"0s\" >\r\n    \u00bfPor qu\u00e9 actualizar a StruMIS 11.0?    \r\n<\/h3>\r\n<div class=\" element-top-20 element-bottom-20\" data-os-animation=\"none\" data-os-animation-delay=\"0s\" ><div class=\"video-wrapper feature-video\"><iframe loading=\"lazy\" title=\"\u00bfPor qu\u00e9 actualizar StruMIS a la versi\u00f3n 11.0?\" width=\"1170\" height=\"658\" src=\"https:\/\/www.youtube.com\/embed\/VGF7GSZScVA?feature=oembed\" frameborder=\"0\" allow=\"accelerometer; autoplay; clipboard-write; encrypted-media; gyroscope; picture-in-picture\" allowfullscreen><\/iframe><\/div><\/div><div class=\"col-text-1 text-normal gs-title-video hidden-md hidden-sm hidden-xs element-top-20 element-bottom-20\" data-os-animation=\"none\" data-os-animation-delay=\"0s\">\r\n    <p>StruMIS 11.0 le permite aprender los aspectos que le ayudar\u00e1n a mejorar la gesti\u00f3n en las diferentes etapas de cualquier proyecto.<\/p>\n<\/div>\r\n<\/div><div class=\"col-md-4     text-default small-screen-default\"  ><h3 class=\"text-center orange-text ds-title-bar element-top-20 element-bottom-20 text-normal normal bold\" data-os-animation=\"none\" data-os-animation-delay=\"0s\" >\r\n    Dashboards    \r\n<\/h3>\r\n<div class=\" element-top-20 element-bottom-20\" data-os-animation=\"none\" data-os-animation-delay=\"0s\" ><div class=\"video-wrapper feature-video\"><iframe loading=\"lazy\" title=\"Dashboards en Strumis 11.0\" width=\"1170\" height=\"658\" src=\"https:\/\/www.youtube.com\/embed\/q2CwVMfQH-o?feature=oembed\" frameborder=\"0\" allow=\"accelerometer; autoplay; clipboard-write; encrypted-media; gyroscope; picture-in-picture\" allowfullscreen><\/iframe><\/div><\/div><div class=\"col-text-1 text-normal gs-title-video hidden-md hidden-sm hidden-xs element-top-20 element-bottom-20\" data-os-animation=\"none\" data-os-animation-delay=\"0s\">\r\n    <p>Consulte a tiempo real los indicadores m\u00e1s relevantes. Acceso y dise\u00f1o personalizable seg\u00fan la configuraci\u00f3n y cargo de cada usuario.<\/p>\n<\/div>\r\n<\/div><div class=\"col-md-4     text-default small-screen-default\"  ><h3 class=\"text-center orange-text ds-title-bar element-top-20 element-bottom-20 text-normal normal bold\" data-os-animation=\"none\" data-os-animation-delay=\"0s\" >\r\n    Revisiones    \r\n<\/h3>\r\n<div class=\" element-top-20 element-bottom-20\" data-os-animation=\"none\" data-os-animation-delay=\"0s\" ><div class=\"video-wrapper feature-video\"><iframe loading=\"lazy\" title=\"Revisiones en Strumis 11.0\" width=\"1170\" height=\"658\" src=\"https:\/\/www.youtube.com\/embed\/I8iQn9fvd_c?feature=oembed\" frameborder=\"0\" allow=\"accelerometer; autoplay; clipboard-write; encrypted-media; gyroscope; picture-in-picture\" allowfullscreen><\/iframe><\/div><\/div><div class=\"col-text-1 text-normal gs-text-video hidden-md hidden-sm hidden-xs element-top-20 element-bottom-20\" data-os-animation=\"none\" data-os-animation-delay=\"0s\">\r\n    <p>Conoce las mejoras en la gesti\u00f3n de las revisiones de cada fase y las nuevas herramientas de detecci\u00f3n y gesti\u00f3n de piezas y conjuntos eliminados.<\/p>\n<\/div>\r\n<\/div><\/div><div class=\"row \"><div class=\"col-md-4     text-default small-screen-default\"  ><h3 class=\"text-center orange-text ds-title-bar element-top-20 element-bottom-20 text-normal normal bold\" data-os-animation=\"none\" data-os-animation-delay=\"0s\" >\r\n    StruMIS Mobility    \r\n<\/h3>\r\n<div class=\" element-top-20 element-bottom-20\" data-os-animation=\"none\" data-os-animation-delay=\"0s\" ><div class=\"video-wrapper feature-video\"><iframe loading=\"lazy\" title=\"StruMIS Mobility 11.0\" width=\"1170\" height=\"658\" src=\"https:\/\/www.youtube.com\/embed\/0UU0X-AJ7jc?feature=oembed\" frameborder=\"0\" allow=\"accelerometer; autoplay; clipboard-write; encrypted-media; gyroscope; picture-in-picture\" allowfullscreen><\/iframe><\/div><\/div><div class=\"col-text-1 text-normal gs-title-video hidden-md hidden-sm hidden-xs element-top-20 element-bottom-20\" data-os-animation=\"none\" data-os-animation-delay=\"0s\">\r\n    <p>Nuevas funcionalidades para la gesti\u00f3n de stock de consumibles y lectura de etiquetas de c\u00f3digos de barras.<\/p>\n<\/div>\r\n<\/div><div class=\"col-md-4     text-default small-screen-default\"  ><h3 class=\"text-center orange-text ds-title-bar element-top-20 element-bottom-20 text-normal normal bold\" data-os-animation=\"none\" data-os-animation-delay=\"0s\" >\r\n    Nesting    \r\n<\/h3>\r\n<div class=\" element-top-20 element-bottom-20\" data-os-animation=\"none\" data-os-animation-delay=\"0s\" ><div class=\"video-wrapper feature-video\"><iframe loading=\"lazy\" title=\"Nesting en Strumis 11.0\" width=\"1170\" height=\"658\" src=\"https:\/\/www.youtube.com\/embed\/DTl0_gcRtMg?feature=oembed\" frameborder=\"0\" allow=\"accelerometer; autoplay; clipboard-write; encrypted-media; gyroscope; picture-in-picture\" allowfullscreen><\/iframe><\/div><\/div><div class=\"col-text-1 text-normal gs-title-video hidden-md hidden-sm hidden-xs element-top-20 element-bottom-20\" data-os-animation=\"none\" data-os-animation-delay=\"0s\">\r\n    <p>Mejoras en la optimizaci\u00f3n de medio perfiles y perfiles T.<\/p>\n<\/div>\r\n<\/div><div class=\"col-md-4     text-default small-screen-default\"  ><h3 class=\"text-center orange-text ds-title-bar element-top-20 element-bottom-20 text-normal normal bold\" data-os-animation=\"none\" data-os-animation-delay=\"0s\" >\r\n    Recepci\u00f3n de material    \r\n<\/h3>\r\n<div class=\" element-top-20 element-bottom-20\" data-os-animation=\"none\" data-os-animation-delay=\"0s\" ><div class=\"video-wrapper feature-video\"><iframe loading=\"lazy\" title=\"Recepci\u00f3n de materiales con StruMIS 11.0\" width=\"1170\" height=\"658\" src=\"https:\/\/www.youtube.com\/embed\/0L4fh0VJO2k?feature=oembed\" frameborder=\"0\" allow=\"accelerometer; autoplay; clipboard-write; encrypted-media; gyroscope; picture-in-picture\" allowfullscreen><\/iframe><\/div><\/div><div class=\"col-text-1 text-normal gs-title-video hidden-md hidden-sm hidden-xs element-top-20 element-bottom-20\" data-os-animation=\"none\" data-os-animation-delay=\"0s\">\r\n    <p>Nueva herramienta para ajustar el valor del material recibido seg\u00fan peso calculado en b\u00e1scula.<\/p>\n<\/div>\r\n<\/div><\/div><div class=\"row \"><div class=\"col-md-4     text-default small-screen-default\"  ><h3 class=\"text-center orange-text ds-title-bar element-top-20 element-bottom-20 text-normal normal bold\" data-os-animation=\"none\" data-os-animation-delay=\"0s\" >\r\n    Nuevo webservice    \r\n<\/h3>\r\n<div class=\" element-top-20 element-bottom-20\" data-os-animation=\"none\" data-os-animation-delay=\"0s\" ><div class=\"video-wrapper feature-video\"><iframe loading=\"lazy\" title=\"Nuevo Webservice integraci\u00f3n con ERP  Strumis 11.0\" width=\"1170\" height=\"658\" src=\"https:\/\/www.youtube.com\/embed\/oxLNYUkwK9c?feature=oembed\" frameborder=\"0\" allow=\"accelerometer; autoplay; clipboard-write; encrypted-media; gyroscope; picture-in-picture\" allowfullscreen><\/iframe><\/div><\/div><div class=\"col-text-1 text-normal gs-title-video hidden-md hidden-sm hidden-xs element-top-20 element-bottom-20\" data-os-animation=\"none\" data-os-animation-delay=\"0s\">\r\n    <p>Optimizaci\u00f3n del servicio de integraci\u00f3n con software ERP.<\/p>\n<\/div>\r\n<\/div><div class=\"col-md-4     text-default small-screen-default\"  ><h3 class=\"text-center orange-text ds-title-bar element-top-20 element-bottom-20 text-normal normal bold\" data-os-animation=\"none\" data-os-animation-delay=\"0s\" >\r\n    Gesti\u00f3n de contratos    \r\n<\/h3>\r\n<div class=\" element-top-20 element-bottom-20\" data-os-animation=\"none\" data-os-animation-delay=\"0s\" ><div class=\"video-wrapper feature-video\"><iframe loading=\"lazy\" title=\"Gesti\u00f3n de contratos en StruMIS 11.0\" width=\"1170\" height=\"658\" src=\"https:\/\/www.youtube.com\/embed\/iv3O8L5bGG4?feature=oembed\" frameborder=\"0\" allow=\"accelerometer; autoplay; clipboard-write; encrypted-media; gyroscope; picture-in-picture\" allowfullscreen><\/iframe><\/div><\/div><div class=\"col-text-1 text-normal gs-title-video hidden-md hidden-sm hidden-xs element-top-20 element-bottom-20\" data-os-animation=\"none\" data-os-animation-delay=\"0s\">\r\n    <p>Este modulo trae un nuevo informe de lista de materiales con dibujo, el cual representa de manera gr\u00e1fica el despiece de cada conjunto o plano del contrato.<\/p>\n<\/div>\r\n<\/div><div class=\"col-md-4     text-default small-screen-default\"  ><\/div><\/div><\/div>        <\/div>\r\n    <\/div>\r\n<\/section>\r\n<section class=\"section  text-normal section-text-no-shadow section-inner-no-shadow section-normal section-opaque\"  >\r\n    \r\n    <div class=\"background-overlay grid-overlay-0 \" style=\"background-color: rgba(0,0,0,0);\"><\/div>\r\n\r\n    <div class=\"container container-vertical-default\">\r\n        <div class=\"row vertical-default\">\r\n            <div class=\"col-md-12     text-center small-screen-default\"  ><div class=\"row \"><div class=\"col-md-12     text-default small-screen-default\"  ><h2 class=\"text-center title1-contact gs-other-contact element-top-20 element-bottom-20 text-normal normal default\" data-os-animation=\"none\" data-os-animation-delay=\"0s\" >\r\n    StruMIS | El software de gesti\u00f3n y control de producci\u00f3n    \r\n<\/h2>\r\n<div class=\"col-text-1 text-normal text-intermig gs-text-weight element-top-20 element-bottom-20\" data-os-animation=\"none\" data-os-animation-delay=\"0s\">\r\n    <p>Gestione todas las etapas del proyecto desde la oferta inicial hasta el montaje final, controlando en todo momento el presupuesto de su proyecto, la calidad de sus procesos y la eficiencia de sus operaciones.<\/p>\n<\/div>\r\n[vc_btn title=\u00bbM\u00c1S INFORMACI\u00d3N\u00bb color=\u00bbwarning\u00bb align=\u00bbcenter\u00bb link=\u00bburl:https%3A%2F%2Fwww.gessteel.com%2Fes%2Fstrumis%2F|title:StruMIS%20%E2%80%93%20Software%20l%C3%ADder%20en%20gesti%C3%B3n%20de%20producci%C3%B3n%20de%20estructuras%20met%C3%A1licas|target:_blank\u00bb el_class=\u00bbgs-botton-simple botton-academia\u00bb]<\/div><\/div><\/div>        <\/div>\r\n    <\/div>\r\n<\/section>\r\n<section class=\"section  text-normal section-text-no-shadow section-inner-no-shadow section-normal section-opaque\"  >\r\n    \r\n    <div class=\"background-overlay grid-overlay-0 \" style=\"background-color: rgba(0,0,0,0);\"><\/div>\r\n\r\n    <div class=\"container container-vertical-default\">\r\n        <div class=\"row vertical-default\">\r\n            <div class=\"col-md-12     text-default small-screen-default\"  ><div class=\"divider-wrapper \" style=\"visibility:hidden;background-color:#FFFFFF\">\r\n    <div class=\"visible-xs\" style=\"height:24px;\"><\/div>\r\n    <div class=\"visible-sm\" style=\"height:24px;\"><\/div>\r\n    <div class=\"visible-md\" style=\"height:24px;\"><\/div>\r\n    <div class=\"visible-lg\" style=\"height:24px;\"><\/div>\r\n<\/div><\/div>        <\/div>\r\n    <\/div>\r\n<\/section>\n","protected":false},"excerpt":{"rendered":"APRENDA LOS ASPECTOS QUE LE AYUDAR\u00c1N A MEJORAR LA GESTI\u00d3N EN LAS DIFERENTES ETAPAS DE CUALQUIER PROYECTO \u00bfPor qu\u00e9 actualizar a StruMIS 11.0? StruMIS 11.0 le permite aprender los aspectos que le ayudar\u00e1n a mejorar la gesti\u00f3n en las diferentes etapas de cualquier proyecto. Dashboards Consulte a tiempo real los indicadores m\u00e1s relevantes. Acceso y","protected":false},"author":3,"featured_media":1911,"parent":0,"menu_order":1,"comment_status":"closed","ping_status":"closed","template":"","meta":{"_acf_changed":false,"_joinchat":[],"footnotes":""},"class_list":["post-5898","page","type-page","status-publish","has-post-thumbnail","hentry"],"acf":[],"aioseo_notices":[],"_links":{"self":[{"href":"https:\/\/www.gessteel.com\/es\/wp-json\/wp\/v2\/pages\/5898","targetHints":{"allow":["GET"]}}],"collection":[{"href":"https:\/\/www.gessteel.com\/es\/wp-json\/wp\/v2\/pages"}],"about":[{"href":"https:\/\/www.gessteel.com\/es\/wp-json\/wp\/v2\/types\/page"}],"author":[{"embeddable":true,"href":"https:\/\/www.gessteel.com\/es\/wp-json\/wp\/v2\/users\/3"}],"replies":[{"embeddable":true,"href":"https:\/\/www.gessteel.com\/es\/wp-json\/wp\/v2\/comments?post=5898"}],"version-history":[{"count":60,"href":"https:\/\/www.gessteel.com\/es\/wp-json\/wp\/v2\/pages\/5898\/revisions"}],"predecessor-version":[{"id":6066,"href":"https:\/\/www.gessteel.com\/es\/wp-json\/wp\/v2\/pages\/5898\/revisions\/6066"}],"wp:featuredmedia":[{"embeddable":true,"href":"https:\/\/www.gessteel.com\/es\/wp-json\/wp\/v2\/media\/1911"}],"wp:attachment":[{"href":"https:\/\/www.gessteel.com\/es\/wp-json\/wp\/v2\/media?parent=5898"}],"curies":[{"name":"wp","href":"https:\/\/api.w.org\/{rel}","templated":true}]}}