{"id":609,"date":"2020-08-21T11:11:34","date_gmt":"2020-08-21T11:11:34","guid":{"rendered":"https:\/\/www.gessteel.com\/?page_id=609"},"modified":"2026-03-17T12:06:55","modified_gmt":"2026-03-17T12:06:55","slug":"academia-gessteel","status":"publish","type":"page","link":"https:\/\/www.gessteel.com\/es\/academia-gessteel\/","title":{"rendered":"Academia GesSteel"},"content":{"rendered":"<section class=\"section  text-normal section-text-no-shadow section-inner-no-shadow section-normal section-opaque\"  >\r\n    \r\n    <div class=\"background-overlay grid-overlay-0 \" style=\"background-color: rgba(0,0,0,0);\"><\/div>\r\n\r\n    <div class=\"container container-vertical-middle\">\r\n        <div class=\"row vertical-middle\">\r\n            <div class=\"col-md-2     text-default small-screen-default\"  ><\/div><div class=\"col-md-8     text-center small-screen-default\"  ><h2 class=\"text-center orange-text element-top-20 element-bottom-20 text-normal bigger default\" data-os-animation=\"none\" data-os-animation-delay=\"0s\" >\r\n    Formaci\u00f3n E-Learning StruMIS    \r\n<\/h2>\r\n<div class=\"col-text-1 text-normal text-intermig gs-text-weight element-top-20 element-bottom-20\" data-os-animation=\"none\" data-os-animation-delay=\"0s\">\r\n    <p style=\"text-align: center;\"><strong>Aprenda con nuestros cursos<\/strong> E-learning como desarrollar las habilidades necesarias para <strong>planificar y controlar<\/strong> tus proyectos con <strong>StruMIS<\/strong>.<\/p>\n<p style=\"text-align: center;\">Academia Gessteel es una plataforma elearning o LMS (Learning Management System) y tiene como objetivo principal\u00a0<strong>facilitar<\/strong>\u00a0a los responsables de la <strong>implantaci\u00f3n<\/strong> de StruMIS un\u00a0entorno virtual personalizado\u00a0con todas aquellas\u00a0funcionalidades que simplifican y hacen m\u00e1s sencillo\u00a0el\u00a0proceso de aprendizaje del software.<\/p>\n<p style=\"text-align: center;\">Academia Gessteel es una herramienta b\u00e1sica hoy d\u00eda para la implantaci\u00f3n de StruMIS en cualquier empresa. \u00bfPor qu\u00e9? Porque m\u00e1s que nunca\u00a0la educaci\u00f3n requiere adaptarse a la carga de trabajo de la empresa aportando flexibilidad\u00a0y\u00a0accesibilidad manteniendo los est\u00e1ndares de calidad y evaluaci\u00f3n de usuarios.\u00a0Es decir, <strong>el usuario puede\u00a0<\/strong><strong>conectarse\u00a0<\/strong><strong>\u00a0y<\/strong><strong>\u00a0acceder desde, d\u00f3nde y cu\u00e1ndo quiera<\/strong>.<\/p>\n<\/div>\r\n<div class=\"divider-wrapper \" style=\"visibility:hidden;background-color:#FFFFFF\">\r\n    <div class=\"visible-xs\" style=\"height:24px;\"><\/div>\r\n    <div class=\"visible-sm\" style=\"height:24px;\"><\/div>\r\n    <div class=\"visible-md\" style=\"height:24px;\"><\/div>\r\n    <div class=\"visible-lg\" style=\"height:24px;\"><\/div>\r\n<\/div>[vc_btn title=\u00bbIR A CAMPUS\u00bb color=\u00bbwarning\u00bb size=\u00bblg\u00bb align=\u00bbcenter\u00bb link=\u00bburl:https%3A%2F%2Facademia.gessteel.com%2F||target:%20_blank|\u00bb el_class=\u00bbgs-botton-simple botton-academia\u00bb]<div class=\"divider-wrapper \" style=\"visibility:hidden;background-color:#FFFFFF\">\r\n    <div class=\"visible-xs\" style=\"height:24px;\"><\/div>\r\n    <div class=\"visible-sm\" style=\"height:24px;\"><\/div>\r\n    <div class=\"visible-md\" style=\"height:24px;\"><\/div>\r\n    <div class=\"visible-lg\" style=\"height:24px;\"><\/div>\r\n<\/div><\/div><div class=\"col-md-2     text-default small-screen-default\"  ><\/div>        <\/div>\r\n    <\/div>\r\n<\/section>\r\n\n","protected":false},"excerpt":{"rendered":"Formaci\u00f3n E-Learning StruMIS Aprenda con nuestros cursos E-learning como desarrollar las habilidades necesarias para planificar y controlar tus proyectos con StruMIS. Academia Gessteel es una plataforma elearning o LMS (Learning Management System) y tiene como objetivo principal\u00a0facilitar\u00a0a los responsables de la implantaci\u00f3n de StruMIS un\u00a0entorno virtual personalizado\u00a0con todas aquellas\u00a0funcionalidades que simplifican y hacen m\u00e1s sencillo\u00a0el\u00a0proceso","protected":false},"author":1,"featured_media":0,"parent":0,"menu_order":3,"comment_status":"closed","ping_status":"closed","template":"","meta":{"_acf_changed":false,"_joinchat":[],"footnotes":""},"class_list":["post-609","page","type-page","status-publish","hentry"],"acf":[],"aioseo_notices":[],"_links":{"self":[{"href":"https:\/\/www.gessteel.com\/es\/wp-json\/wp\/v2\/pages\/609","targetHints":{"allow":["GET"]}}],"collection":[{"href":"https:\/\/www.gessteel.com\/es\/wp-json\/wp\/v2\/pages"}],"about":[{"href":"https:\/\/www.gessteel.com\/es\/wp-json\/wp\/v2\/types\/page"}],"author":[{"embeddable":true,"href":"https:\/\/www.gessteel.com\/es\/wp-json\/wp\/v2\/users\/1"}],"replies":[{"embeddable":true,"href":"https:\/\/www.gessteel.com\/es\/wp-json\/wp\/v2\/comments?post=609"}],"version-history":[{"count":20,"href":"https:\/\/www.gessteel.com\/es\/wp-json\/wp\/v2\/pages\/609\/revisions"}],"predecessor-version":[{"id":2462,"href":"https:\/\/www.gessteel.com\/es\/wp-json\/wp\/v2\/pages\/609\/revisions\/2462"}],"wp:attachment":[{"href":"https:\/\/www.gessteel.com\/es\/wp-json\/wp\/v2\/media?parent=609"}],"curies":[{"name":"wp","href":"https:\/\/api.w.org\/{rel}","templated":true}]}}