{"id":622,"date":"2020-08-21T16:18:09","date_gmt":"2020-08-21T16:18:09","guid":{"rendered":"https:\/\/www.gessteel.com\/?page_id=622"},"modified":"2026-03-17T12:06:56","modified_gmt":"2026-03-17T12:06:56","slug":"aviso-legal","status":"publish","type":"page","link":"https:\/\/www.gessteel.com\/es\/aviso-legal\/","title":{"rendered":"Aviso Legal"},"content":{"rendered":"<section class=\"section  text-normal section-text-no-shadow section-inner-no-shadow section-normal section-opaque\"  >\r\n    \r\n    <div class=\"background-overlay grid-overlay-0 \" style=\"background-color: rgba(0,0,0,0);\"><\/div>\r\n\r\n    <div class=\"container container-vertical-default\">\r\n        <div class=\"row vertical-default\">\r\n            <div class=\"col-md-12     text-default small-screen-default\"  ><div class=\"col-text-1 text-normal  element-top-20 element-bottom-20\" data-os-animation=\"none\" data-os-animation-delay=\"0s\">\r\n    <div class=\"wpb_text_column wpb_content_element vc_column_text\">\n<div class=\"wpb_wrapper\">\n<p>Le comunicamos que el titular de este sitio es:<\/p>\n<p>GESSTEEL AMERICA S.A. DE C.V., con direcci\u00f3n CALLE DARWIN 74, 30, COLONIA ANZURES, MIGUEL HIDALGO. CIUDAD DE MEXICO, MEXICO. RFC: GAM220809850.<\/p>\n<p>GESSTEEL podr\u00e1 efectuar, en cualquier momento y sin necesidad de previo aviso, modificaciones y actualizaciones sobre la informaci\u00f3n contenida en esta web o en su configuraci\u00f3n o presentaci\u00f3n.<\/p>\n<p>Del mismo modo GESSTEEL no se responsabiliza de los da\u00f1os directos o indirectos que puedan derivarse del uso de la p\u00e1gina web o sus contenidos.<\/p>\n<p>El usuario se compromete a utilizar el web y sus contenidos correctamente. Queda prohibido el uso de la p\u00e1gina web con fines il\u00edcitos o lesivos contra las empresas o cualquier tercero, o aquellos que puedan causar perjuicio o impedir el normal funcionamiento de la web. Si contraviene la legislaci\u00f3n vigente, la buena fe, usos, costumbres o el orden p\u00fablico, el usuario ser\u00e1 el responsable.<\/p>\n<p>Todo enlace de terceros a este sitio web debe hacerse conforme a la buena fe y respetando los derechos del titular, debiendo comunicarse previamente a GESSTEEL. Los derechos de propiedad intelectual e industrial del contenido de la p\u00e1gina web y su dise\u00f1o gr\u00e1fico son titularidad de GESSTEEL. Por tanto, queda prohibida su reproducci\u00f3n, distribuci\u00f3n y transformaci\u00f3n por parte de un tercero si no est\u00e1 autorizado. Los nombres comerciales, marcas o signos distintivos de cualquier clase contenidos en esta web est\u00e1n protegidos por ley.<\/p>\n<p>Queda expresamente prohibido cualquier aprovechamiento de los contenidos del sitio web a favor de terceros sin autorizaci\u00f3n previa.<\/p>\n<p>En caso de que quiera formular alguna sugerencia o comentario puede contactar con nosotros por cualquiera de los medios puestos a disposici\u00f3n de los usuarios en nuestra secci\u00f3n de contacto.<\/p>\n<\/div>\n<\/div>\n<\/div>\r\n<div class=\"divider-wrapper \" style=\"visibility:hidden;background-color:#FFFFFF\">\r\n    <div class=\"visible-xs\" style=\"height:24px;\"><\/div>\r\n    <div class=\"visible-sm\" style=\"height:24px;\"><\/div>\r\n    <div class=\"visible-md\" style=\"height:24px;\"><\/div>\r\n    <div class=\"visible-lg\" style=\"height:24px;\"><\/div>\r\n<\/div><\/div>        <\/div>\r\n    <\/div>\r\n<\/section>\r\n\n","protected":false},"excerpt":{"rendered":"Le comunicamos que el titular de este sitio es: GESSTEEL AMERICA S.A. DE C.V., con direcci\u00f3n CALLE DARWIN 74, 30, COLONIA ANZURES, MIGUEL HIDALGO. CIUDAD DE MEXICO, MEXICO. RFC: GAM220809850. GESSTEEL podr\u00e1 efectuar, en cualquier momento y sin necesidad de previo aviso, modificaciones y actualizaciones sobre la informaci\u00f3n contenida en esta web o en su","protected":false},"author":1,"featured_media":0,"parent":0,"menu_order":7,"comment_status":"closed","ping_status":"closed","template":"","meta":{"_acf_changed":false,"_joinchat":[],"footnotes":""},"class_list":["post-622","page","type-page","status-publish","hentry"],"acf":[],"aioseo_notices":[],"_links":{"self":[{"href":"https:\/\/www.gessteel.com\/es\/wp-json\/wp\/v2\/pages\/622","targetHints":{"allow":["GET"]}}],"collection":[{"href":"https:\/\/www.gessteel.com\/es\/wp-json\/wp\/v2\/pages"}],"about":[{"href":"https:\/\/www.gessteel.com\/es\/wp-json\/wp\/v2\/types\/page"}],"author":[{"embeddable":true,"href":"https:\/\/www.gessteel.com\/es\/wp-json\/wp\/v2\/users\/1"}],"replies":[{"embeddable":true,"href":"https:\/\/www.gessteel.com\/es\/wp-json\/wp\/v2\/comments?post=622"}],"version-history":[{"count":13,"href":"https:\/\/www.gessteel.com\/es\/wp-json\/wp\/v2\/pages\/622\/revisions"}],"predecessor-version":[{"id":7310,"href":"https:\/\/www.gessteel.com\/es\/wp-json\/wp\/v2\/pages\/622\/revisions\/7310"}],"wp:attachment":[{"href":"https:\/\/www.gessteel.com\/es\/wp-json\/wp\/v2\/media?parent=622"}],"curies":[{"name":"wp","href":"https:\/\/api.w.org\/{rel}","templated":true}]}}