{"id":630,"date":"2020-08-21T16:29:12","date_gmt":"2020-08-21T16:29:12","guid":{"rendered":"https:\/\/www.gessteel.com\/?page_id=630"},"modified":"2026-03-17T12:06:56","modified_gmt":"2026-03-17T12:06:56","slug":"mapa-del-sitio","status":"publish","type":"page","link":"https:\/\/www.gessteel.com\/es\/mapa-del-sitio\/","title":{"rendered":"Mapa del sitio"},"content":{"rendered":"<section class=\"section  text-normal section-text-no-shadow section-inner-no-shadow section-normal section-opaque\"  >\r\n    \r\n    <div class=\"background-overlay grid-overlay-0 \" style=\"background-color: rgba(0,0,0,0);\"><\/div>\r\n\r\n    <div class=\"container container-vertical-default\">\r\n        <div class=\"row vertical-default\">\r\n            <div class=\"col-md-6     text-default small-screen-default\"  ><div class=\"col-text-1 text-normal  element-top-20 element-bottom-20\" data-os-animation=\"none\" data-os-animation-delay=\"0s\">\r\n    <div class=\"wpb_text_column wpb_content_element vc_column_text\">\n<div class=\"wpb_wrapper\">\n<div class=\"wsp-container\"><h2 class=\"wsp-pages-title\">P\u00e1ginas<\/h2>\n<ul class=\"wsp-pages-list\">\n<li class=\"page_item page-item-7063\"><a href=\"https:\/\/www.gessteel.com\/es\/empecemos-a-colaborar\/\">\u00a1Empecemos a colaborar!<\/a><\/li>\n<li class=\"page_item page-item-3901\"><a href=\"https:\/\/www.gessteel.com\/es\/gracias-por-contacto\/\">\u00a1Gracias por poneter en contacto con nosotros!<\/a><\/li>\n<li class=\"page_item page-item-6742\"><a href=\"https:\/\/www.gessteel.com\/es\/nos-vemos-en-fabtech-2023\/\">\u00a1Nos vemos en FABTECH 2023!<\/a><\/li>\n<li class=\"page_item page-item-7132\"><a href=\"https:\/\/www.gessteel.com\/es\/7132-2\/\">Campa\u00f1a Landing<\/a><\/li>\n<li class=\"page_item page-item-6735\"><a href=\"https:\/\/www.gessteel.com\/es\/fabtech-2023\/\">Fabtech 2023<\/a><\/li>\n<li class=\"page_item page-item-6863\"><a href=\"https:\/\/www.gessteel.com\/es\/webinar-como-integrar-tu-erp-con-strumis-video\/\">Grabaci\u00f3n Webinar C\u00f3mo integrar tu ERP con STRUMIS<\/a><\/li>\n<li class=\"page_item page-item-6568\"><a href=\"https:\/\/www.gessteel.com\/es\/gracias-por-elegir-strumis-vision\/\">Gracias por elegir StruMIS Vision<\/a><\/li>\n<li class=\"page_item page-item-3793\"><a href=\"https:\/\/www.gessteel.com\/es\/gracias-interes-just-plan-it\/\">Gracias por tu inter\u00e9s en Just Plan it<\/a><\/li>\n<li class=\"page_item page-item-3580\"><a href=\"https:\/\/www.gessteel.com\/es\/gracias-interes-strumis\/\">Gracias por tu inter\u00e9s en StruMIS<\/a><\/li>\n<li class=\"page_item page-item-5861\"><a href=\"https:\/\/www.gessteel.com\/es\/gracias-interes-en-strumis-vision\/\">Gracias por tu inter\u00e9s en StruMIS Vision<\/a><\/li>\n<li class=\"page_item page-item-2370\"><a href=\"https:\/\/www.gessteel.com\/es\/inicio\/\">Inicio<\/a><\/li>\n<li class=\"page_item page-item-183\"><a href=\"https:\/\/www.gessteel.com\/es\/\">Inicio<\/a><\/li>\n<li class=\"page_item page-item-6119\"><a href=\"https:\/\/www.gessteel.com\/es\/inicio-galeria\/\">Inicio (Galeria)<\/a><\/li>\n<li class=\"page_item page-item-6534\"><a href=\"https:\/\/www.gessteel.com\/es\/strumis-vision\/\">Pruebe STRUMIS Vision<\/a><\/li>\n<li class=\"page_item page-item-6686\"><a href=\"https:\/\/www.gessteel.com\/es\/sobre-nosotros\/\">Sobre nosotros<\/a><\/li>\n<li class=\"page_item page-item-6731\"><a href=\"https:\/\/www.gessteel.com\/es\/solicite-informacion\/\">Solicite informaci\u00f3n sin compromiso<\/a><\/li>\n<li class=\"page_item page-item-6791\"><a href=\"https:\/\/www.gessteel.com\/es\/webinar-como-aprovechar-todo-el-potencial-de-tus-maquinas-cnc-con-strumis\/\">Webinar | C\u00f3mo aprovechar todo el potencial de tus m\u00e1quinas CNC con STRUMIS<\/a><\/li>\n<li class=\"page_item page-item-6816\"><a href=\"https:\/\/www.gessteel.com\/es\/webinar-como-aprovechar-todo-el-potencial-de-tus-maquinas-cnc-con-strumis-video\/\">Webinar | C\u00f3mo aprovechar todo el potencial de tus m\u00e1quinas CNC con STRUMIS<\/a><\/li>\n<li class=\"page_item page-item-6847\"><a href=\"https:\/\/www.gessteel.com\/es\/webinar-como-integrar-tu-erp-con-strumis\/\">Webinar C\u00f3mo integrar tu ERP con STRUMIS<\/a><\/li>\n<li class=\"page_item page-item-2668\"><a href=\"https:\/\/www.gessteel.com\/es\/webinar-industria-4-0-software-de-gestao-da-producao-para-fabricantes-de-estruturas-metalicas\/\">Webinar Ind\u00fastria 4.0: Software de Gest\u00e3o da Produ\u00e7\u00e3o para Fabricantes de Estruturas Met\u00e1licas<\/a><\/li>\n<li class=\"page_item page-item-7230\"><a href=\"https:\/\/www.gessteel.com\/es\/campana-test-2026\/\">Campa\u00f1a test 2026<\/a><\/li>\n<li class=\"page_item page-item-7154\"><a href=\"https:\/\/www.gessteel.com\/es\/strumis-2\/\">Campa\u00f1a test Javier<\/a><\/li>\n<li class=\"page_item page-item-5898\"><a href=\"https:\/\/www.gessteel.com\/es\/novedades-strumis-11-0\/\">Novedades StruMIS 11.0<\/a><\/li>\n<li class=\"page_item page-item-468\"><a href=\"https:\/\/www.gessteel.com\/es\/strumis\/\">STRUMIS | Software l\u00edder en gesti\u00f3n de producci\u00f3n de estructuras met\u00e1licas<\/a><\/li>\n<li class=\"page_item page-item-2265\"><a href=\"https:\/\/www.gessteel.com\/es\/certificacion\/\">Certificaci\u00f3n<\/a><\/li>\n<li class=\"page_item page-item-1158\"><a href=\"https:\/\/www.gessteel.com\/es\/implantacion\/\">Implantaci\u00f3n<\/a><\/li>\n<li class=\"page_item page-item-3371\"><a href=\"https:\/\/www.gessteel.com\/es\/just-plan-it\/\">Just Plan it<\/a><\/li>\n<li class=\"page_item page-item-609\"><a href=\"https:\/\/www.gessteel.com\/es\/academia-gessteel\/\">Academia GesSteel<\/a><\/li>\n<li class=\"page_item page-item-485\"><a href=\"https:\/\/www.gessteel.com\/es\/casos-de-exito\/\">Casos de \u00e9xito<\/a><\/li>\n<li class=\"page_item page-item-4280\"><a href=\"https:\/\/www.gessteel.com\/es\/referencias-2\/\">Referencias prueba<\/a><\/li>\n<li class=\"page_item page-item-186 current_page_parent\"><a href=\"https:\/\/www.gessteel.com\/es\/blog\/\">Blog<\/a><\/li>\n<li class=\"page_item page-item-147 page_item_has_children\"><a href=\"https:\/\/www.gessteel.com\/es\/contacto\/\">Contacto<\/a>\n<ul class='children'>\n\t<li class=\"page_item page-item-1895\"><a href=\"https:\/\/www.gessteel.com\/es\/contacto\/solicitud-enviada\/\">Su solicitud ha sido enviada<\/a><\/li>\n<\/ul>\n<\/li>\n<li class=\"page_item page-item-622\"><a href=\"https:\/\/www.gessteel.com\/es\/aviso-legal\/\">Aviso Legal<\/a><\/li>\n<li class=\"page_item page-item-624\"><a href=\"https:\/\/www.gessteel.com\/es\/politica-de-privacidad\/\">Pol\u00edtica de privacidad<\/a><\/li>\n<li class=\"page_item page-item-627\"><a href=\"https:\/\/www.gessteel.com\/es\/politica-de-cookies\/\">Pol\u00edtica de cookies<\/a><\/li>\n<li class=\"page_item page-item-630\"><a href=\"https:\/\/www.gessteel.com\/es\/mapa-del-sitio\/\">Mapa del sitio<\/a><\/li>\n<\/ul>\n<\/div>\n<\/div>\n<\/div>\n<\/div>\r\n<\/div><div class=\"col-md-6     text-default small-screen-default\"  ><div class=\"col-text-1 text-normal  element-top-20 element-bottom-20\" data-os-animation=\"none\" data-os-animation-delay=\"0s\">\r\n    <div class=\"wsp-container\"><h2 class=\"wsp-posts-title\">Posts por categor\u00eda<\/h2>\n<ul class=\"wsp-posts-list\">\n\t<li><strong class=\"wsp-category-title\"><a href=\"https:\/\/www.gessteel.com\/es\/blog-categoria\/actualidad\/\">Actualidad<\/a><\/strong>\n<ul class=\"wsp-posts-list\">\t\t<li class=\"wsp-post\"><a href=\"https:\/\/www.gessteel.com\/es\/nuevo-cliente-acesta\/\">ACESTA &#8211; Nuevo cliente y partner<\/a><\/li>\n\t\t<li class=\"wsp-post\"><a href=\"https:\/\/www.gessteel.com\/es\/digitalizacion-en-la-construccion-con-acero\/\">Digitalizaci\u00f3n en la construcci\u00f3n con acero<\/a><\/li>\n\t\t<li class=\"wsp-post\"><a href=\"https:\/\/www.gessteel.com\/es\/control-economico-a-tiempo-real\/\">Control econ\u00f3mico a tiempo real<\/a><\/li>\n\t\t<li class=\"wsp-post\"><a href=\"https:\/\/www.gessteel.com\/es\/planificacion-de-produccion-en-construcciones-metalicas\/\">Planificaci\u00f3n de Producci\u00f3n en Construcciones Met\u00e1licas<\/a><\/li>\n<\/ul><\/li>\n\t<li><strong class=\"wsp-category-title\"><a href=\"https:\/\/www.gessteel.com\/es\/blog-categoria\/strumis\/\">StruMIS<\/a><\/strong>\n<ul class=\"wsp-posts-list\">\t\t<li class=\"wsp-post\"><a href=\"https:\/\/www.gessteel.com\/es\/nuevo-cliente-y-partner-aceros\/\">Nuevo cliente y partner ACEROS<\/a><\/li>\n<\/ul><\/li>\n<\/ul>\n<\/div>\n<\/div>\r\n<\/div>        <\/div>\r\n    <\/div>\r\n<\/section>\r\n\n","protected":false},"excerpt":{"rendered":"P\u00e1ginas \u00a1Empecemos a colaborar! \u00a1Gracias por poneter en contacto con nosotros! \u00a1Nos vemos en FABTECH 2023! Campa\u00f1a Landing Fabtech 2023 Grabaci\u00f3n Webinar C\u00f3mo integrar tu ERP con STRUMIS Gracias por elegir StruMIS Vision Gracias por tu inter\u00e9s en Just Plan it Gracias por tu inter\u00e9s en StruMIS Gracias por tu inter\u00e9s en StruMIS Vision Inicio","protected":false},"author":1,"featured_media":0,"parent":0,"menu_order":10,"comment_status":"closed","ping_status":"closed","template":"","meta":{"_acf_changed":false,"_joinchat":[],"footnotes":""},"class_list":["post-630","page","type-page","status-publish","hentry"],"acf":[],"aioseo_notices":[],"_links":{"self":[{"href":"https:\/\/www.gessteel.com\/es\/wp-json\/wp\/v2\/pages\/630","targetHints":{"allow":["GET"]}}],"collection":[{"href":"https:\/\/www.gessteel.com\/es\/wp-json\/wp\/v2\/pages"}],"about":[{"href":"https:\/\/www.gessteel.com\/es\/wp-json\/wp\/v2\/types\/page"}],"author":[{"embeddable":true,"href":"https:\/\/www.gessteel.com\/es\/wp-json\/wp\/v2\/users\/1"}],"replies":[{"embeddable":true,"href":"https:\/\/www.gessteel.com\/es\/wp-json\/wp\/v2\/comments?post=630"}],"version-history":[{"count":4,"href":"https:\/\/www.gessteel.com\/es\/wp-json\/wp\/v2\/pages\/630\/revisions"}],"predecessor-version":[{"id":634,"href":"https:\/\/www.gessteel.com\/es\/wp-json\/wp\/v2\/pages\/630\/revisions\/634"}],"wp:attachment":[{"href":"https:\/\/www.gessteel.com\/es\/wp-json\/wp\/v2\/media?parent=630"}],"curies":[{"name":"wp","href":"https:\/\/api.w.org\/{rel}","templated":true}]}}