{"id":6686,"date":"2023-03-20T16:32:08","date_gmt":"2023-03-20T16:32:08","guid":{"rendered":"https:\/\/www.gessteel.com\/?page_id=6686"},"modified":"2026-03-17T12:06:54","modified_gmt":"2026-03-17T12:06:54","slug":"sobre-nosotros","status":"publish","type":"page","link":"https:\/\/www.gessteel.com\/es\/sobre-nosotros\/","title":{"rendered":"Sobre nosotros"},"content":{"rendered":"<section class=\"section  text-normal section-text-no-shadow section-inner-no-shadow section-normal section-opaque\"  >\r\n    \r\n    <div class=\"background-overlay grid-overlay-0 \" style=\"background-color: rgba(0,0,0,0);\"><\/div>\r\n\r\n    <div class=\"container container-vertical-default\">\r\n        <div class=\"row vertical-default\">\r\n            <div class=\"col-md-12     text-default small-screen-default\"  ><div class=\"col-text-1 text-normal  element-top-20 element-bottom-20\" data-os-animation=\"none\" data-os-animation-delay=\"0s\">\r\n    <h2><span style=\"color: #ff9a00;\"><strong>Sobre nosotros<\/strong><\/span><\/h2>\n<p>Gessteel distribuidor exclusivo para M\u00e9xico, Centroam\u00e9rica y Brasil del software STRUMIS, l\u00edder mundial en gesti\u00f3n de la producci\u00f3n para fabricantes de construcciones met\u00e1licas.<\/p>\n<\/div>\r\n<div class=\"col-text-1 text-normal  element-top-20 element-bottom-20\" data-os-animation=\"none\" data-os-animation-delay=\"0s\">\r\n    <p>Somos una empresa l\u00edder en el desarrollo de software de gesti\u00f3n de la fabricaci\u00f3n con una amplia experiencia en el sector. Desde nuestra fundaci\u00f3n, hemos estado comprometidos en ofrecer soluciones tecnol\u00f3gicas innovadoras y de alta calidad para mejorar los procesos de fabricaci\u00f3n y optimizar la productividad de nuestros clientes. Nuestra misi\u00f3n es simplificar la gesti\u00f3n de la producci\u00f3n industrial y ayudar a nuestros clientes a alcanzar sus objetivos empresariales de manera eficiente y efectiva.<\/p>\n<\/div>\r\n<\/div>        <\/div>\r\n    <\/div>\r\n<\/section>\r\n<section class=\"section  text-normal section-text-no-shadow section-inner-no-shadow section-normal section-opaque\"  >\r\n    \r\n    <div class=\"background-overlay grid-overlay-0 \" style=\"background-color: rgba(0,0,0,0);\"><\/div>\r\n\r\n    <div class=\"container container-vertical-default\">\r\n        <div class=\"row vertical-default\">\r\n            <div class=\"col-md-12     text-default small-screen-default\"  ><div class=\"col-text-1 text-normal  element-top-20 element-bottom-20\" data-os-animation=\"none\" data-os-animation-delay=\"0s\">\r\n    <h2><span style=\"color: #ff9a00;\"><strong>Nuestras oficinas<\/strong><\/span><\/h2>\n<\/div>\r\n<div class=\"col-text-1 text-normal  element-top-20 element-bottom-20\" data-os-animation=\"none\" data-os-animation-delay=\"0s\">\r\n    <div>\n<div>\n<div>\n<div>\n<div>\n<div>\n<div>\n<div>\n<div>\n<div>\n<div>\n<div>\n<p>Contamos con 4 oficinas a nivel internacional, lo que nos permite ofrecer soluciones tecnol\u00f3gicas de gesti\u00f3n de la fabricaci\u00f3n a clientes en todo el mundo. Nuestras oficinas est\u00e1n estrat\u00e9gicamente ubicadas para garantizar una cobertura geogr\u00e1fica completa y brindar un servicio de alta calidad a nuestros clientes en diferentes zonas horarias. Estamos orgullosos de nuestra presencia global y seguimos trabajando arduamente para expandir nuestro alcance y ofrecer soluciones innovadoras y de alta calidad a clientes de todo el mundo.<\/p>\n<\/div>\n<\/div>\n<\/div>\n<\/div>\n<\/div>\n<\/div>\n<\/div>\n<\/div>\n<\/div>\n<\/div>\n<\/div>\n<\/div>\n<\/div>\r\n<div class=\"row \"><div class=\"col-md-4     text-default small-screen-default\"  ><div class=\"figure element-top-20 element-bottom-20  align:center\" data-os-animation=\"none\" data-os-animation-delay=\"0.1s\">\r\n            <a href=\"https:\/\/www.gessteel.com\/wp-content\/uploads\/2023\/03\/IMG_4889-scaled.jpg\" class=\"figure-image magnific\" target=\"_self\">\r\n        <img loading=\"lazy\" decoding=\"async\" width=\"225\" height=\"300\" src=\"https:\/\/www.gessteel.com\/wp-content\/uploads\/2023\/03\/IMG_4889-225x300.jpg\" class=\"attachment-medium size-medium\" alt=\"\" srcset=\"https:\/\/www.gessteel.com\/wp-content\/uploads\/2023\/03\/IMG_4889-225x300.jpg 225w, https:\/\/www.gessteel.com\/wp-content\/uploads\/2023\/03\/IMG_4889-768x1024.jpg 768w, https:\/\/www.gessteel.com\/wp-content\/uploads\/2023\/03\/IMG_4889-1152x1536.jpg 1152w, https:\/\/www.gessteel.com\/wp-content\/uploads\/2023\/03\/IMG_4889-1536x2048.jpg 1536w, https:\/\/www.gessteel.com\/wp-content\/uploads\/2023\/03\/IMG_4889-scaled.jpg 1920w\" sizes=\"auto, (max-width: 225px) 100vw, 225px\" \/>            <\/a>\r\n    <\/div>\r\n<\/div><div class=\"col-md-4     text-default small-screen-default\"  ><div class=\"figure element-top-20 element-bottom-20  align:center\" data-os-animation=\"none\" data-os-animation-delay=\"0.1s\">\r\n            <a href=\"https:\/\/www.gessteel.com\/wp-content\/uploads\/2023\/03\/IMG_4890-scaled.jpg\" class=\"figure-image magnific\" target=\"_self\">\r\n        <img loading=\"lazy\" decoding=\"async\" width=\"225\" height=\"300\" src=\"https:\/\/www.gessteel.com\/wp-content\/uploads\/2023\/03\/IMG_4890-225x300.jpg\" class=\"attachment-medium size-medium\" alt=\"\" srcset=\"https:\/\/www.gessteel.com\/wp-content\/uploads\/2023\/03\/IMG_4890-225x300.jpg 225w, https:\/\/www.gessteel.com\/wp-content\/uploads\/2023\/03\/IMG_4890-768x1024.jpg 768w, https:\/\/www.gessteel.com\/wp-content\/uploads\/2023\/03\/IMG_4890-1152x1536.jpg 1152w, https:\/\/www.gessteel.com\/wp-content\/uploads\/2023\/03\/IMG_4890-1536x2048.jpg 1536w, https:\/\/www.gessteel.com\/wp-content\/uploads\/2023\/03\/IMG_4890-scaled.jpg 1920w\" sizes=\"auto, (max-width: 225px) 100vw, 225px\" \/>            <\/a>\r\n    <\/div>\r\n<\/div><div class=\"col-md-4     text-default small-screen-default\"  ><div class=\"figure element-top-20 element-bottom-20  align:center\" data-os-animation=\"none\" data-os-animation-delay=\"0.1s\">\r\n            <a href=\"https:\/\/www.gessteel.com\/wp-content\/uploads\/2023\/03\/IMG_4956-2-scaled.jpg\" class=\"figure-image magnific\" target=\"_self\">\r\n        <img loading=\"lazy\" decoding=\"async\" width=\"225\" height=\"300\" src=\"https:\/\/www.gessteel.com\/wp-content\/uploads\/2023\/03\/IMG_4956-2-225x300.jpg\" class=\"attachment-medium size-medium\" alt=\"\" srcset=\"https:\/\/www.gessteel.com\/wp-content\/uploads\/2023\/03\/IMG_4956-2-225x300.jpg 225w, https:\/\/www.gessteel.com\/wp-content\/uploads\/2023\/03\/IMG_4956-2-768x1024.jpg 768w, https:\/\/www.gessteel.com\/wp-content\/uploads\/2023\/03\/IMG_4956-2-1152x1536.jpg 1152w, https:\/\/www.gessteel.com\/wp-content\/uploads\/2023\/03\/IMG_4956-2-1536x2048.jpg 1536w, https:\/\/www.gessteel.com\/wp-content\/uploads\/2023\/03\/IMG_4956-2-scaled.jpg 1920w\" sizes=\"auto, (max-width: 225px) 100vw, 225px\" \/>            <\/a>\r\n    <\/div>\r\n<\/div><\/div><\/div>        <\/div>\r\n    <\/div>\r\n<\/section>\r\n<section class=\"section  text-normal section-text-no-shadow section-inner-no-shadow section-normal section-opaque\"  >\r\n    \r\n    <div class=\"background-overlay grid-overlay-0 \" style=\"background-color: rgba(0,0,0,0);\"><\/div>\r\n\r\n    <div class=\"container container-vertical-default\">\r\n        <div class=\"row vertical-default\">\r\n            <div class=\"col-md-12     text-default small-screen-default\"  ><div class=\"col-text-1 text-normal  element-top-20 element-bottom-20\" data-os-animation=\"none\" data-os-animation-delay=\"0s\">\r\n    <h2><span style=\"color: #ff9a00;\"><strong>Nuestros equipo<\/strong><\/span><\/h2>\n<\/div>\r\n<div class=\"col-text-1 text-normal  element-top-20 element-bottom-20\" data-os-animation=\"none\" data-os-animation-delay=\"0s\">\r\n    <div class=\"group w-full text-gray-800 dark:text-gray-100 border-b border-black\/10 dark:border-gray-900\/50 bg-gray-50 dark:bg-&#091;#444654&#093;\">\n<div class=\"text-base gap-4 md:gap-6 md:max-w-2xl lg:max-w-2xl xl:max-w-3xl p-4 md:py-6 flex lg:px-0 m-auto\">\n<div class=\"relative flex w-&#091;calc(100%-50px)&#093; flex-col gap-1 md:gap-3 lg:w-&#091;calc(100%-115px)&#093;\">\n<div class=\"flex flex-grow flex-col gap-3\">\n<div class=\"min-h-&#091;20px&#093; flex flex-col items-start gap-4 whitespace-pre-wrap\">\n<div class=\"markdown prose w-full break-words dark:prose-invert dark\">\n<p>En nuestra empresa contamos con un equipo altamente cualificado y comprometido con la excelencia en cada tarea que desempe\u00f1a. Cada miembro de nuestro equipo posee una amplia experiencia en el desarrollo de soluciones tecnol\u00f3gicas y est\u00e1 altamente capacitado en las \u00faltimas tendencias y avances del mercado. Siempre a la vanguardia para ofrecer soluciones innovadoras y de alta calidad. Nuestro equipo es nuestra mayor fortaleza y nos permite ofrecer un servicio excepcional a nuestros clientes.<\/p>\n<\/div>\n<\/div>\n<\/div>\n<\/div>\n<\/div>\n<\/div>\n<\/div>\r\n<div class=\"row \"><div class=\"col-md-3     text-default small-screen-center\"  ><\/div><div class=\"col-md-3     text-default small-screen-default\"  ><div class=\"figure element-top-20 element-bottom-20  align:center\" data-os-animation=\"none\" data-os-animation-delay=\"0.1s\">\r\n            <a href=\"https:\/\/www.gessteel.com\/wp-content\/uploads\/2023\/03\/IMG_2023-3-14-173307.png\" class=\"figure-image magnific\" target=\"_self\">\r\n        <img loading=\"lazy\" decoding=\"async\" width=\"300\" height=\"300\" src=\"https:\/\/www.gessteel.com\/wp-content\/uploads\/2023\/03\/IMG_2023-3-14-173307-300x300.png\" class=\"attachment-medium size-medium\" alt=\"\" srcset=\"https:\/\/www.gessteel.com\/wp-content\/uploads\/2023\/03\/IMG_2023-3-14-173307-300x300.png 300w, https:\/\/www.gessteel.com\/wp-content\/uploads\/2023\/03\/IMG_2023-3-14-173307-150x150.png 150w, https:\/\/www.gessteel.com\/wp-content\/uploads\/2023\/03\/IMG_2023-3-14-173307-768x768.png 768w, https:\/\/www.gessteel.com\/wp-content\/uploads\/2023\/03\/IMG_2023-3-14-173307-600x600.png 600w, https:\/\/www.gessteel.com\/wp-content\/uploads\/2023\/03\/IMG_2023-3-14-173307.png 1000w\" sizes=\"auto, (max-width: 300px) 100vw, 300px\" \/>            <\/a>\r\n    <\/div>\r\n<div class=\"col-text-1 text-normal  element-top-20 element-bottom-20\" data-os-animation=\"none\" data-os-animation-delay=\"0s\">\r\n    <p align=\"center\"><strong>Gilda Nu\u00f1ez<\/strong><\/p>\n<p align=\"center\"><span style=\"color: #333333; font-family: Arial, Helvetica;\">Director of Business Development<\/span><\/p>\n<\/div>\r\n<\/div><div class=\"col-md-3     text-default small-screen-default\"  ><div class=\"figure element-top-20 element-bottom-20  align:center\" data-os-animation=\"none\" data-os-animation-delay=\"0.1s\">\r\n            <a href=\"https:\/\/www.gessteel.com\/wp-content\/uploads\/2023\/03\/IMG_2023-3-14-173244.png\" class=\"figure-image magnific\" target=\"_self\">\r\n        <img loading=\"lazy\" decoding=\"async\" width=\"300\" height=\"300\" src=\"https:\/\/www.gessteel.com\/wp-content\/uploads\/2023\/03\/IMG_2023-3-14-173244-300x300.png\" class=\"attachment-medium size-medium\" alt=\"\" srcset=\"https:\/\/www.gessteel.com\/wp-content\/uploads\/2023\/03\/IMG_2023-3-14-173244-300x300.png 300w, https:\/\/www.gessteel.com\/wp-content\/uploads\/2023\/03\/IMG_2023-3-14-173244-150x150.png 150w, https:\/\/www.gessteel.com\/wp-content\/uploads\/2023\/03\/IMG_2023-3-14-173244-768x768.png 768w, https:\/\/www.gessteel.com\/wp-content\/uploads\/2023\/03\/IMG_2023-3-14-173244-600x600.png 600w, https:\/\/www.gessteel.com\/wp-content\/uploads\/2023\/03\/IMG_2023-3-14-173244.png 1000w\" sizes=\"auto, (max-width: 300px) 100vw, 300px\" \/>            <\/a>\r\n    <\/div>\r\n<div class=\"col-text-1 text-normal  element-top-20 element-bottom-20\" data-os-animation=\"none\" data-os-animation-delay=\"0s\">\r\n    <p align=\"center\"><strong>Lara Casais<\/strong><\/p>\n<p align=\"center\"><span style=\"color: #333333; font-family: Arial, Helvetica;\">Ejecutiva de Marketing<\/span><\/p>\n<\/div>\r\n<\/div><div class=\"col-md-3     text-default small-screen-default\"  ><\/div><\/div><\/div>        <\/div>\r\n    <\/div>\r\n<\/section>\r\n<section class=\"section  text-normal section-text-no-shadow section-inner-no-shadow section-normal section-opaque\"  >\r\n    \r\n    <div class=\"background-overlay grid-overlay-0 \" style=\"background-color: rgba(0,0,0,0);\"><\/div>\r\n\r\n    <div class=\"container container-vertical-default\">\r\n        <div class=\"row vertical-default\">\r\n            <div class=\"col-md-12     text-center small-screen-default\"  ><div class=\"col-text-1 text-normal  element-top-20 element-bottom-20\" data-os-animation=\"none\" data-os-animation-delay=\"0s\">\r\n    <h2 style=\"text-align: left;\"><span style=\"color: #ff9a00;\"><strong>Nuestros valores corporativos<\/strong><\/span><\/h2>\n<\/div>\r\n<div class=\"row \"><div class=\"col-md-2-4     text-default small-screen-default\"  ><div class=\"figure element-top-20 element-bottom-20  align:center\" data-os-animation=\"none\" data-os-animation-delay=\"0.1s\">\r\n            <a href=\"https:\/\/www.gessteel.com\/wp-content\/uploads\/2023\/03\/1.png\" class=\"figure-image magnific\" target=\"_self\">\r\n        <img loading=\"lazy\" decoding=\"async\" width=\"150\" height=\"150\" src=\"https:\/\/www.gessteel.com\/wp-content\/uploads\/2023\/03\/1-150x150.png\" class=\"attachment-thumbnail size-thumbnail\" alt=\"\" srcset=\"https:\/\/www.gessteel.com\/wp-content\/uploads\/2023\/03\/1-150x150.png 150w, https:\/\/www.gessteel.com\/wp-content\/uploads\/2023\/03\/1-300x300.png 300w, https:\/\/www.gessteel.com\/wp-content\/uploads\/2023\/03\/1.png 500w\" sizes=\"auto, (max-width: 150px) 100vw, 150px\" \/>            <\/a>\r\n    <\/div>\r\n<div class=\"col-text-1 text-normal  element-top-20 element-bottom-20\" data-os-animation=\"none\" data-os-animation-delay=\"0s\">\r\n    <p style=\"text-align: center;\"><strong>Calidad<\/strong><\/p>\n<p style=\"text-align: center;\">Nos comprometemos a ofrecer soluciones tecnol\u00f3gicas de alta calidad que cumplan con los m\u00e1s altos est\u00e1ndares de la industria. Para nosotros, la calidad es un valor fundamental que nos permite garantizar la satisfacci\u00f3n de nuestros clientes.<\/p>\n<\/div>\r\n<\/div><div class=\"col-md-2-4     text-default small-screen-default\"  ><div class=\"figure element-top-20 element-bottom-20  align:center\" data-os-animation=\"none\" data-os-animation-delay=\"0.1s\">\r\n            <a href=\"https:\/\/www.gessteel.com\/wp-content\/uploads\/2023\/03\/2.png\" class=\"figure-image magnific\" target=\"_self\">\r\n        <img loading=\"lazy\" decoding=\"async\" width=\"150\" height=\"150\" src=\"https:\/\/www.gessteel.com\/wp-content\/uploads\/2023\/03\/2-150x150.png\" class=\"attachment-thumbnail size-thumbnail\" alt=\"\" srcset=\"https:\/\/www.gessteel.com\/wp-content\/uploads\/2023\/03\/2-150x150.png 150w, https:\/\/www.gessteel.com\/wp-content\/uploads\/2023\/03\/2-300x300.png 300w, https:\/\/www.gessteel.com\/wp-content\/uploads\/2023\/03\/2.png 500w\" sizes=\"auto, (max-width: 150px) 100vw, 150px\" \/>            <\/a>\r\n    <\/div>\r\n<div class=\"col-text-1 text-normal  element-top-20 element-bottom-20\" data-os-animation=\"none\" data-os-animation-delay=\"0s\">\r\n    <p style=\"text-align: center;\"><strong>Innovaci\u00f3n<\/strong><\/p>\n<p style=\"text-align: center;\">Somos una empresa innovadora que siempre est\u00e1 buscando formas de mejorar y hacer las cosas de manera m\u00e1s eficiente. La innovaci\u00f3n es parte de nuestra cultura y nos permite ofrecer soluciones tecnol\u00f3gicas de vanguardia.<\/p>\n<\/div>\r\n<\/div><div class=\"col-md-2-4     text-default small-screen-default\"  ><div class=\"figure element-top-20 element-bottom-20  align:center\" data-os-animation=\"none\" data-os-animation-delay=\"0.1s\">\r\n            <a href=\"https:\/\/www.gessteel.com\/wp-content\/uploads\/2023\/03\/3.png\" class=\"figure-image magnific\" target=\"_self\">\r\n        <img loading=\"lazy\" decoding=\"async\" width=\"150\" height=\"150\" src=\"https:\/\/www.gessteel.com\/wp-content\/uploads\/2023\/03\/3-150x150.png\" class=\"attachment-thumbnail size-thumbnail\" alt=\"\" srcset=\"https:\/\/www.gessteel.com\/wp-content\/uploads\/2023\/03\/3-150x150.png 150w, https:\/\/www.gessteel.com\/wp-content\/uploads\/2023\/03\/3-300x300.png 300w, https:\/\/www.gessteel.com\/wp-content\/uploads\/2023\/03\/3.png 500w\" sizes=\"auto, (max-width: 150px) 100vw, 150px\" \/>            <\/a>\r\n    <\/div>\r\n<div class=\"col-text-1 text-normal  element-top-20 element-bottom-20\" data-os-animation=\"none\" data-os-animation-delay=\"0s\">\r\n    <p><strong>Compromiso<\/strong><\/p>\n<p>Estamos comprometidos con nuestros clientes y nos esforzamos por ofrecer un servicio excepcional en todo momento. Nos tomamos en serio nuestra responsabilidad de satisfacer las necesidades de nuestros clientes y cumplir con sus expectativas.0<\/p>\n<\/div>\r\n<\/div><div class=\"col-md-2-4     text-default small-screen-default\"  ><div class=\"figure element-top-20 element-bottom-20  align:center\" data-os-animation=\"none\" data-os-animation-delay=\"0.1s\">\r\n            <a href=\"https:\/\/www.gessteel.com\/wp-content\/uploads\/2023\/03\/4.png\" class=\"figure-image magnific\" target=\"_self\">\r\n        <img loading=\"lazy\" decoding=\"async\" width=\"150\" height=\"150\" src=\"https:\/\/www.gessteel.com\/wp-content\/uploads\/2023\/03\/4-150x150.png\" class=\"attachment-thumbnail size-thumbnail\" alt=\"\" srcset=\"https:\/\/www.gessteel.com\/wp-content\/uploads\/2023\/03\/4-150x150.png 150w, https:\/\/www.gessteel.com\/wp-content\/uploads\/2023\/03\/4-300x300.png 300w, https:\/\/www.gessteel.com\/wp-content\/uploads\/2023\/03\/4.png 500w\" sizes=\"auto, (max-width: 150px) 100vw, 150px\" \/>            <\/a>\r\n    <\/div>\r\n<div class=\"col-text-1 text-normal  element-top-20 element-bottom-20\" data-os-animation=\"none\" data-os-animation-delay=\"0s\">\r\n    <div class=\"group w-full text-gray-800 dark:text-gray-100 border-b border-black\/10 dark:border-gray-900\/50 bg-gray-50 dark:bg-&#091;#444654&#093;\">\n<div class=\"text-base gap-4 md:gap-6 md:max-w-2xl lg:max-w-2xl xl:max-w-3xl p-4 md:py-6 flex lg:px-0 m-auto\">\n<div class=\"relative flex w-&#091;calc(100%-50px)&#093; flex-col gap-1 md:gap-3 lg:w-&#091;calc(100%-115px)&#093;\">\n<div class=\"flex flex-grow flex-col gap-3\">\n<div class=\"min-h-&#091;20px&#093; flex flex-col items-start gap-4 whitespace-pre-wrap\">\n<div class=\"markdown prose w-full break-words dark:prose-invert dark\">\n<p><strong>Satisfacci\u00f3n del cliente<\/strong><\/p>\n<p>Nuestros clientes son nuestra m\u00e1xima prioridad y trabajamos arduamente para garantizar su satisfacci\u00f3n. Nos esforzamos por comprender sus necesidades y ofrecer soluciones tecnol\u00f3gicas que les ayuden a alcanzar sus objetivos empresariales de manera efectiva y eficiente.<\/p>\n<\/div>\n<\/div>\n<\/div>\n<\/div>\n<\/div>\n<\/div>\n<\/div>\r\n<\/div><div class=\"col-md-2-4     text-default small-screen-default\"  ><div class=\"figure element-top-20 element-bottom-20  align:center\" data-os-animation=\"none\" data-os-animation-delay=\"0.1s\">\r\n            <a href=\"https:\/\/www.gessteel.com\/wp-content\/uploads\/2023\/03\/5.png\" class=\"figure-image magnific\" target=\"_self\">\r\n        <img loading=\"lazy\" decoding=\"async\" width=\"150\" height=\"150\" src=\"https:\/\/www.gessteel.com\/wp-content\/uploads\/2023\/03\/5-150x150.png\" class=\"attachment-thumbnail size-thumbnail\" alt=\"\" srcset=\"https:\/\/www.gessteel.com\/wp-content\/uploads\/2023\/03\/5-150x150.png 150w, https:\/\/www.gessteel.com\/wp-content\/uploads\/2023\/03\/5-300x300.png 300w, https:\/\/www.gessteel.com\/wp-content\/uploads\/2023\/03\/5.png 500w\" sizes=\"auto, (max-width: 150px) 100vw, 150px\" \/>            <\/a>\r\n    <\/div>\r\n<div class=\"col-text-1 text-normal  element-top-20 element-bottom-20\" data-os-animation=\"none\" data-os-animation-delay=\"0s\">\r\n    <p><strong>Integridad<\/strong><\/p>\n<p>Nos guiamos por principios \u00e9ticos y morales s\u00f3lidos y transparentes. En todas nuestras relaciones comerciales, nos comprometemos a actuar con honestidad, sinceridad y transparencia.<\/p>\n<\/div>\r\n<\/div><\/div><\/div>        <\/div>\r\n    <\/div>\r\n<\/section>\n","protected":false},"excerpt":{"rendered":"Sobre nosotros Gessteel distribuidor exclusivo para M\u00e9xico, Centroam\u00e9rica y Brasil del software STRUMIS, l\u00edder mundial en gesti\u00f3n de la producci\u00f3n para fabricantes de construcciones met\u00e1licas. Somos una empresa l\u00edder en el desarrollo de software de gesti\u00f3n de la fabricaci\u00f3n con una amplia experiencia en el sector. Desde nuestra fundaci\u00f3n, hemos estado comprometidos en ofrecer soluciones","protected":false},"author":3,"featured_media":0,"parent":0,"menu_order":0,"comment_status":"closed","ping_status":"closed","template":"","meta":{"_acf_changed":false,"_joinchat":[],"footnotes":""},"class_list":["post-6686","page","type-page","status-publish","hentry"],"acf":[],"aioseo_notices":[],"_links":{"self":[{"href":"https:\/\/www.gessteel.com\/es\/wp-json\/wp\/v2\/pages\/6686","targetHints":{"allow":["GET"]}}],"collection":[{"href":"https:\/\/www.gessteel.com\/es\/wp-json\/wp\/v2\/pages"}],"about":[{"href":"https:\/\/www.gessteel.com\/es\/wp-json\/wp\/v2\/types\/page"}],"author":[{"embeddable":true,"href":"https:\/\/www.gessteel.com\/es\/wp-json\/wp\/v2\/users\/3"}],"replies":[{"embeddable":true,"href":"https:\/\/www.gessteel.com\/es\/wp-json\/wp\/v2\/comments?post=6686"}],"version-history":[{"count":22,"href":"https:\/\/www.gessteel.com\/es\/wp-json\/wp\/v2\/pages\/6686\/revisions"}],"predecessor-version":[{"id":7115,"href":"https:\/\/www.gessteel.com\/es\/wp-json\/wp\/v2\/pages\/6686\/revisions\/7115"}],"wp:attachment":[{"href":"https:\/\/www.gessteel.com\/es\/wp-json\/wp\/v2\/media?parent=6686"}],"curies":[{"name":"wp","href":"https:\/\/api.w.org\/{rel}","templated":true}]}}