{"id":6847,"date":"2023-09-29T15:22:52","date_gmt":"2023-09-29T15:22:52","guid":{"rendered":"https:\/\/www.gessteel.com\/?page_id=6847"},"modified":"2026-03-17T12:06:54","modified_gmt":"2026-03-17T12:06:54","slug":"webinar-como-integrar-tu-erp-con-strumis","status":"publish","type":"page","link":"https:\/\/www.gessteel.com\/es\/webinar-como-integrar-tu-erp-con-strumis\/","title":{"rendered":"Webinar C\u00f3mo integrar tu ERP con STRUMIS"},"content":{"rendered":"<section class=\"section  text-normal section-text-no-shadow section-inner-no-shadow section-normal section-opaque\"  >\r\n    \r\n    <div class=\"background-overlay grid-overlay-0 \" style=\"background-color: rgba(0,0,0,0);\"><\/div>\r\n\r\n    <div class=\"container container-vertical-default\">\r\n        <div class=\"row vertical-default\">\r\n            <div class=\"col-md-12     text-default small-screen-default\"  ><h1 class=\"text-center orange-text element-top-20 element-bottom-20 text-normal bigger default\" data-os-animation=\"none\" data-os-animation-delay=\"0s\" >\r\n    Webinar C\u00f3mo integrar tu ERP con STRUMIS    \r\n<\/h1>\r\n<\/div>        <\/div>\r\n    <\/div>\r\n<\/section>\r\n<section class=\"section  text-normal section-text-no-shadow section-inner-no-shadow section-normal section-opaque\"  >\r\n    \r\n    <div class=\"background-overlay grid-overlay-0 \" style=\"background-color: rgba(0,0,0,0);\"><\/div>\r\n\r\n    <div class=\"container container-vertical-default\">\r\n        <div class=\"row vertical-default\">\r\n            <div class=\"col-md-6     text-default small-screen-default\"  ><div class=\"figure element-top-20 element-bottom-20  \" data-os-animation=\"none\" data-os-animation-delay=\"0s\">\r\n            <a href=\"https:\/\/www.gessteel.com\/wp-content\/uploads\/2023\/09\/Copia-de-Gessteel-Webinar-26-sept-2023-1080-\u00d7-1080-px-Historia-de-Instagram-Portada-de-Facebook-1500-\u00d7-786-px.png\" class=\"figure-image magnific\" target=\"_self\">\r\n        <img loading=\"lazy\" decoding=\"async\" width=\"1500\" height=\"786\" src=\"https:\/\/www.gessteel.com\/wp-content\/uploads\/2023\/09\/Copia-de-Gessteel-Webinar-26-sept-2023-1080-\u00d7-1080-px-Historia-de-Instagram-Portada-de-Facebook-1500-\u00d7-786-px.png\" class=\"attachment-full size-full\" alt=\"\" srcset=\"https:\/\/www.gessteel.com\/wp-content\/uploads\/2023\/09\/Copia-de-Gessteel-Webinar-26-sept-2023-1080-\u00d7-1080-px-Historia-de-Instagram-Portada-de-Facebook-1500-\u00d7-786-px.png 1500w, https:\/\/www.gessteel.com\/wp-content\/uploads\/2023\/09\/Copia-de-Gessteel-Webinar-26-sept-2023-1080-\u00d7-1080-px-Historia-de-Instagram-Portada-de-Facebook-1500-\u00d7-786-px-300x157.png 300w, https:\/\/www.gessteel.com\/wp-content\/uploads\/2023\/09\/Copia-de-Gessteel-Webinar-26-sept-2023-1080-\u00d7-1080-px-Historia-de-Instagram-Portada-de-Facebook-1500-\u00d7-786-px-1024x537.png 1024w, https:\/\/www.gessteel.com\/wp-content\/uploads\/2023\/09\/Copia-de-Gessteel-Webinar-26-sept-2023-1080-\u00d7-1080-px-Historia-de-Instagram-Portada-de-Facebook-1500-\u00d7-786-px-768x402.png 768w\" sizes=\"auto, (max-width: 1500px) 100vw, 1500px\" \/>            <\/a>\r\n    <\/div>\r\n<div class=\"col-text-1 text-normal  element-top-20 element-bottom-20\" data-os-animation=\"none\" data-os-animation-delay=\"0s\">\r\n    <h2 style=\"text-align: center;\"><span style=\"color: #ff6600;\"><strong>\u00bfQuieres llevar la gesti\u00f3n de proyectos al siguiente nivel? \u00a1No te puedes perder nuestro emocionante webinar gratuito!<\/strong><\/span><\/h2>\n<p>Explora StruLink, una innovadora herramienta dise\u00f1ada para<strong> integrar de forma eficaz el software de gesti\u00f3n de proyectos STRUMIS con cualquier sistema ERP en el mercado<\/strong>, hablaremos de:<\/p>\n<p>\u2705 Sincronizaci\u00f3n autom\u00e1tica y en tiempo real.<br \/>\n\u2705 Eliminaci\u00f3n de la duplicaci\u00f3n de informaci\u00f3n.<br \/>\n\u2705 Reducci\u00f3n de errores manuales.<br \/>\n\u2705 Optimizaci\u00f3n de la comunicaci\u00f3n y la colaboraci\u00f3n.<br \/>\n\u2705 Control preciso sobre costes, inventario y producci\u00f3n.<\/p>\n<\/div>\r\n<div class=\"col-text-1 text-normal  element-top-20 element-bottom-20\" data-os-animation=\"none\" data-os-animation-delay=\"0s\">\r\n    <h3 style=\"text-align: center;\"><strong>\u00a1Impulsa la eficiencia de tu empresa y maximiza tus recursos con StruLink! No te quedes atr\u00e1s en la gesti\u00f3n de proyectos de construcci\u00f3n de estructuras met\u00e1licas.<\/strong><\/h3>\n<\/div>\r\n<\/div><div class=\"col-md-6     text-default small-screen-default\"  >[vc_raw_html]JTNDaWZyYW1lJTIwZnJhbWVib3JkZXIlM0QlMjIwJTIyJTIwc3R5bGUlM0QlMjJoZWlnaHQlM0E4MDBweCUzQndpZHRoJTNBOTklMjUlM0Jib3JkZXIlM0Fub25lJTNCJTIyJTIwc3JjJTNEJTI3aHR0cHMlM0ElMkYlMkZmb3Jtcy56b2hvcHVibGljLmV1JTJGZ2Vzc3RlZWwlMkZmb3JtJTJGV2ViaW5hckNtb2ludGVncmFydHVFUlBjb25TVFJVTUlTJTJGZm9ybXBlcm1hJTJGX0x3VU9WY0lkWXN3VW1URjMyT25FSnJfSUw2SmFHbF92MDNmQ2Rjd0lKdyUyNyUzRSUzQyUyRmlmcmFtZSUzRQ==[\/vc_raw_html]<\/div>        <\/div>\r\n    <\/div>\r\n<\/section>\r\n<section class=\"section  text-normal section-text-no-shadow section-inner-no-shadow section-normal section-opaque\"  >\r\n    \r\n    <div class=\"background-overlay grid-overlay-0 \" style=\"background-color: rgba(0,0,0,0);\"><\/div>\r\n\r\n    <div class=\"container container-vertical-default\">\r\n        <div class=\"row vertical-default\">\r\n            <div class=\"col-md-12     text-default small-screen-default\"  ><\/div>        <\/div>\r\n    <\/div>\r\n<\/section>\n","protected":false},"excerpt":{"rendered":"Webinar C\u00f3mo integrar tu ERP con STRUMIS \u00bfQuieres llevar la gesti\u00f3n de proyectos al siguiente nivel? \u00a1No te puedes perder nuestro emocionante webinar gratuito! Explora StruLink, una innovadora herramienta dise\u00f1ada para integrar de forma eficaz el software de gesti\u00f3n de proyectos STRUMIS con cualquier sistema ERP en el mercado, hablaremos de: \u2705 Sincronizaci\u00f3n autom\u00e1tica y","protected":false},"author":3,"featured_media":0,"parent":0,"menu_order":0,"comment_status":"closed","ping_status":"closed","template":"","meta":{"_acf_changed":false,"_joinchat":[],"footnotes":""},"class_list":["post-6847","page","type-page","status-publish","hentry"],"acf":[],"aioseo_notices":[],"_links":{"self":[{"href":"https:\/\/www.gessteel.com\/es\/wp-json\/wp\/v2\/pages\/6847","targetHints":{"allow":["GET"]}}],"collection":[{"href":"https:\/\/www.gessteel.com\/es\/wp-json\/wp\/v2\/pages"}],"about":[{"href":"https:\/\/www.gessteel.com\/es\/wp-json\/wp\/v2\/types\/page"}],"author":[{"embeddable":true,"href":"https:\/\/www.gessteel.com\/es\/wp-json\/wp\/v2\/users\/3"}],"replies":[{"embeddable":true,"href":"https:\/\/www.gessteel.com\/es\/wp-json\/wp\/v2\/comments?post=6847"}],"version-history":[{"count":13,"href":"https:\/\/www.gessteel.com\/es\/wp-json\/wp\/v2\/pages\/6847\/revisions"}],"predecessor-version":[{"id":6862,"href":"https:\/\/www.gessteel.com\/es\/wp-json\/wp\/v2\/pages\/6847\/revisions\/6862"}],"wp:attachment":[{"href":"https:\/\/www.gessteel.com\/es\/wp-json\/wp\/v2\/media?parent=6847"}],"curies":[{"name":"wp","href":"https:\/\/api.w.org\/{rel}","templated":true}]}}