{"id":7230,"date":"2026-01-19T21:02:30","date_gmt":"2026-01-19T21:02:30","guid":{"rendered":"https:\/\/www.gessteel.com\/?page_id=7230"},"modified":"2026-03-17T12:06:54","modified_gmt":"2026-03-17T12:06:54","slug":"campana-test-2026","status":"publish","type":"page","link":"https:\/\/www.gessteel.com\/es\/campana-test-2026\/","title":{"rendered":"Campa\u00f1a test 2026"},"content":{"rendered":"<section class=\"section  text-normal section-text-no-shadow section-inner-no-shadow section-normal section-opaque\"  >\r\n    \r\n    <div class=\"background-overlay grid-overlay-0 \" style=\"background-color: rgba(0,0,0,0);\"><\/div>\r\n\r\n    <div class=\"container container-vertical-default\">\r\n        <div class=\"row vertical-default\">\r\n            <div class=\"col-md-12     text-default small-screen-default\"  ><h2 class=\"text-center orange-text title-solutions element-top-20 element-bottom-20 text-normal bigger default\" data-os-animation=\"none\" data-os-animation-delay=\"0s\" >\r\n    Optimiza tu fabricaci\u00f3n    \r\n<\/h2>\r\n<div class=\"col-text-1 text-normal text-intermig gs-text-weight element-top-20 element-bottom-20\" data-os-animation=\"none\" data-os-animation-delay=\"0s\">\r\n    <div class=\"zw-line-div\" style=\"text-align: center;\">\n<h2 class=\"zw-line-content\" style=\"text-align: left;\"><span class=\"zw-portion zw-text-portion\" data-text-len=\"32\">El\u00a0software\u00a0STRUMIS\u00a0conecta\u00a0todo<\/span> t<span class=\"zw-portion zw-text-portion\" data-text-len=\"31\">u taller para reducir errores,\u00a0<\/span><span class=\"zw-portion zw-text-portion\" data-text-len=\"35\">ahorrar\u00a0tiempo\u00a0y\u00a0trabajar<br \/>\ncon\u00a0total<\/span> <span class=\"zw-portion zw-text-portion\" data-text-len=\"12\">visibilidad.<\/span><span class=\"EOP-readonly EOP\">\u00a0<\/span><\/h2>\n<\/div>\n<\/div>\r\n<div class=\"divider-wrapper \" style=\"visibility:hidden;background-color:#FFFFFF\">\r\n    <div class=\"visible-xs\" style=\"height:24px;\"><\/div>\r\n    <div class=\"visible-sm\" style=\"height:24px;\"><\/div>\r\n    <div class=\"visible-md\" style=\"height:24px;\"><\/div>\r\n    <div class=\"visible-lg\" style=\"height:24px;\"><\/div>\r\n<\/div><div class=\"row \"><div class=\"col-md-6     text-default small-screen-default\"  ><div class=\"figure element-top-20 element-bottom-20  \" data-os-animation=\"none\" data-os-animation-delay=\"0s\">\r\n            <a href=\"https:\/\/www.gessteel.com\/wp-content\/uploads\/2022\/03\/strumis.png\" class=\"figure-image magnific\" target=\"_self\">\r\n        <img loading=\"lazy\" decoding=\"async\" width=\"800\" height=\"468\" src=\"https:\/\/www.gessteel.com\/wp-content\/uploads\/2022\/03\/strumis.png\" class=\"attachment-full size-full\" alt=\"\" srcset=\"https:\/\/www.gessteel.com\/wp-content\/uploads\/2022\/03\/strumis.png 800w, https:\/\/www.gessteel.com\/wp-content\/uploads\/2022\/03\/strumis-300x176.png 300w, https:\/\/www.gessteel.com\/wp-content\/uploads\/2022\/03\/strumis-768x449.png 768w\" sizes=\"auto, (max-width: 800px) 100vw, 800px\" \/>            <\/a>\r\n    <\/div>\r\n<\/div><div class=\"col-md-6     text-default small-screen-default\"  ><div class=\"col-text-1 text-normal  element-top-20 element-bottom-20\" data-os-animation=\"none\" data-os-animation-delay=\"0s\">\r\n    <h3 style=\"text-align: left;\">Si eres <strong><span style=\"color: #ff6600;\">propietario\u00a0o\u00a0gerente\u00a0general<\/span><\/strong>, quiz\u00e1 te suene alguna de estas situaciones:<\/h3>\n<\/div>\r\n<div class=\"col-text-1 text-normal  element-top-20 element-bottom-20\" data-os-animation=\"none\" data-os-animation-delay=\"0s\">\r\n    <ul>\n<li>\n<h4 style=\"text-align: left;\">\u00abNo s\u00e9 si un proyecto es rentable hasta que termina\u00bb<\/h4>\n<\/li>\n<li style=\"text-align: left;\">\n<h4>\u00abTengo demasiado desperdicio de material (Merma).\u00bb<\/h4>\n<\/li>\n<li style=\"text-align: left;\">\n<h4>\u00abLa oficina t\u00e9cnica y taller no trabajan bien sincronizados\u00bb<\/h4>\n<\/li>\n<li style=\"text-align: left;\">\n<h4>\u00abNo puedo asegurar fechas de entrega con confianza\u00bb<\/h4>\n<\/li>\n<\/ul>\n<\/div>\r\n<div class=\"col-text-1 text-normal gs-text-video element-top-20 element-bottom-20\" data-os-animation=\"none\" data-os-animation-delay=\"0s\">\r\n    <h3 style=\"text-align: left;\">Estas son algunas de las situaciones que habitualmente nos cuentan nuestros clientes.<\/h3>\n<\/div>\r\n<a href=\"#formulario\" class=\"btn btn-default btn-lg  text-normal btn-icon-left  element-left-0 element-right-0 element-top-20 element-bottom-20\" target=\"_self\"   data-os-animation=\"none\" data-os-animation-delay=\"0s\" style=\"background:#ff8130 !important\">\r\n\t        <i class=\"fa fa-address-book-o\" ><\/i>\r\n        Solicita m\u00e1s informaci\u00f3n     <\/a><\/div><\/div><\/div>        <\/div>\r\n    <\/div>\r\n<\/section>\r\n<section class=\"section  text-normal section-text-no-shadow section-inner-no-shadow section-normal section-opaque\"  >\r\n    \r\n    <div class=\"background-overlay grid-overlay-0 \" style=\"background-color: rgba(0,0,0,0);\"><\/div>\r\n\r\n    <div class=\"container container-vertical-default\">\r\n        <div class=\"row vertical-default\">\r\n            <div class=\"col-md-12     text-default small-screen-default\"  ><div class=\"row \"><div class=\"col-md-12     text-default small-screen-default\"  ><div class=\"col-text-1 text-normal  element-top-0 element-bottom-0\" data-os-animation=\"none\" data-os-animation-delay=\"0s\">\r\n    <h2 style=\"text-align: center;\"><strong><span class=\"a_GcMg font-feature-liga-off font-feature-clig-off font-feature-calt-off text-decoration-none text-strikethrough-none\"><span style=\"color: #ff6600;\">STRUMIS:<\/span> Visi\u00f3n \u00fanica e integrada de tu operaci\u00f3n<\/span><\/strong><\/h2>\n<\/div>\r\n<div class=\"col-text-1 text-normal  element-top-0 element-bottom-0\" data-os-animation=\"none\" data-os-animation-delay=\"0s\">\r\n    <h3 style=\"text-align: center;\"><span class=\"a_GcMg font-feature-liga-off font-feature-clig-off font-feature-calt-off text-decoration-none text-strikethrough-none\">Imagina tener toda la informaci\u00f3n de tu taller centralizada, actualizada en tiempo real, y accesible desde cualquier lugar. <strong><span style=\"color: #ff6600;\">Eso es STRUMIS.\u00a0<span style=\"color: #000000;\">Resultados medibles en <span style=\"color: #ff6600;\">90 D\u00edas.<\/span><\/span><\/span><\/strong><\/span><\/h3>\n<\/div>\r\n<div class=\"divider-wrapper \" style=\"visibility:hidden;background-color:#FFFFFF\">\r\n    <div class=\"visible-xs\" style=\"height:24px;\"><\/div>\r\n    <div class=\"visible-sm\" style=\"height:24px;\"><\/div>\r\n    <div class=\"visible-md\" style=\"height:24px;\"><\/div>\r\n    <div class=\"visible-lg\" style=\"height:24px;\"><\/div>\r\n<\/div><\/div><\/div><div class=\"row \"><div class=\"col-md-6     text-default small-screen-default\"  ><div class=\"divider-wrapper \" style=\"visibility:hidden;background-color:#FFFFFF\">\r\n    <div class=\"visible-xs\" style=\"height:24px;\"><\/div>\r\n    <div class=\"visible-sm\" style=\"height:24px;\"><\/div>\r\n    <div class=\"visible-md\" style=\"height:24px;\"><\/div>\r\n    <div class=\"visible-lg\" style=\"height:24px;\"><\/div>\r\n<\/div><div class=\"figure element-top-10 element-bottom-20  \" data-os-animation=\"none\" data-os-animation-delay=\"0s\">\r\n            <a href=\"https:\/\/www.gessteel.com\/wp-content\/uploads\/2026\/02\/ST-1.png\" class=\"figure-image magnific\" target=\"_self\">\r\n        <img loading=\"lazy\" decoding=\"async\" src=\"https:\/\/www.gessteel.com\/wp-content\/uploads\/2026\/02\/ST-1-1275x572.png\" width=\"1275\" height=\"572\" alt=\"\"\/>            <\/a>\r\n    <\/div>\r\n<\/div><div class=\"col-md-6     text-default small-screen-default\"  ><div class=\"col-text-1 text-normal  element-top-20 element-bottom-20\" data-os-animation=\"none\" data-os-animation-delay=\"0s\">\r\n    <h3>En Gessteel ayudamos a talleres como el tuyo a optimizar la fabricaci\u00f3n y montaje mediante el software STRUMIS, que entre otras cosas:<\/h3>\n<\/div>\r\n<div class=\"col-text-1 text-normal  element-top-20 element-bottom-20\" data-os-animation=\"none\" data-os-animation-delay=\"0s\">\r\n    <ul>\n<li>\n<h4 style=\"text-align: left;\"><span class=\"a_GcMg font-feature-liga-off font-feature-clig-off font-feature-calt-off text-decoration-none text-strikethrough-none\">Facilita toda la <strong>informaci\u00f3n econ\u00f3mica<\/strong> de tus proyectos en tiempo real.<\/span><\/h4>\n<\/li>\n<li style=\"text-align: left;\">\n<h4><strong>Reduce la merma<\/strong> de material y optimiza las compras de acero<\/h4>\n<\/li>\n<li style=\"text-align: left;\">\n<h4><span class=\"a_GcMg font-feature-liga-off font-feature-clig-off font-feature-calt-off text-decoration-none text-strikethrough-none\">Centraliza todo en una sola plataforma <strong>conectando la oficina t\u00e9cnica, compras, el taller y el montaje.<\/strong><\/span><\/h4>\n<\/li>\n<li style=\"text-align: left;\">\n<h4><span class=\"a_GcMg font-feature-liga-off font-feature-clig-off font-feature-calt-off text-decoration-none text-strikethrough-none\"><strong>Planificaci\u00f3n y trazabilidad<\/strong> en tiempo real para cumplir todas sus entregas.<\/span><\/h4>\n<\/li>\n<\/ul>\n<\/div>\r\n<a href=\"#formulario\" class=\"btn btn-default btn-lg  text-normal btn-icon-left  element-left-0 element-right-0 element-top-20 element-bottom-20\" target=\"_self\"   data-os-animation=\"none\" data-os-animation-delay=\"0s\" style=\"background:#ff8130 !important\">\r\n\t        <i class=\"fa fa-address-book-o\" ><\/i>\r\n        Solicita una llamada gratis     <\/a><\/div><\/div><div class=\"row \"><div class=\"col-md-2     text-default small-screen-default\"  ><\/div><div class=\"col-md-8     text-default small-screen-default\"  ><div class=\"col-text-1 text-normal text-intermig gs-text-weight hidden-lg hidden-md hidden-sm hidden-xs element-top-20 element-bottom-20\" data-os-animation=\"none\" data-os-animation-delay=\"0s\">\r\n    <p style=\"text-align: center;\"><strong>STRUMIS reduce costes de producci\u00f3n, minimiza errores y aumenta la eficiencia<\/strong> de todos los procesos <strong>proporcionando una trazabilidad completa<\/strong> del proyecto en un entorno totalmente digital.<\/p>\n<\/div>\r\n<\/div><div class=\"col-md-2     text-default small-screen-default\"  ><\/div><\/div><\/div>        <\/div>\r\n    <\/div>\r\n<\/section>\r\n<section class=\"section  text-normal section-text-no-shadow section-inner-no-shadow section-normal section-opaque\"  >\r\n    \r\n    <div class=\"background-overlay grid-overlay-0 \" style=\"background-color: rgba(0,0,0,0);\"><\/div>\r\n\r\n    <div class=\"container container-vertical-default\">\r\n        <div class=\"row vertical-default\">\r\n            <div class=\"col-md-12     text-default small-screen-default\"  ><div class=\"row \"><div class=\"col-md-12     text-default small-screen-default\"  ><h2 class=\"text-center title1-contact gs-other-contact element-top-0 element-bottom-0 text-normal normal default\" data-os-animation=\"none\" data-os-animation-delay=\"0s\" >\r\n    QU\u00c9 DICEN ALGUNOS DE NUESTROS CLIENTES    \r\n<\/h2>\r\n<div class=\"col-text-1 text-normal  element-top-20 element-bottom-20\" data-os-animation=\"none\" data-os-animation-delay=\"0s\">\r\n    <h2 style=\"text-align: center;\">Ya hemos ayudado a cientos de talleres, STRUMIS cuenta con 45.000 usuarios en todo el mundo.<\/h2>\n<\/div>\r\n<\/div><\/div><div class=\"row \"><div class=\"col-md-4     text-default small-screen-default\"  >[vc_raw_html]JTNDZGl2JTIwc3R5bGUlM0QlMjJwYWRkaW5nJTNBNTYuMjUlMjUlMjAwJTIwMCUyMDAlM0Jwb3NpdGlvbiUzQXJlbGF0aXZlJTNCJTIyJTNFJTNDaWZyYW1lJTIwc3JjJTNEJTIyaHR0cHMlM0ElMkYlMkZwbGF5ZXIudmltZW8uY29tJTJGdmlkZW8lMkYxMTQxMTg4MDQ0JTNGYmFkZ2UlM0QwJTI2YW1wJTNCYXV0b3BhdXNlJTNEMCUyNmFtcCUzQnBsYXllcl9pZCUzRDAlMjZhbXAlM0JhcHBfaWQlM0Q1ODQ3OSUyMiUyMGZyYW1lYm9yZGVyJTNEJTIyMCUyMiUyMGFsbG93JTNEJTIyYXV0b3BsYXklM0IlMjBmdWxsc2NyZWVuJTNCJTIwcGljdHVyZS1pbi1waWN0dXJlJTNCJTIwY2xpcGJvYXJkLXdyaXRlJTNCJTIwZW5jcnlwdGVkLW1lZGlhJTNCJTIwd2ViLXNoYXJlJTIyJTIwcmVmZXJyZXJwb2xpY3klM0QlMjJzdHJpY3Qtb3JpZ2luLXdoZW4tY3Jvc3Mtb3JpZ2luJTIyJTIwc3R5bGUlM0QlMjJwb3NpdGlvbiUzQWFic29sdXRlJTNCdG9wJTNBMCUzQmxlZnQlM0EwJTNCd2lkdGglM0ExMDAlMjUlM0JoZWlnaHQlM0ExMDAlMjUlM0IlMjIlMjB0aXRsZSUzRCUyMkNPTkFDRVJPJTIwXyUyMENBU08lMjBERSUyMCVDMyU4OVhJVE8lMjBFTiUyMExBJTIwSU1QTEVNRU5UQUNJJUMzJTkzTiUyMERFJTIwU1RSVU1JUyUyMiUzRSUzQyUyRmlmcmFtZSUzRSUzQyUyRmRpdiUzRSUzQ3NjcmlwdCUyMHNyYyUzRCUyMmh0dHBzJTNBJTJGJTJGcGxheWVyLnZpbWVvLmNvbSUyRmFwaSUyRnBsYXllci5qcyUyMiUzRSUzQyUyRnNjcmlwdCUzRQ==[\/vc_raw_html]<div class=\"col-text-1 text-normal  element-top-20 element-bottom-20\" data-os-animation=\"none\" data-os-animation-delay=\"0s\">\r\n    <h4 style=\"text-align: center;\"><em>\u00abControl y seguimiento en cada pieza fabricada por diferentes procesos de producci\u00f3n, utilizando c\u00f3digos de barras.\u00bb<\/em><\/h4>\n<h4 style=\"text-align: center;\"><strong>Alex Miranda &#8211;<\/strong>\u00a0Gerente de Desarrollo y Producci\u00f3n.<\/h4>\n<\/div>\r\n<\/div><div class=\"col-md-4     text-default small-screen-default\"  >[vc_raw_html]JTNDZGl2JTIwc3R5bGUlM0QlMjJwYWRkaW5nJTNBNTYuMjUlMjUlMjAwJTIwMCUyMDAlM0Jwb3NpdGlvbiUzQXJlbGF0aXZlJTNCJTIyJTNFJTNDaWZyYW1lJTIwc3JjJTNEJTIyaHR0cHMlM0ElMkYlMkZwbGF5ZXIudmltZW8uY29tJTJGdmlkZW8lMkYxMTQxMTk4MjkyJTNGYmFkZ2UlM0QwJTI2YW1wJTNCYXV0b3BhdXNlJTNEMCUyNmFtcCUzQnBsYXllcl9pZCUzRDAlMjZhbXAlM0JhcHBfaWQlM0Q1ODQ3OSUyMiUyMGZyYW1lYm9yZGVyJTNEJTIyMCUyMiUyMGFsbG93JTNEJTIyYXV0b3BsYXklM0IlMjBmdWxsc2NyZWVuJTNCJTIwcGljdHVyZS1pbi1waWN0dXJlJTNCJTIwY2xpcGJvYXJkLXdyaXRlJTNCJTIwZW5jcnlwdGVkLW1lZGlhJTNCJTIwd2ViLXNoYXJlJTIyJTIwcmVmZXJyZXJwb2xpY3klM0QlMjJzdHJpY3Qtb3JpZ2luLXdoZW4tY3Jvc3Mtb3JpZ2luJTIyJTIwc3R5bGUlM0QlMjJwb3NpdGlvbiUzQWFic29sdXRlJTNCdG9wJTNBMCUzQmxlZnQlM0EwJTNCd2lkdGglM0ExMDAlMjUlM0JoZWlnaHQlM0ExMDAlMjUlM0IlMjIlMjB0aXRsZSUzRCUyMk1FVEFMSVRFQyUyMENBU08lMjBERSUyMEVYSVRPJTIyJTNFJTNDJTJGaWZyYW1lJTNFJTNDJTJGZGl2JTNFJTNDc2NyaXB0JTIwc3JjJTNEJTIyaHR0cHMlM0ElMkYlMkZwbGF5ZXIudmltZW8uY29tJTJGYXBpJTJGcGxheWVyLmpzJTIyJTNFJTNDJTJGc2NyaXB0JTNF[\/vc_raw_html]<div class=\"col-text-1 text-normal  element-top-20 element-bottom-20\" data-os-animation=\"none\" data-os-animation-delay=\"0s\">\r\n    <h4 style=\"text-align: center;\"><em>\u00abControl, aprovechamiento de materia prima. Nos permite llevar al modelo el estatus real de cada proceso.\u00bb<\/em><\/h4>\n<h4 style=\"text-align: center;\"><strong>Pedro Garc\u00eda &#8211;<\/strong>\u00a0Director General<\/h4>\n<\/div>\r\n<\/div><div class=\"col-md-4     text-default small-screen-default\"  >[vc_raw_html]JTNDZGl2JTIwc3R5bGUlM0QlMjJwYWRkaW5nJTNBNTYuMjUlMjUlMjAwJTIwMCUyMDAlM0Jwb3NpdGlvbiUzQXJlbGF0aXZlJTNCJTIyJTNFJTNDaWZyYW1lJTIwc3JjJTNEJTIyaHR0cHMlM0ElMkYlMkZwbGF5ZXIudmltZW8uY29tJTJGdmlkZW8lMkYxMTQxMjAwNjI5JTNGYmFkZ2UlM0QwJTI2YW1wJTNCYXV0b3BhdXNlJTNEMCUyNmFtcCUzQnBsYXllcl9pZCUzRDAlMjZhbXAlM0JhcHBfaWQlM0Q1ODQ3OSUyMiUyMGZyYW1lYm9yZGVyJTNEJTIyMCUyMiUyMGFsbG93JTNEJTIyYXV0b3BsYXklM0IlMjBmdWxsc2NyZWVuJTNCJTIwcGljdHVyZS1pbi1waWN0dXJlJTNCJTIwY2xpcGJvYXJkLXdyaXRlJTNCJTIwZW5jcnlwdGVkLW1lZGlhJTNCJTIwd2ViLXNoYXJlJTIyJTIwcmVmZXJyZXJwb2xpY3klM0QlMjJzdHJpY3Qtb3JpZ2luLXdoZW4tY3Jvc3Mtb3JpZ2luJTIyJTIwc3R5bGUlM0QlMjJwb3NpdGlvbiUzQWFic29sdXRlJTNCdG9wJTNBMCUzQmxlZnQlM0EwJTNCd2lkdGglM0ExMDAlMjUlM0JoZWlnaHQlM0ExMDAlMjUlM0IlMjIlMjB0aXRsZSUzRCUyMkFDRVJPUy1BUlFVSVRFQ1RPTklDT1MlMjIlM0UlM0MlMkZpZnJhbWUlM0UlM0MlMkZkaXYlM0UlM0NzY3JpcHQlMjBzcmMlM0QlMjJodHRwcyUzQSUyRiUyRnBsYXllci52aW1lby5jb20lMkZhcGklMkZwbGF5ZXIuanMlMjIlM0UlM0MlMkZzY3JpcHQlM0U=[\/vc_raw_html]<div class=\"col-text-1 text-normal  element-top-20 element-bottom-20\" data-os-animation=\"none\" data-os-animation-delay=\"0s\">\r\n    <h4 style=\"text-align: center;\"><em>\u00abUn amplio cat\u00e1logo de informes que se generan muy f\u00e1cilmente y que permiten llevar la trazabilidad y estad\u00edsticas de la operaci\u00f3n.\u00bb<\/em><\/h4>\n<h4 style=\"text-align: center;\"><strong>Andr\u00e9s Rivera N\u00e1jera<\/strong> &#8211; Ingeniero y Presidente<\/h4>\n<\/div>\r\n<\/div><\/div><\/div>        <\/div>\r\n    <\/div>\r\n<\/section>\r\n<section class=\"section  text-normal section-text-no-shadow section-inner-no-shadow section-normal section-opaque\"  id=\"mas-info\" >\r\n    \r\n    <div class=\"background-overlay grid-overlay-0 \" style=\"background-color: rgba(222,222,222,0);\"><\/div>\r\n\r\n    <div class=\"container container-vertical-default\">\r\n        <div class=\"row vertical-default\">\r\n            <div class=\"col-md-12     text-center small-screen-center\"  ><div class=\"col-text-1 text-normal  element-top-20 element-bottom-20\" data-os-animation=\"none\" data-os-animation-delay=\"0s\">\r\n    <h1 style=\"text-align: center;\"><span style=\"color: #ff6600;\"><strong>Solicita m\u00e1s informaci\u00f3n<\/strong><\/span><\/h1>\n<\/div>\r\n<div class=\"col-text-1 text-normal  element-top-20 element-bottom-20\" data-os-animation=\"none\" data-os-animation-delay=\"0s\">\r\n    <h3 style=\"text-align: center;\"><span class=\"a_GcMg font-feature-liga-off font-feature-clig-off font-feature-calt-off text-decoration-none text-strikethrough-none\">Rellena este formulario y uno de nuestros consultores se pondr\u00e1 en contacto contigo.<\/span><\/h3>\n<\/div>\r\n[vc_raw_html]JTNDYSUyMGlkJTNEJTIyZm9ybXVsYXJpbyUyMiUzRSUzQyUyRmElM0U=[\/vc_raw_html][vc_raw_html]JTNDaWZyYW1lJTIwYXJpYS1sYWJlbCUzRCUyN1JlbGxlbmElMjBlc3RlJTIwZm9ybXVsYXJpbyUyMHklMjB1bm8lMjBkZSUyMG51ZXN0cm9zJTIwY29uc3VsdG9yZXMlMjBzZSUyMHBvbmRyJUMzJUExJTIwZW4lMjBjb250YWN0byUyMGNvbnRpZ28lMjBwYXJhJTIwZXNjdWNoYXJ0ZSUyMHklMjB2ZXIlMjBjJUMzJUIzbW8lMjB0ZSUyMHBvZGVtb3MlMjBheXVkYXIuJTI3JTIwZnJhbWVib3JkZXIlM0QlMjIwJTIyJTIwc3R5bGUlM0QlMjJoZWlnaHQlM0ExMTAwcHglM0J3aWR0aCUzQTk5JTI1JTNCYm9yZGVyJTNBbm9uZSUzQiUyMiUyMHNyYyUzRCUyN2h0dHBzJTNBJTJGJTJGZm9ybXMuem9ob3B1YmxpYy5ldSUyRmdlc3N0ZWVsJTJGZm9ybSUyRkRlc2VhY29ub2Nlcm1zZGVTVFJVTUlTQ29weSUyRmZvcm1wZXJtYSUyRmt0SEVzYmYtUE9kTnJGekEzc3ZIeEJucTJQZkZBdXRKVUtFeG1RS1lkcjQlMjclM0UlM0MlMkZpZnJhbWUlM0U=[\/vc_raw_html]<\/div>        <\/div>\r\n    <\/div>\r\n<\/section>\n","protected":false},"excerpt":{"rendered":"Optimiza tu fabricaci\u00f3n El\u00a0software\u00a0STRUMIS\u00a0conecta\u00a0todo tu taller para reducir errores,\u00a0ahorrar\u00a0tiempo\u00a0y\u00a0trabajar con\u00a0total visibilidad.\u00a0 Si eres propietario\u00a0o\u00a0gerente\u00a0general, quiz\u00e1 te suene alguna de estas situaciones: \"No s\u00e9 si un proyecto es rentable hasta que termina\" \"Tengo demasiado desperdicio de material (Merma).\" \"La oficina t\u00e9cnica y taller no trabajan bien sincronizados\" \"No puedo asegurar fechas de entrega con confianza\" Estas","protected":false},"author":5,"featured_media":1911,"parent":0,"menu_order":1,"comment_status":"closed","ping_status":"closed","template":"","meta":{"_acf_changed":false,"_joinchat":[],"footnotes":""},"class_list":["post-7230","page","type-page","status-publish","has-post-thumbnail","hentry"],"acf":[],"aioseo_notices":[],"_links":{"self":[{"href":"https:\/\/www.gessteel.com\/es\/wp-json\/wp\/v2\/pages\/7230","targetHints":{"allow":["GET"]}}],"collection":[{"href":"https:\/\/www.gessteel.com\/es\/wp-json\/wp\/v2\/pages"}],"about":[{"href":"https:\/\/www.gessteel.com\/es\/wp-json\/wp\/v2\/types\/page"}],"author":[{"embeddable":true,"href":"https:\/\/www.gessteel.com\/es\/wp-json\/wp\/v2\/users\/5"}],"replies":[{"embeddable":true,"href":"https:\/\/www.gessteel.com\/es\/wp-json\/wp\/v2\/comments?post=7230"}],"version-history":[{"count":63,"href":"https:\/\/www.gessteel.com\/es\/wp-json\/wp\/v2\/pages\/7230\/revisions"}],"predecessor-version":[{"id":7302,"href":"https:\/\/www.gessteel.com\/es\/wp-json\/wp\/v2\/pages\/7230\/revisions\/7302"}],"wp:featuredmedia":[{"embeddable":true,"href":"https:\/\/www.gessteel.com\/es\/wp-json\/wp\/v2\/media\/1911"}],"wp:attachment":[{"href":"https:\/\/www.gessteel.com\/es\/wp-json\/wp\/v2\/media?parent=7230"}],"curies":[{"name":"wp","href":"https:\/\/api.w.org\/{rel}","templated":true}]}}